












{"id":9851,"date":"2020-10-08T19:59:12","date_gmt":"2020-10-08T18:59:12","guid":{"rendered":"https:\/\/www.mymonacelliitaly.com\/product\/ampola-fortalecedora\/"},"modified":"2021-05-21T11:23:48","modified_gmt":"2021-05-21T10:23:48","slug":"ampola-fortalecedora","status":"publish","type":"product","link":"https:\/\/www.mymonacelliitaly.com\/pt-br\/produto\/ampola-fortalecedora\/","title":{"rendered":"AMPOLA FORTALECEDORA"},"content":{"rendered":"<p>Aplique o produto no couro cabeludo e distribua uniformemente massageando.<br \/>\nN\u00e3o enxag\u00fae.<br \/>\nUse no m\u00ednimo duas ampolas por semana por pelo menos 10 semanas.<br \/>\nEm caso de colora\u00e7\u00e3o ou descolora\u00e7\u00e3o, aplique com um intervalo de pelo menos 24\/48 horas.<\/p>\n","protected":false},"excerpt":{"rendered":"<p>PARA COMBATER A QUEDA DE CABELO<\/p>\n<p>Lo\u00e7\u00e3o hidroalco\u00f3lica multiativa. Restaura a funcionalidade correta do bulbo piloso, previne e combate<br \/>\na queda. Previne a miniaturiza\u00e7\u00e3o e favorece o crescimento dos cabelos.<\/p>\n<p>&nbsp;<\/p>\n<p><strong>Capacidade:<\/strong> <em>5 ml x 10 p\u00e7<\/em><\/p>\n<p>&nbsp;<\/p>\n<p>&nbsp;<\/p>\n","protected":false},"featured_media":4474,"comment_status":"open","ping_status":"closed","template":"","meta":[],"product_brand":[],"product_cat":[356,297,292,298],"product_tag":[],"class_list":{"0":"post-9851","1":"product","2":"type-product","3":"status-publish","4":"has-post-thumbnail","6":"product_cat-antiqueda","7":"product_cat-inphinity","8":"product_cat-locoes-para-cabelos","9":"product_cat-mat-technology","11":"first","12":"instock","13":"shipping-taxable","14":"purchasable","15":"product-type-simple"},"yoast_head":"<!-- This site is optimized with the Yoast SEO plugin v25.0 - https:\/\/yoast.com\/wordpress\/plugins\/seo\/ -->\n<title>AMPOLA FORTALECEDORA | My Monacelli Italy<\/title>\n<meta name=\"description\" content=\"PARA COMBATER A QUEDA DE CABELO  Lo\u00e7\u00e3o hidroalco\u00f3lica multiativa. Restaura a funcionalidade correta do bulbo piloso, previne e combate a queda. Previne a miniaturiza\u00e7\u00e3o e favorece o crescimento dos cabelos.  &nbsp;  Capacidade: 5 ml x 10 p\u00e7  &nbsp;  &nbsp;\" \/>\n<meta name=\"robots\" content=\"index, follow, max-snippet:-1, max-image-preview:large, max-video-preview:-1\" \/>\n<link rel=\"canonical\" href=\"https:\/\/www.mymonacelliitaly.com\/pt-br\/produto\/ampola-fortalecedora\/\" \/>\n<meta property=\"og:locale\" content=\"en_US\" \/>\n<meta property=\"og:type\" content=\"article\" \/>\n<meta property=\"og:title\" content=\"AMPOLA FORTALECEDORA | My Monacelli Italy\" \/>\n<meta property=\"og:description\" content=\"PARA COMBATER A QUEDA DE CABELO  Lo\u00e7\u00e3o hidroalco\u00f3lica multiativa. Restaura a funcionalidade correta do bulbo piloso, previne e combate a queda. Previne a miniaturiza\u00e7\u00e3o e favorece o crescimento dos cabelos.  &nbsp;  Capacidade: 5 ml x 10 p\u00e7  &nbsp;  &nbsp;\" \/>\n<meta property=\"og:url\" content=\"https:\/\/www.mymonacelliitaly.com\/pt-br\/produto\/ampola-fortalecedora\/\" \/>\n<meta property=\"og:site_name\" content=\"My Monacelli Italy\" \/>\n<meta property=\"article:publisher\" content=\"https:\/\/www.facebook.com\/monacelliitaly\" \/>\n<meta property=\"article:modified_time\" content=\"2021-05-21T10:23:48+00:00\" \/>\n<meta property=\"og:image\" content=\"https:\/\/www.mymonacelliitaly.com\/wp-content\/uploads\/2020\/10\/essenza-Rinfo-OK.jpg\" \/>\n\t<meta property=\"og:image:width\" content=\"600\" \/>\n\t<meta property=\"og:image:height\" content=\"803\" \/>\n\t<meta property=\"og:image:type\" content=\"image\/jpeg\" \/>\n<meta name=\"twitter:card\" content=\"summary_large_image\" \/>\n<script type=\"application\/ld+json\" class=\"yoast-schema-graph\">{\"@context\":\"https:\/\/schema.org\",\"@graph\":[{\"@type\":\"WebPage\",\"@id\":\"https:\/\/www.mymonacelliitaly.com\/pt-br\/produto\/ampola-fortalecedora\/\",\"url\":\"https:\/\/www.mymonacelliitaly.com\/pt-br\/produto\/ampola-fortalecedora\/\",\"name\":\"AMPOLA FORTALECEDORA | My Monacelli Italy\",\"isPartOf\":{\"@id\":\"https:\/\/www.mymonacelliitaly.com\/pt-br\/#website\"},\"primaryImageOfPage\":{\"@id\":\"https:\/\/www.mymonacelliitaly.com\/pt-br\/produto\/ampola-fortalecedora\/#primaryimage\"},\"image\":{\"@id\":\"https:\/\/www.mymonacelliitaly.com\/pt-br\/produto\/ampola-fortalecedora\/#primaryimage\"},\"thumbnailUrl\":\"https:\/\/www.mymonacelliitaly.com\/wp-content\/uploads\/2020\/10\/essenza-Rinfo-OK.jpg\",\"datePublished\":\"2020-10-08T18:59:12+00:00\",\"dateModified\":\"2021-05-21T10:23:48+00:00\",\"description\":\"PARA COMBATER A QUEDA DE CABELO Lo\u00e7\u00e3o hidroalco\u00f3lica multiativa. Restaura a funcionalidade correta do bulbo piloso, previne e combate a queda. Previne a miniaturiza\u00e7\u00e3o e favorece o crescimento dos cabelos. &nbsp; Capacidade: 5 ml x 10 p\u00e7 &nbsp; &nbsp;\",\"breadcrumb\":{\"@id\":\"https:\/\/www.mymonacelliitaly.com\/pt-br\/produto\/ampola-fortalecedora\/#breadcrumb\"},\"inLanguage\":\"BR\",\"potentialAction\":[{\"@type\":\"ReadAction\",\"target\":[\"https:\/\/www.mymonacelliitaly.com\/pt-br\/produto\/ampola-fortalecedora\/\"]}]},{\"@type\":\"ImageObject\",\"inLanguage\":\"BR\",\"@id\":\"https:\/\/www.mymonacelliitaly.com\/pt-br\/produto\/ampola-fortalecedora\/#primaryimage\",\"url\":\"https:\/\/www.mymonacelliitaly.com\/wp-content\/uploads\/2020\/10\/essenza-Rinfo-OK.jpg\",\"contentUrl\":\"https:\/\/www.mymonacelliitaly.com\/wp-content\/uploads\/2020\/10\/essenza-Rinfo-OK.jpg\",\"width\":600,\"height\":803},{\"@type\":\"BreadcrumbList\",\"@id\":\"https:\/\/www.mymonacelliitaly.com\/pt-br\/produto\/ampola-fortalecedora\/#breadcrumb\",\"itemListElement\":[{\"@type\":\"ListItem\",\"position\":1,\"name\":\"Home\",\"item\":\"https:\/\/www.mymonacelliitaly.com\/pt-br\/\"},{\"@type\":\"ListItem\",\"position\":2,\"name\":\"Shop\",\"item\":\"https:\/\/www.mymonacelliitaly.com\/negozio\/\"},{\"@type\":\"ListItem\",\"position\":3,\"name\":\"AMPOLA FORTALECEDORA\"}]},{\"@type\":\"WebSite\",\"@id\":\"https:\/\/www.mymonacelliitaly.com\/pt-br\/#website\",\"url\":\"https:\/\/www.mymonacelliitaly.com\/pt-br\/\",\"name\":\"My Monacelli Italy\",\"description\":\"L\u2019unica azienda cosmetica certificata come \u201cazienda di sviluppo\u201d.\",\"publisher\":{\"@id\":\"https:\/\/www.mymonacelliitaly.com\/pt-br\/#organization\"},\"potentialAction\":[{\"@type\":\"SearchAction\",\"target\":{\"@type\":\"EntryPoint\",\"urlTemplate\":\"https:\/\/www.mymonacelliitaly.com\/pt-br\/?s={search_term_string}\"},\"query-input\":{\"@type\":\"PropertyValueSpecification\",\"valueRequired\":true,\"valueName\":\"search_term_string\"}}],\"inLanguage\":\"BR\"},{\"@type\":\"Organization\",\"@id\":\"https:\/\/www.mymonacelliitaly.com\/pt-br\/#organization\",\"name\":\"Monacelli Italy\",\"url\":\"https:\/\/www.mymonacelliitaly.com\/pt-br\/\",\"logo\":{\"@type\":\"ImageObject\",\"inLanguage\":\"BR\",\"@id\":\"https:\/\/www.mymonacelliitaly.com\/pt-br\/#\/schema\/logo\/image\/\",\"url\":\"https:\/\/www.mymonacelliitaly.com\/wp-content\/uploads\/2020\/10\/logo-bn_FONDO-BIANCO.jpg\",\"contentUrl\":\"https:\/\/www.mymonacelliitaly.com\/wp-content\/uploads\/2020\/10\/logo-bn_FONDO-BIANCO.jpg\",\"width\":1074,\"height\":401,\"caption\":\"Monacelli Italy\"},\"image\":{\"@id\":\"https:\/\/www.mymonacelliitaly.com\/pt-br\/#\/schema\/logo\/image\/\"},\"sameAs\":[\"https:\/\/www.facebook.com\/monacelliitaly\"]}]}<\/script>\n<!-- \/ Yoast SEO plugin. -->","yoast_head_json":{"title":"AMPOLA FORTALECEDORA | My Monacelli Italy","description":"PARA COMBATER A QUEDA DE CABELO  Lo\u00e7\u00e3o hidroalco\u00f3lica multiativa. Restaura a funcionalidade correta do bulbo piloso, previne e combate a queda. Previne a miniaturiza\u00e7\u00e3o e favorece o crescimento dos cabelos.  &nbsp;  Capacidade: 5 ml x 10 p\u00e7  &nbsp;  &nbsp;","robots":{"index":"index","follow":"follow","max-snippet":"max-snippet:-1","max-image-preview":"max-image-preview:large","max-video-preview":"max-video-preview:-1"},"canonical":"https:\/\/www.mymonacelliitaly.com\/pt-br\/produto\/ampola-fortalecedora\/","og_locale":"en_US","og_type":"article","og_title":"AMPOLA FORTALECEDORA | My Monacelli Italy","og_description":"PARA COMBATER A QUEDA DE CABELO  Lo\u00e7\u00e3o hidroalco\u00f3lica multiativa. Restaura a funcionalidade correta do bulbo piloso, previne e combate a queda. Previne a miniaturiza\u00e7\u00e3o e favorece o crescimento dos cabelos.  &nbsp;  Capacidade: 5 ml x 10 p\u00e7  &nbsp;  &nbsp;","og_url":"https:\/\/www.mymonacelliitaly.com\/pt-br\/produto\/ampola-fortalecedora\/","og_site_name":"My Monacelli Italy","article_publisher":"https:\/\/www.facebook.com\/monacelliitaly","article_modified_time":"2021-05-21T10:23:48+00:00","og_image":[{"width":600,"height":803,"url":"https:\/\/www.mymonacelliitaly.com\/wp-content\/uploads\/2020\/10\/essenza-Rinfo-OK.jpg","type":"image\/jpeg"}],"twitter_card":"summary_large_image","schema":{"@context":"https:\/\/schema.org","@graph":[{"@type":"WebPage","@id":"https:\/\/www.mymonacelliitaly.com\/pt-br\/produto\/ampola-fortalecedora\/","url":"https:\/\/www.mymonacelliitaly.com\/pt-br\/produto\/ampola-fortalecedora\/","name":"AMPOLA FORTALECEDORA | My Monacelli Italy","isPartOf":{"@id":"https:\/\/www.mymonacelliitaly.com\/pt-br\/#website"},"primaryImageOfPage":{"@id":"https:\/\/www.mymonacelliitaly.com\/pt-br\/produto\/ampola-fortalecedora\/#primaryimage"},"image":{"@id":"https:\/\/www.mymonacelliitaly.com\/pt-br\/produto\/ampola-fortalecedora\/#primaryimage"},"thumbnailUrl":"https:\/\/www.mymonacelliitaly.com\/wp-content\/uploads\/2020\/10\/essenza-Rinfo-OK.jpg","datePublished":"2020-10-08T18:59:12+00:00","dateModified":"2021-05-21T10:23:48+00:00","description":"PARA COMBATER A QUEDA DE CABELO Lo\u00e7\u00e3o hidroalco\u00f3lica multiativa. Restaura a funcionalidade correta do bulbo piloso, previne e combate a queda. Previne a miniaturiza\u00e7\u00e3o e favorece o crescimento dos cabelos. &nbsp; Capacidade: 5 ml x 10 p\u00e7 &nbsp; &nbsp;","breadcrumb":{"@id":"https:\/\/www.mymonacelliitaly.com\/pt-br\/produto\/ampola-fortalecedora\/#breadcrumb"},"inLanguage":"BR","potentialAction":[{"@type":"ReadAction","target":["https:\/\/www.mymonacelliitaly.com\/pt-br\/produto\/ampola-fortalecedora\/"]}]},{"@type":"ImageObject","inLanguage":"BR","@id":"https:\/\/www.mymonacelliitaly.com\/pt-br\/produto\/ampola-fortalecedora\/#primaryimage","url":"https:\/\/www.mymonacelliitaly.com\/wp-content\/uploads\/2020\/10\/essenza-Rinfo-OK.jpg","contentUrl":"https:\/\/www.mymonacelliitaly.com\/wp-content\/uploads\/2020\/10\/essenza-Rinfo-OK.jpg","width":600,"height":803},{"@type":"BreadcrumbList","@id":"https:\/\/www.mymonacelliitaly.com\/pt-br\/produto\/ampola-fortalecedora\/#breadcrumb","itemListElement":[{"@type":"ListItem","position":1,"name":"Home","item":"https:\/\/www.mymonacelliitaly.com\/pt-br\/"},{"@type":"ListItem","position":2,"name":"Shop","item":"https:\/\/www.mymonacelliitaly.com\/negozio\/"},{"@type":"ListItem","position":3,"name":"AMPOLA FORTALECEDORA"}]},{"@type":"WebSite","@id":"https:\/\/www.mymonacelliitaly.com\/pt-br\/#website","url":"https:\/\/www.mymonacelliitaly.com\/pt-br\/","name":"My Monacelli Italy","description":"L\u2019unica azienda cosmetica certificata come \u201cazienda di sviluppo\u201d.","publisher":{"@id":"https:\/\/www.mymonacelliitaly.com\/pt-br\/#organization"},"potentialAction":[{"@type":"SearchAction","target":{"@type":"EntryPoint","urlTemplate":"https:\/\/www.mymonacelliitaly.com\/pt-br\/?s={search_term_string}"},"query-input":{"@type":"PropertyValueSpecification","valueRequired":true,"valueName":"search_term_string"}}],"inLanguage":"BR"},{"@type":"Organization","@id":"https:\/\/www.mymonacelliitaly.com\/pt-br\/#organization","name":"Monacelli Italy","url":"https:\/\/www.mymonacelliitaly.com\/pt-br\/","logo":{"@type":"ImageObject","inLanguage":"BR","@id":"https:\/\/www.mymonacelliitaly.com\/pt-br\/#\/schema\/logo\/image\/","url":"https:\/\/www.mymonacelliitaly.com\/wp-content\/uploads\/2020\/10\/logo-bn_FONDO-BIANCO.jpg","contentUrl":"https:\/\/www.mymonacelliitaly.com\/wp-content\/uploads\/2020\/10\/logo-bn_FONDO-BIANCO.jpg","width":1074,"height":401,"caption":"Monacelli Italy"},"image":{"@id":"https:\/\/www.mymonacelliitaly.com\/pt-br\/#\/schema\/logo\/image\/"},"sameAs":["https:\/\/www.facebook.com\/monacelliitaly"]}]}},"_links":{"self":[{"href":"https:\/\/www.mymonacelliitaly.com\/pt-br\/wp-json\/wp\/v2\/product\/9851","targetHints":{"allow":["GET"]}}],"collection":[{"href":"https:\/\/www.mymonacelliitaly.com\/pt-br\/wp-json\/wp\/v2\/product"}],"about":[{"href":"https:\/\/www.mymonacelliitaly.com\/pt-br\/wp-json\/wp\/v2\/types\/product"}],"replies":[{"embeddable":true,"href":"https:\/\/www.mymonacelliitaly.com\/pt-br\/wp-json\/wp\/v2\/comments?post=9851"}],"wp:featuredmedia":[{"embeddable":true,"href":"https:\/\/www.mymonacelliitaly.com\/pt-br\/wp-json\/wp\/v2\/media\/4474"}],"wp:attachment":[{"href":"https:\/\/www.mymonacelliitaly.com\/pt-br\/wp-json\/wp\/v2\/media?parent=9851"}],"wp:term":[{"taxonomy":"product_brand","embeddable":true,"href":"https:\/\/www.mymonacelliitaly.com\/pt-br\/wp-json\/wp\/v2\/product_brand?post=9851"},{"taxonomy":"product_cat","embeddable":true,"href":"https:\/\/www.mymonacelliitaly.com\/pt-br\/wp-json\/wp\/v2\/product_cat?post=9851"},{"taxonomy":"product_tag","embeddable":true,"href":"https:\/\/www.mymonacelliitaly.com\/pt-br\/wp-json\/wp\/v2\/product_tag?post=9851"}],"curies":[{"name":"wp","href":"https:\/\/api.w.org\/{rel}","templated":true}]}}