












{"id":9850,"date":"2020-10-08T20:06:19","date_gmt":"2020-10-08T19:06:19","guid":{"rendered":"https:\/\/www.mymonacelliitaly.com\/product\/kit-fortalecedor\/"},"modified":"2021-05-20T15:35:20","modified_gmt":"2021-05-20T14:35:20","slug":"kit-fortalecedor","status":"publish","type":"product","link":"https:\/\/www.mymonacelliitaly.com\/pt-br\/produto\/kit-fortalecedor\/","title":{"rendered":"KIT FORTALECEDOR"},"content":{"rendered":"<div class=\"epyt-video-wrapper\"><iframe  id=\"_ytid_17601\"  width=\"1100\" height=\"619\"  data-origwidth=\"1100\" data-origheight=\"619\"  data-relstop=\"1\" src=\"https:\/\/www.youtube.com\/embed\/q82RBzgG0rI?enablejsapi=1&autoplay=0&cc_load_policy=0&cc_lang_pref=&iv_load_policy=1&loop=0&modestbranding=1&rel=0&fs=1&playsinline=0&autohide=2&theme=dark&color=red&controls=1&\" class=\"__youtube_prefs__  no-lazyload\" title=\"YouTube player\"  allow=\"fullscreen; accelerometer; autoplay; clipboard-write; encrypted-media; gyroscope; picture-in-picture\" allowfullscreen data-no-lazy=\"1\" data-skipgform_ajax_framebjll=\"\"><\/iframe><\/div>\n<p>O kit cont\u00e9m:<br \/>\nCleansing Cream fortalecedor<br \/>\nShampoo fortalecedor<br \/>\nCalming fortalecedor<br \/>\nAmpola fortalecedora<\/p>\n","protected":false},"excerpt":{"rendered":"<p>PARA COMBATER A QUEDA DE CABELO<br \/>\nEstimula a microcircula\u00e7\u00e3o, aumenta a oxigena\u00e7\u00e3o, a nutri\u00e7\u00e3o do couro cabeludo, e reequilibra a secre\u00e7\u00e3o<br \/>\nseb\u00e1cea, deixa os cabelos fortes, saud\u00e1veis e robustos.<br \/>\nIdeal para prevenir e combater a queda de cabelos, deixa os cabelos fortes, saud\u00e1veis e robustos em s\u00f3 10 semanas.<br \/>\nCom o complexo de mol\u00e9culas bioativas NEW PROGREXIM, espec\u00edfico para reativar a funcionalidade do bulbo piloso.<\/p>\n","protected":false},"featured_media":4490,"comment_status":"open","ping_status":"closed","template":"","meta":[],"product_brand":[],"product_cat":[356,297,324],"product_tag":[],"class_list":{"0":"post-9850","1":"product","2":"type-product","3":"status-publish","4":"has-post-thumbnail","6":"product_cat-antiqueda","7":"product_cat-inphinity","8":"product_cat-kit-para-cabelos","10":"first","11":"instock","12":"shipping-taxable","13":"purchasable","14":"product-type-simple"},"yoast_head":"<!-- This site is optimized with the Yoast SEO plugin v25.0 - https:\/\/yoast.com\/wordpress\/plugins\/seo\/ -->\n<title>KIT FORTALECEDOR | My Monacelli Italy<\/title>\n<meta name=\"description\" content=\"PARA COMBATER A QUEDA DE CABELO Estimula a microcircula\u00e7\u00e3o, aumenta a oxigena\u00e7\u00e3o, a nutri\u00e7\u00e3o do couro cabeludo, e reequilibra a secre\u00e7\u00e3o seb\u00e1cea, deixa os cabelos fortes, saud\u00e1veis e robustos. Ideal para prevenir e combater a queda de cabelos, deixa os cabelos fortes, saud\u00e1veis e robustos em s\u00f3 10 semanas. Com o complexo de mol\u00e9culas bioativas NEW PROGREXIM, espec\u00edfico para reativar a funcionalidade do bulbo piloso.\" \/>\n<meta name=\"robots\" content=\"index, follow, max-snippet:-1, max-image-preview:large, max-video-preview:-1\" \/>\n<link rel=\"canonical\" href=\"https:\/\/www.mymonacelliitaly.com\/pt-br\/produto\/kit-fortalecedor\/\" \/>\n<meta property=\"og:locale\" content=\"en_US\" \/>\n<meta property=\"og:type\" content=\"article\" \/>\n<meta property=\"og:title\" content=\"KIT FORTALECEDOR | My Monacelli Italy\" \/>\n<meta property=\"og:description\" content=\"PARA COMBATER A QUEDA DE CABELO Estimula a microcircula\u00e7\u00e3o, aumenta a oxigena\u00e7\u00e3o, a nutri\u00e7\u00e3o do couro cabeludo, e reequilibra a secre\u00e7\u00e3o seb\u00e1cea, deixa os cabelos fortes, saud\u00e1veis e robustos. Ideal para prevenir e combater a queda de cabelos, deixa os cabelos fortes, saud\u00e1veis e robustos em s\u00f3 10 semanas. Com o complexo de mol\u00e9culas bioativas NEW PROGREXIM, espec\u00edfico para reativar a funcionalidade do bulbo piloso.\" \/>\n<meta property=\"og:url\" content=\"https:\/\/www.mymonacelliitaly.com\/pt-br\/produto\/kit-fortalecedor\/\" \/>\n<meta property=\"og:site_name\" content=\"My Monacelli Italy\" \/>\n<meta property=\"article:publisher\" content=\"https:\/\/www.facebook.com\/monacelliitaly\" \/>\n<meta property=\"article:modified_time\" content=\"2021-05-20T14:35:20+00:00\" \/>\n<meta property=\"og:image\" content=\"https:\/\/www.mymonacelliitaly.com\/wp-content\/uploads\/2020\/10\/kit-rinforzante.jpg\" \/>\n\t<meta property=\"og:image:width\" content=\"600\" \/>\n\t<meta property=\"og:image:height\" content=\"803\" \/>\n\t<meta property=\"og:image:type\" content=\"image\/jpeg\" \/>\n<meta name=\"twitter:card\" content=\"summary_large_image\" \/>\n<script type=\"application\/ld+json\" class=\"yoast-schema-graph\">{\"@context\":\"https:\/\/schema.org\",\"@graph\":[{\"@type\":\"WebPage\",\"@id\":\"https:\/\/www.mymonacelliitaly.com\/pt-br\/produto\/kit-fortalecedor\/\",\"url\":\"https:\/\/www.mymonacelliitaly.com\/pt-br\/produto\/kit-fortalecedor\/\",\"name\":\"KIT FORTALECEDOR | My Monacelli Italy\",\"isPartOf\":{\"@id\":\"https:\/\/www.mymonacelliitaly.com\/pt-br\/#website\"},\"primaryImageOfPage\":{\"@id\":\"https:\/\/www.mymonacelliitaly.com\/pt-br\/produto\/kit-fortalecedor\/#primaryimage\"},\"image\":{\"@id\":\"https:\/\/www.mymonacelliitaly.com\/pt-br\/produto\/kit-fortalecedor\/#primaryimage\"},\"thumbnailUrl\":\"https:\/\/www.mymonacelliitaly.com\/wp-content\/uploads\/2020\/10\/kit-rinforzante.jpg\",\"datePublished\":\"2020-10-08T19:06:19+00:00\",\"dateModified\":\"2021-05-20T14:35:20+00:00\",\"description\":\"PARA COMBATER A QUEDA DE CABELO Estimula a microcircula\u00e7\u00e3o, aumenta a oxigena\u00e7\u00e3o, a nutri\u00e7\u00e3o do couro cabeludo, e reequilibra a secre\u00e7\u00e3o seb\u00e1cea, deixa os cabelos fortes, saud\u00e1veis e robustos. Ideal para prevenir e combater a queda de cabelos, deixa os cabelos fortes, saud\u00e1veis e robustos em s\u00f3 10 semanas. Com o complexo de mol\u00e9culas bioativas NEW PROGREXIM, espec\u00edfico para reativar a funcionalidade do bulbo piloso.\",\"breadcrumb\":{\"@id\":\"https:\/\/www.mymonacelliitaly.com\/pt-br\/produto\/kit-fortalecedor\/#breadcrumb\"},\"inLanguage\":\"BR\",\"potentialAction\":[{\"@type\":\"ReadAction\",\"target\":[\"https:\/\/www.mymonacelliitaly.com\/pt-br\/produto\/kit-fortalecedor\/\"]}]},{\"@type\":\"ImageObject\",\"inLanguage\":\"BR\",\"@id\":\"https:\/\/www.mymonacelliitaly.com\/pt-br\/produto\/kit-fortalecedor\/#primaryimage\",\"url\":\"https:\/\/www.mymonacelliitaly.com\/wp-content\/uploads\/2020\/10\/kit-rinforzante.jpg\",\"contentUrl\":\"https:\/\/www.mymonacelliitaly.com\/wp-content\/uploads\/2020\/10\/kit-rinforzante.jpg\",\"width\":600,\"height\":803},{\"@type\":\"BreadcrumbList\",\"@id\":\"https:\/\/www.mymonacelliitaly.com\/pt-br\/produto\/kit-fortalecedor\/#breadcrumb\",\"itemListElement\":[{\"@type\":\"ListItem\",\"position\":1,\"name\":\"Home\",\"item\":\"https:\/\/www.mymonacelliitaly.com\/pt-br\/\"},{\"@type\":\"ListItem\",\"position\":2,\"name\":\"Shop\",\"item\":\"https:\/\/www.mymonacelliitaly.com\/negozio\/\"},{\"@type\":\"ListItem\",\"position\":3,\"name\":\"KIT FORTALECEDOR\"}]},{\"@type\":\"WebSite\",\"@id\":\"https:\/\/www.mymonacelliitaly.com\/pt-br\/#website\",\"url\":\"https:\/\/www.mymonacelliitaly.com\/pt-br\/\",\"name\":\"My Monacelli Italy\",\"description\":\"L\u2019unica azienda cosmetica certificata come \u201cazienda di sviluppo\u201d.\",\"publisher\":{\"@id\":\"https:\/\/www.mymonacelliitaly.com\/pt-br\/#organization\"},\"potentialAction\":[{\"@type\":\"SearchAction\",\"target\":{\"@type\":\"EntryPoint\",\"urlTemplate\":\"https:\/\/www.mymonacelliitaly.com\/pt-br\/?s={search_term_string}\"},\"query-input\":{\"@type\":\"PropertyValueSpecification\",\"valueRequired\":true,\"valueName\":\"search_term_string\"}}],\"inLanguage\":\"BR\"},{\"@type\":\"Organization\",\"@id\":\"https:\/\/www.mymonacelliitaly.com\/pt-br\/#organization\",\"name\":\"Monacelli Italy\",\"url\":\"https:\/\/www.mymonacelliitaly.com\/pt-br\/\",\"logo\":{\"@type\":\"ImageObject\",\"inLanguage\":\"BR\",\"@id\":\"https:\/\/www.mymonacelliitaly.com\/pt-br\/#\/schema\/logo\/image\/\",\"url\":\"https:\/\/www.mymonacelliitaly.com\/wp-content\/uploads\/2020\/10\/logo-bn_FONDO-BIANCO.jpg\",\"contentUrl\":\"https:\/\/www.mymonacelliitaly.com\/wp-content\/uploads\/2020\/10\/logo-bn_FONDO-BIANCO.jpg\",\"width\":1074,\"height\":401,\"caption\":\"Monacelli Italy\"},\"image\":{\"@id\":\"https:\/\/www.mymonacelliitaly.com\/pt-br\/#\/schema\/logo\/image\/\"},\"sameAs\":[\"https:\/\/www.facebook.com\/monacelliitaly\"]}]}<\/script>\n<!-- \/ Yoast SEO plugin. -->","yoast_head_json":{"title":"KIT FORTALECEDOR | My Monacelli Italy","description":"PARA COMBATER A QUEDA DE CABELO Estimula a microcircula\u00e7\u00e3o, aumenta a oxigena\u00e7\u00e3o, a nutri\u00e7\u00e3o do couro cabeludo, e reequilibra a secre\u00e7\u00e3o seb\u00e1cea, deixa os cabelos fortes, saud\u00e1veis e robustos. Ideal para prevenir e combater a queda de cabelos, deixa os cabelos fortes, saud\u00e1veis e robustos em s\u00f3 10 semanas. Com o complexo de mol\u00e9culas bioativas NEW PROGREXIM, espec\u00edfico para reativar a funcionalidade do bulbo piloso.","robots":{"index":"index","follow":"follow","max-snippet":"max-snippet:-1","max-image-preview":"max-image-preview:large","max-video-preview":"max-video-preview:-1"},"canonical":"https:\/\/www.mymonacelliitaly.com\/pt-br\/produto\/kit-fortalecedor\/","og_locale":"en_US","og_type":"article","og_title":"KIT FORTALECEDOR | My Monacelli Italy","og_description":"PARA COMBATER A QUEDA DE CABELO Estimula a microcircula\u00e7\u00e3o, aumenta a oxigena\u00e7\u00e3o, a nutri\u00e7\u00e3o do couro cabeludo, e reequilibra a secre\u00e7\u00e3o seb\u00e1cea, deixa os cabelos fortes, saud\u00e1veis e robustos. Ideal para prevenir e combater a queda de cabelos, deixa os cabelos fortes, saud\u00e1veis e robustos em s\u00f3 10 semanas. Com o complexo de mol\u00e9culas bioativas NEW PROGREXIM, espec\u00edfico para reativar a funcionalidade do bulbo piloso.","og_url":"https:\/\/www.mymonacelliitaly.com\/pt-br\/produto\/kit-fortalecedor\/","og_site_name":"My Monacelli Italy","article_publisher":"https:\/\/www.facebook.com\/monacelliitaly","article_modified_time":"2021-05-20T14:35:20+00:00","og_image":[{"width":600,"height":803,"url":"https:\/\/www.mymonacelliitaly.com\/wp-content\/uploads\/2020\/10\/kit-rinforzante.jpg","type":"image\/jpeg"}],"twitter_card":"summary_large_image","schema":{"@context":"https:\/\/schema.org","@graph":[{"@type":"WebPage","@id":"https:\/\/www.mymonacelliitaly.com\/pt-br\/produto\/kit-fortalecedor\/","url":"https:\/\/www.mymonacelliitaly.com\/pt-br\/produto\/kit-fortalecedor\/","name":"KIT FORTALECEDOR | My Monacelli Italy","isPartOf":{"@id":"https:\/\/www.mymonacelliitaly.com\/pt-br\/#website"},"primaryImageOfPage":{"@id":"https:\/\/www.mymonacelliitaly.com\/pt-br\/produto\/kit-fortalecedor\/#primaryimage"},"image":{"@id":"https:\/\/www.mymonacelliitaly.com\/pt-br\/produto\/kit-fortalecedor\/#primaryimage"},"thumbnailUrl":"https:\/\/www.mymonacelliitaly.com\/wp-content\/uploads\/2020\/10\/kit-rinforzante.jpg","datePublished":"2020-10-08T19:06:19+00:00","dateModified":"2021-05-20T14:35:20+00:00","description":"PARA COMBATER A QUEDA DE CABELO Estimula a microcircula\u00e7\u00e3o, aumenta a oxigena\u00e7\u00e3o, a nutri\u00e7\u00e3o do couro cabeludo, e reequilibra a secre\u00e7\u00e3o seb\u00e1cea, deixa os cabelos fortes, saud\u00e1veis e robustos. Ideal para prevenir e combater a queda de cabelos, deixa os cabelos fortes, saud\u00e1veis e robustos em s\u00f3 10 semanas. Com o complexo de mol\u00e9culas bioativas NEW PROGREXIM, espec\u00edfico para reativar a funcionalidade do bulbo piloso.","breadcrumb":{"@id":"https:\/\/www.mymonacelliitaly.com\/pt-br\/produto\/kit-fortalecedor\/#breadcrumb"},"inLanguage":"BR","potentialAction":[{"@type":"ReadAction","target":["https:\/\/www.mymonacelliitaly.com\/pt-br\/produto\/kit-fortalecedor\/"]}]},{"@type":"ImageObject","inLanguage":"BR","@id":"https:\/\/www.mymonacelliitaly.com\/pt-br\/produto\/kit-fortalecedor\/#primaryimage","url":"https:\/\/www.mymonacelliitaly.com\/wp-content\/uploads\/2020\/10\/kit-rinforzante.jpg","contentUrl":"https:\/\/www.mymonacelliitaly.com\/wp-content\/uploads\/2020\/10\/kit-rinforzante.jpg","width":600,"height":803},{"@type":"BreadcrumbList","@id":"https:\/\/www.mymonacelliitaly.com\/pt-br\/produto\/kit-fortalecedor\/#breadcrumb","itemListElement":[{"@type":"ListItem","position":1,"name":"Home","item":"https:\/\/www.mymonacelliitaly.com\/pt-br\/"},{"@type":"ListItem","position":2,"name":"Shop","item":"https:\/\/www.mymonacelliitaly.com\/negozio\/"},{"@type":"ListItem","position":3,"name":"KIT FORTALECEDOR"}]},{"@type":"WebSite","@id":"https:\/\/www.mymonacelliitaly.com\/pt-br\/#website","url":"https:\/\/www.mymonacelliitaly.com\/pt-br\/","name":"My Monacelli Italy","description":"L\u2019unica azienda cosmetica certificata come \u201cazienda di sviluppo\u201d.","publisher":{"@id":"https:\/\/www.mymonacelliitaly.com\/pt-br\/#organization"},"potentialAction":[{"@type":"SearchAction","target":{"@type":"EntryPoint","urlTemplate":"https:\/\/www.mymonacelliitaly.com\/pt-br\/?s={search_term_string}"},"query-input":{"@type":"PropertyValueSpecification","valueRequired":true,"valueName":"search_term_string"}}],"inLanguage":"BR"},{"@type":"Organization","@id":"https:\/\/www.mymonacelliitaly.com\/pt-br\/#organization","name":"Monacelli Italy","url":"https:\/\/www.mymonacelliitaly.com\/pt-br\/","logo":{"@type":"ImageObject","inLanguage":"BR","@id":"https:\/\/www.mymonacelliitaly.com\/pt-br\/#\/schema\/logo\/image\/","url":"https:\/\/www.mymonacelliitaly.com\/wp-content\/uploads\/2020\/10\/logo-bn_FONDO-BIANCO.jpg","contentUrl":"https:\/\/www.mymonacelliitaly.com\/wp-content\/uploads\/2020\/10\/logo-bn_FONDO-BIANCO.jpg","width":1074,"height":401,"caption":"Monacelli Italy"},"image":{"@id":"https:\/\/www.mymonacelliitaly.com\/pt-br\/#\/schema\/logo\/image\/"},"sameAs":["https:\/\/www.facebook.com\/monacelliitaly"]}]}},"_links":{"self":[{"href":"https:\/\/www.mymonacelliitaly.com\/pt-br\/wp-json\/wp\/v2\/product\/9850","targetHints":{"allow":["GET"]}}],"collection":[{"href":"https:\/\/www.mymonacelliitaly.com\/pt-br\/wp-json\/wp\/v2\/product"}],"about":[{"href":"https:\/\/www.mymonacelliitaly.com\/pt-br\/wp-json\/wp\/v2\/types\/product"}],"replies":[{"embeddable":true,"href":"https:\/\/www.mymonacelliitaly.com\/pt-br\/wp-json\/wp\/v2\/comments?post=9850"}],"wp:featuredmedia":[{"embeddable":true,"href":"https:\/\/www.mymonacelliitaly.com\/pt-br\/wp-json\/wp\/v2\/media\/4490"}],"wp:attachment":[{"href":"https:\/\/www.mymonacelliitaly.com\/pt-br\/wp-json\/wp\/v2\/media?parent=9850"}],"wp:term":[{"taxonomy":"product_brand","embeddable":true,"href":"https:\/\/www.mymonacelliitaly.com\/pt-br\/wp-json\/wp\/v2\/product_brand?post=9850"},{"taxonomy":"product_cat","embeddable":true,"href":"https:\/\/www.mymonacelliitaly.com\/pt-br\/wp-json\/wp\/v2\/product_cat?post=9850"},{"taxonomy":"product_tag","embeddable":true,"href":"https:\/\/www.mymonacelliitaly.com\/pt-br\/wp-json\/wp\/v2\/product_tag?post=9850"}],"curies":[{"name":"wp","href":"https:\/\/api.w.org\/{rel}","templated":true}]}}