












{"id":9843,"date":"2020-10-08T20:28:15","date_gmt":"2020-10-08T19:28:15","guid":{"rendered":"https:\/\/www.mymonacelliitaly.com\/product\/mascara-revitalizante\/"},"modified":"2021-05-21T12:09:44","modified_gmt":"2021-05-21T11:09:44","slug":"mascara-revitalizante","status":"publish","type":"product","link":"https:\/\/www.mymonacelliitaly.com\/pt-br\/produto\/mascara-revitalizante\/","title":{"rendered":"M\u00c1SCARA REVITALIZANTE"},"content":{"rendered":"<p>DEPOIS DA LAVAGEM COM SHAMPOO ESPEC\u00cdFICO<br \/>\nAplique nos cabelos enxugados com toalha, ap\u00f3s a deters\u00e3o, uma dose de produto nos comprimentos e pontas, distribua com o pente e enxag\u00fae.<br \/>\nDEPOIS DA LAVAGEM COM CLEANSING ESPEC\u00cdFICO<br \/>\nAplique nos cabelos secos, antes da emuls\u00e3o Cleansing Cream, uma dose de produto nos comprimentos e pontas, distribua com o pente e enxag\u00fae.<\/p>\n","protected":false},"excerpt":{"rendered":"<p>PARA CABELOS SECOS, COM FRIZZ E MUITO TRATADOS<br \/>\nCreme condicionador que nutre, disciplina e repara o comprimento do fio, reintegrando os lip\u00eddios necess\u00e1rios para preencher as porosidades superficiais do cabelo. Elimina o efeito crespo, aumenta a penteabilidade, a elasticidade e a maciez dos cabelos.<\/p>\n","protected":false},"featured_media":4538,"comment_status":"open","ping_status":"closed","template":"","meta":[],"product_brand":[],"product_cat":[307,315,308,311,313,288,294,297,304,298],"product_tag":[],"class_list":{"0":"post-9843","1":"product","2":"type-product","3":"status-publish","4":"has-post-thumbnail","6":"product_cat-cabelos-com-frizz","7":"product_cat-cabelos-com-quimica","8":"product_cat-cabelos-danificados","9":"product_cat-cabelos-oleosos","10":"product_cat-cabelos-secos","11":"product_cat-cabelos-tingidos","12":"product_cat-im-green","13":"product_cat-inphinity","14":"product_cat-mascara-para-cabelos","15":"product_cat-mat-technology","17":"first","18":"instock","19":"shipping-taxable","20":"purchasable","21":"product-type-variable"},"yoast_head":"<!-- This site is optimized with the Yoast SEO plugin v25.0 - https:\/\/yoast.com\/wordpress\/plugins\/seo\/ -->\n<title>M\u00c1SCARA REVITALIZANTE | My Monacelli Italy<\/title>\n<meta name=\"description\" content=\"PARA CABELOS SECOS, COM FRIZZ E MUITO TRATADOS Creme condicionador que nutre, disciplina e repara o comprimento do fio, reintegrando os lip\u00eddios necess\u00e1rios para preencher as porosidades superficiais do cabelo. Elimina o efeito crespo, aumenta a penteabilidade, a elasticidade e a maciez dos cabelos.\" \/>\n<meta name=\"robots\" content=\"index, follow, max-snippet:-1, max-image-preview:large, max-video-preview:-1\" \/>\n<link rel=\"canonical\" href=\"https:\/\/www.mymonacelliitaly.com\/pt-br\/produto\/mascara-revitalizante\/\" \/>\n<meta property=\"og:locale\" content=\"en_US\" \/>\n<meta property=\"og:type\" content=\"article\" \/>\n<meta property=\"og:title\" content=\"M\u00c1SCARA REVITALIZANTE | My Monacelli Italy\" \/>\n<meta property=\"og:description\" content=\"PARA CABELOS SECOS, COM FRIZZ E MUITO TRATADOS Creme condicionador que nutre, disciplina e repara o comprimento do fio, reintegrando os lip\u00eddios necess\u00e1rios para preencher as porosidades superficiais do cabelo. Elimina o efeito crespo, aumenta a penteabilidade, a elasticidade e a maciez dos cabelos.\" \/>\n<meta property=\"og:url\" content=\"https:\/\/www.mymonacelliitaly.com\/pt-br\/produto\/mascara-revitalizante\/\" \/>\n<meta property=\"og:site_name\" content=\"My Monacelli Italy\" \/>\n<meta property=\"article:publisher\" content=\"https:\/\/www.facebook.com\/monacelliitaly\" \/>\n<meta property=\"article:modified_time\" content=\"2021-05-21T11:09:44+00:00\" \/>\n<meta property=\"og:image\" content=\"https:\/\/www.mymonacelliitaly.com\/wp-content\/uploads\/2020\/10\/maschera-rivit.jpg\" \/>\n\t<meta property=\"og:image:width\" content=\"600\" \/>\n\t<meta property=\"og:image:height\" content=\"803\" \/>\n\t<meta property=\"og:image:type\" content=\"image\/jpeg\" \/>\n<meta name=\"twitter:card\" content=\"summary_large_image\" \/>\n<script type=\"application\/ld+json\" class=\"yoast-schema-graph\">{\"@context\":\"https:\/\/schema.org\",\"@graph\":[{\"@type\":\"WebPage\",\"@id\":\"https:\/\/www.mymonacelliitaly.com\/pt-br\/produto\/mascara-revitalizante\/\",\"url\":\"https:\/\/www.mymonacelliitaly.com\/pt-br\/produto\/mascara-revitalizante\/\",\"name\":\"M\u00c1SCARA REVITALIZANTE | My Monacelli Italy\",\"isPartOf\":{\"@id\":\"https:\/\/www.mymonacelliitaly.com\/pt-br\/#website\"},\"primaryImageOfPage\":{\"@id\":\"https:\/\/www.mymonacelliitaly.com\/pt-br\/produto\/mascara-revitalizante\/#primaryimage\"},\"image\":{\"@id\":\"https:\/\/www.mymonacelliitaly.com\/pt-br\/produto\/mascara-revitalizante\/#primaryimage\"},\"thumbnailUrl\":\"https:\/\/www.mymonacelliitaly.com\/wp-content\/uploads\/2020\/10\/maschera-rivit.jpg\",\"datePublished\":\"2020-10-08T19:28:15+00:00\",\"dateModified\":\"2021-05-21T11:09:44+00:00\",\"description\":\"PARA CABELOS SECOS, COM FRIZZ E MUITO TRATADOS Creme condicionador que nutre, disciplina e repara o comprimento do fio, reintegrando os lip\u00eddios necess\u00e1rios para preencher as porosidades superficiais do cabelo. Elimina o efeito crespo, aumenta a penteabilidade, a elasticidade e a maciez dos cabelos.\",\"breadcrumb\":{\"@id\":\"https:\/\/www.mymonacelliitaly.com\/pt-br\/produto\/mascara-revitalizante\/#breadcrumb\"},\"inLanguage\":\"BR\",\"potentialAction\":[{\"@type\":\"ReadAction\",\"target\":[\"https:\/\/www.mymonacelliitaly.com\/pt-br\/produto\/mascara-revitalizante\/\"]}]},{\"@type\":\"ImageObject\",\"inLanguage\":\"BR\",\"@id\":\"https:\/\/www.mymonacelliitaly.com\/pt-br\/produto\/mascara-revitalizante\/#primaryimage\",\"url\":\"https:\/\/www.mymonacelliitaly.com\/wp-content\/uploads\/2020\/10\/maschera-rivit.jpg\",\"contentUrl\":\"https:\/\/www.mymonacelliitaly.com\/wp-content\/uploads\/2020\/10\/maschera-rivit.jpg\",\"width\":600,\"height\":803},{\"@type\":\"BreadcrumbList\",\"@id\":\"https:\/\/www.mymonacelliitaly.com\/pt-br\/produto\/mascara-revitalizante\/#breadcrumb\",\"itemListElement\":[{\"@type\":\"ListItem\",\"position\":1,\"name\":\"Home\",\"item\":\"https:\/\/www.mymonacelliitaly.com\/pt-br\/\"},{\"@type\":\"ListItem\",\"position\":2,\"name\":\"Shop\",\"item\":\"https:\/\/www.mymonacelliitaly.com\/negozio\/\"},{\"@type\":\"ListItem\",\"position\":3,\"name\":\"M\u00c1SCARA REVITALIZANTE\"}]},{\"@type\":\"WebSite\",\"@id\":\"https:\/\/www.mymonacelliitaly.com\/pt-br\/#website\",\"url\":\"https:\/\/www.mymonacelliitaly.com\/pt-br\/\",\"name\":\"My Monacelli Italy\",\"description\":\"L\u2019unica azienda cosmetica certificata come \u201cazienda di sviluppo\u201d.\",\"publisher\":{\"@id\":\"https:\/\/www.mymonacelliitaly.com\/pt-br\/#organization\"},\"potentialAction\":[{\"@type\":\"SearchAction\",\"target\":{\"@type\":\"EntryPoint\",\"urlTemplate\":\"https:\/\/www.mymonacelliitaly.com\/pt-br\/?s={search_term_string}\"},\"query-input\":{\"@type\":\"PropertyValueSpecification\",\"valueRequired\":true,\"valueName\":\"search_term_string\"}}],\"inLanguage\":\"BR\"},{\"@type\":\"Organization\",\"@id\":\"https:\/\/www.mymonacelliitaly.com\/pt-br\/#organization\",\"name\":\"Monacelli Italy\",\"url\":\"https:\/\/www.mymonacelliitaly.com\/pt-br\/\",\"logo\":{\"@type\":\"ImageObject\",\"inLanguage\":\"BR\",\"@id\":\"https:\/\/www.mymonacelliitaly.com\/pt-br\/#\/schema\/logo\/image\/\",\"url\":\"https:\/\/www.mymonacelliitaly.com\/wp-content\/uploads\/2020\/10\/logo-bn_FONDO-BIANCO.jpg\",\"contentUrl\":\"https:\/\/www.mymonacelliitaly.com\/wp-content\/uploads\/2020\/10\/logo-bn_FONDO-BIANCO.jpg\",\"width\":1074,\"height\":401,\"caption\":\"Monacelli Italy\"},\"image\":{\"@id\":\"https:\/\/www.mymonacelliitaly.com\/pt-br\/#\/schema\/logo\/image\/\"},\"sameAs\":[\"https:\/\/www.facebook.com\/monacelliitaly\"]}]}<\/script>\n<!-- \/ Yoast SEO plugin. -->","yoast_head_json":{"title":"M\u00c1SCARA REVITALIZANTE | My Monacelli Italy","description":"PARA CABELOS SECOS, COM FRIZZ E MUITO TRATADOS Creme condicionador que nutre, disciplina e repara o comprimento do fio, reintegrando os lip\u00eddios necess\u00e1rios para preencher as porosidades superficiais do cabelo. Elimina o efeito crespo, aumenta a penteabilidade, a elasticidade e a maciez dos cabelos.","robots":{"index":"index","follow":"follow","max-snippet":"max-snippet:-1","max-image-preview":"max-image-preview:large","max-video-preview":"max-video-preview:-1"},"canonical":"https:\/\/www.mymonacelliitaly.com\/pt-br\/produto\/mascara-revitalizante\/","og_locale":"en_US","og_type":"article","og_title":"M\u00c1SCARA REVITALIZANTE | My Monacelli Italy","og_description":"PARA CABELOS SECOS, COM FRIZZ E MUITO TRATADOS Creme condicionador que nutre, disciplina e repara o comprimento do fio, reintegrando os lip\u00eddios necess\u00e1rios para preencher as porosidades superficiais do cabelo. Elimina o efeito crespo, aumenta a penteabilidade, a elasticidade e a maciez dos cabelos.","og_url":"https:\/\/www.mymonacelliitaly.com\/pt-br\/produto\/mascara-revitalizante\/","og_site_name":"My Monacelli Italy","article_publisher":"https:\/\/www.facebook.com\/monacelliitaly","article_modified_time":"2021-05-21T11:09:44+00:00","og_image":[{"width":600,"height":803,"url":"https:\/\/www.mymonacelliitaly.com\/wp-content\/uploads\/2020\/10\/maschera-rivit.jpg","type":"image\/jpeg"}],"twitter_card":"summary_large_image","schema":{"@context":"https:\/\/schema.org","@graph":[{"@type":"WebPage","@id":"https:\/\/www.mymonacelliitaly.com\/pt-br\/produto\/mascara-revitalizante\/","url":"https:\/\/www.mymonacelliitaly.com\/pt-br\/produto\/mascara-revitalizante\/","name":"M\u00c1SCARA REVITALIZANTE | My Monacelli Italy","isPartOf":{"@id":"https:\/\/www.mymonacelliitaly.com\/pt-br\/#website"},"primaryImageOfPage":{"@id":"https:\/\/www.mymonacelliitaly.com\/pt-br\/produto\/mascara-revitalizante\/#primaryimage"},"image":{"@id":"https:\/\/www.mymonacelliitaly.com\/pt-br\/produto\/mascara-revitalizante\/#primaryimage"},"thumbnailUrl":"https:\/\/www.mymonacelliitaly.com\/wp-content\/uploads\/2020\/10\/maschera-rivit.jpg","datePublished":"2020-10-08T19:28:15+00:00","dateModified":"2021-05-21T11:09:44+00:00","description":"PARA CABELOS SECOS, COM FRIZZ E MUITO TRATADOS Creme condicionador que nutre, disciplina e repara o comprimento do fio, reintegrando os lip\u00eddios necess\u00e1rios para preencher as porosidades superficiais do cabelo. Elimina o efeito crespo, aumenta a penteabilidade, a elasticidade e a maciez dos cabelos.","breadcrumb":{"@id":"https:\/\/www.mymonacelliitaly.com\/pt-br\/produto\/mascara-revitalizante\/#breadcrumb"},"inLanguage":"BR","potentialAction":[{"@type":"ReadAction","target":["https:\/\/www.mymonacelliitaly.com\/pt-br\/produto\/mascara-revitalizante\/"]}]},{"@type":"ImageObject","inLanguage":"BR","@id":"https:\/\/www.mymonacelliitaly.com\/pt-br\/produto\/mascara-revitalizante\/#primaryimage","url":"https:\/\/www.mymonacelliitaly.com\/wp-content\/uploads\/2020\/10\/maschera-rivit.jpg","contentUrl":"https:\/\/www.mymonacelliitaly.com\/wp-content\/uploads\/2020\/10\/maschera-rivit.jpg","width":600,"height":803},{"@type":"BreadcrumbList","@id":"https:\/\/www.mymonacelliitaly.com\/pt-br\/produto\/mascara-revitalizante\/#breadcrumb","itemListElement":[{"@type":"ListItem","position":1,"name":"Home","item":"https:\/\/www.mymonacelliitaly.com\/pt-br\/"},{"@type":"ListItem","position":2,"name":"Shop","item":"https:\/\/www.mymonacelliitaly.com\/negozio\/"},{"@type":"ListItem","position":3,"name":"M\u00c1SCARA REVITALIZANTE"}]},{"@type":"WebSite","@id":"https:\/\/www.mymonacelliitaly.com\/pt-br\/#website","url":"https:\/\/www.mymonacelliitaly.com\/pt-br\/","name":"My Monacelli Italy","description":"L\u2019unica azienda cosmetica certificata come \u201cazienda di sviluppo\u201d.","publisher":{"@id":"https:\/\/www.mymonacelliitaly.com\/pt-br\/#organization"},"potentialAction":[{"@type":"SearchAction","target":{"@type":"EntryPoint","urlTemplate":"https:\/\/www.mymonacelliitaly.com\/pt-br\/?s={search_term_string}"},"query-input":{"@type":"PropertyValueSpecification","valueRequired":true,"valueName":"search_term_string"}}],"inLanguage":"BR"},{"@type":"Organization","@id":"https:\/\/www.mymonacelliitaly.com\/pt-br\/#organization","name":"Monacelli Italy","url":"https:\/\/www.mymonacelliitaly.com\/pt-br\/","logo":{"@type":"ImageObject","inLanguage":"BR","@id":"https:\/\/www.mymonacelliitaly.com\/pt-br\/#\/schema\/logo\/image\/","url":"https:\/\/www.mymonacelliitaly.com\/wp-content\/uploads\/2020\/10\/logo-bn_FONDO-BIANCO.jpg","contentUrl":"https:\/\/www.mymonacelliitaly.com\/wp-content\/uploads\/2020\/10\/logo-bn_FONDO-BIANCO.jpg","width":1074,"height":401,"caption":"Monacelli Italy"},"image":{"@id":"https:\/\/www.mymonacelliitaly.com\/pt-br\/#\/schema\/logo\/image\/"},"sameAs":["https:\/\/www.facebook.com\/monacelliitaly"]}]}},"_links":{"self":[{"href":"https:\/\/www.mymonacelliitaly.com\/pt-br\/wp-json\/wp\/v2\/product\/9843","targetHints":{"allow":["GET"]}}],"collection":[{"href":"https:\/\/www.mymonacelliitaly.com\/pt-br\/wp-json\/wp\/v2\/product"}],"about":[{"href":"https:\/\/www.mymonacelliitaly.com\/pt-br\/wp-json\/wp\/v2\/types\/product"}],"replies":[{"embeddable":true,"href":"https:\/\/www.mymonacelliitaly.com\/pt-br\/wp-json\/wp\/v2\/comments?post=9843"}],"wp:featuredmedia":[{"embeddable":true,"href":"https:\/\/www.mymonacelliitaly.com\/pt-br\/wp-json\/wp\/v2\/media\/4538"}],"wp:attachment":[{"href":"https:\/\/www.mymonacelliitaly.com\/pt-br\/wp-json\/wp\/v2\/media?parent=9843"}],"wp:term":[{"taxonomy":"product_brand","embeddable":true,"href":"https:\/\/www.mymonacelliitaly.com\/pt-br\/wp-json\/wp\/v2\/product_brand?post=9843"},{"taxonomy":"product_cat","embeddable":true,"href":"https:\/\/www.mymonacelliitaly.com\/pt-br\/wp-json\/wp\/v2\/product_cat?post=9843"},{"taxonomy":"product_tag","embeddable":true,"href":"https:\/\/www.mymonacelliitaly.com\/pt-br\/wp-json\/wp\/v2\/product_tag?post=9843"}],"curies":[{"name":"wp","href":"https:\/\/api.w.org\/{rel}","templated":true}]}}