












{"id":9828,"date":"2020-10-09T08:33:48","date_gmt":"2020-10-09T07:33:48","guid":{"rendered":"https:\/\/www.mymonacelliitaly.com\/product\/tonico-cachos\/"},"modified":"2021-05-20T17:21:46","modified_gmt":"2021-05-20T16:21:46","slug":"tonico-cachos","status":"publish","type":"product","link":"https:\/\/www.mymonacelliitaly.com\/pt-br\/produto\/tonico-cachos\/","title":{"rendered":"T\u00d4NICO CACHOS"},"content":{"rendered":"","protected":false},"excerpt":{"rendered":"<p>EFEITO MEM\u00d3RIA<br \/>\nDevolve movimento aos cabelos cacheados, com efeito hidratante, sedoso e brilhante.<br \/>\nRealiza uma a\u00e7\u00e3o anti-odor e n\u00e3o pesa. Reanima os cacheados com um toque invis\u00edvel.<br \/>\nPara reativar qualquer tipo de estilo e real\u00e7ar o movimento do cacho durante o movimento<br \/>\nPer riattivare ogni tipo di styling ed enfatizzare il movimento del riccio durante l\u2019asciugatura.<\/p>\n","protected":false},"featured_media":4748,"comment_status":"open","ping_status":"closed","template":"","meta":[],"product_brand":[],"product_cat":[320,298,368,369],"product_tag":[400,405,403,404],"class_list":{"0":"post-9828","1":"product","2":"type-product","3":"status-publish","4":"has-post-thumbnail","6":"product_cat-cabelos-cacheados","7":"product_cat-mat-technology","8":"product_cat-styling-pt-br","9":"product_cat-styling-pt-br-2","10":"product_tag-cabelos-cacheados","11":"product_tag-efeito-brilhante","12":"product_tag-revitalizante","13":"product_tag-tonico-cabelos","15":"first","16":"instock","17":"shipping-taxable","18":"purchasable","19":"product-type-simple"},"yoast_head":"<!-- This site is optimized with the Yoast SEO plugin v25.0 - https:\/\/yoast.com\/wordpress\/plugins\/seo\/ -->\n<title>T\u00d4NICO CACHOS | My Monacelli Italy<\/title>\n<meta name=\"description\" content=\"EFEITO MEM\u00d3RIA Devolve movimento aos cabelos cacheados, com efeito hidratante, sedoso e brilhante. Realiza uma a\u00e7\u00e3o anti-odor e n\u00e3o pesa. Reanima os cacheados com um toque invis\u00edvel. Para reativar qualquer tipo de estilo e real\u00e7ar o movimento do cacho durante o movimento Per riattivare ogni tipo di styling ed enfatizzare il movimento del riccio durante l\u2019asciugatura.\" \/>\n<meta name=\"robots\" content=\"index, follow, max-snippet:-1, max-image-preview:large, max-video-preview:-1\" \/>\n<link rel=\"canonical\" href=\"https:\/\/www.mymonacelliitaly.com\/pt-br\/produto\/tonico-cachos\/\" \/>\n<meta property=\"og:locale\" content=\"en_US\" \/>\n<meta property=\"og:type\" content=\"article\" \/>\n<meta property=\"og:title\" content=\"T\u00d4NICO CACHOS | My Monacelli Italy\" \/>\n<meta property=\"og:description\" content=\"EFEITO MEM\u00d3RIA Devolve movimento aos cabelos cacheados, com efeito hidratante, sedoso e brilhante. Realiza uma a\u00e7\u00e3o anti-odor e n\u00e3o pesa. Reanima os cacheados com um toque invis\u00edvel. Para reativar qualquer tipo de estilo e real\u00e7ar o movimento do cacho durante o movimento Per riattivare ogni tipo di styling ed enfatizzare il movimento del riccio durante l\u2019asciugatura.\" \/>\n<meta property=\"og:url\" content=\"https:\/\/www.mymonacelliitaly.com\/pt-br\/produto\/tonico-cachos\/\" \/>\n<meta property=\"og:site_name\" content=\"My Monacelli Italy\" \/>\n<meta property=\"article:publisher\" content=\"https:\/\/www.facebook.com\/monacelliitaly\" \/>\n<meta property=\"article:modified_time\" content=\"2021-05-20T16:21:46+00:00\" \/>\n<meta property=\"og:image\" content=\"https:\/\/www.mymonacelliitaly.com\/wp-content\/uploads\/2020\/10\/tonico.jpg\" \/>\n\t<meta property=\"og:image:width\" content=\"600\" \/>\n\t<meta property=\"og:image:height\" content=\"803\" \/>\n\t<meta property=\"og:image:type\" content=\"image\/jpeg\" \/>\n<meta name=\"twitter:card\" content=\"summary_large_image\" \/>\n<script type=\"application\/ld+json\" class=\"yoast-schema-graph\">{\"@context\":\"https:\/\/schema.org\",\"@graph\":[{\"@type\":\"WebPage\",\"@id\":\"https:\/\/www.mymonacelliitaly.com\/pt-br\/produto\/tonico-cachos\/\",\"url\":\"https:\/\/www.mymonacelliitaly.com\/pt-br\/produto\/tonico-cachos\/\",\"name\":\"T\u00d4NICO CACHOS | My Monacelli Italy\",\"isPartOf\":{\"@id\":\"https:\/\/www.mymonacelliitaly.com\/pt-br\/#website\"},\"primaryImageOfPage\":{\"@id\":\"https:\/\/www.mymonacelliitaly.com\/pt-br\/produto\/tonico-cachos\/#primaryimage\"},\"image\":{\"@id\":\"https:\/\/www.mymonacelliitaly.com\/pt-br\/produto\/tonico-cachos\/#primaryimage\"},\"thumbnailUrl\":\"https:\/\/www.mymonacelliitaly.com\/wp-content\/uploads\/2020\/10\/tonico.jpg\",\"datePublished\":\"2020-10-09T07:33:48+00:00\",\"dateModified\":\"2021-05-20T16:21:46+00:00\",\"description\":\"EFEITO MEM\u00d3RIA Devolve movimento aos cabelos cacheados, com efeito hidratante, sedoso e brilhante. Realiza uma a\u00e7\u00e3o anti-odor e n\u00e3o pesa. Reanima os cacheados com um toque invis\u00edvel. Para reativar qualquer tipo de estilo e real\u00e7ar o movimento do cacho durante o movimento Per riattivare ogni tipo di styling ed enfatizzare il movimento del riccio durante l\u2019asciugatura.\",\"breadcrumb\":{\"@id\":\"https:\/\/www.mymonacelliitaly.com\/pt-br\/produto\/tonico-cachos\/#breadcrumb\"},\"inLanguage\":\"BR\",\"potentialAction\":[{\"@type\":\"ReadAction\",\"target\":[\"https:\/\/www.mymonacelliitaly.com\/pt-br\/produto\/tonico-cachos\/\"]}]},{\"@type\":\"ImageObject\",\"inLanguage\":\"BR\",\"@id\":\"https:\/\/www.mymonacelliitaly.com\/pt-br\/produto\/tonico-cachos\/#primaryimage\",\"url\":\"https:\/\/www.mymonacelliitaly.com\/wp-content\/uploads\/2020\/10\/tonico.jpg\",\"contentUrl\":\"https:\/\/www.mymonacelliitaly.com\/wp-content\/uploads\/2020\/10\/tonico.jpg\",\"width\":600,\"height\":803},{\"@type\":\"BreadcrumbList\",\"@id\":\"https:\/\/www.mymonacelliitaly.com\/pt-br\/produto\/tonico-cachos\/#breadcrumb\",\"itemListElement\":[{\"@type\":\"ListItem\",\"position\":1,\"name\":\"Home\",\"item\":\"https:\/\/www.mymonacelliitaly.com\/pt-br\/\"},{\"@type\":\"ListItem\",\"position\":2,\"name\":\"Shop\",\"item\":\"https:\/\/www.mymonacelliitaly.com\/negozio\/\"},{\"@type\":\"ListItem\",\"position\":3,\"name\":\"T\u00d4NICO CACHOS\"}]},{\"@type\":\"WebSite\",\"@id\":\"https:\/\/www.mymonacelliitaly.com\/pt-br\/#website\",\"url\":\"https:\/\/www.mymonacelliitaly.com\/pt-br\/\",\"name\":\"My Monacelli Italy\",\"description\":\"L\u2019unica azienda cosmetica certificata come \u201cazienda di sviluppo\u201d.\",\"publisher\":{\"@id\":\"https:\/\/www.mymonacelliitaly.com\/pt-br\/#organization\"},\"potentialAction\":[{\"@type\":\"SearchAction\",\"target\":{\"@type\":\"EntryPoint\",\"urlTemplate\":\"https:\/\/www.mymonacelliitaly.com\/pt-br\/?s={search_term_string}\"},\"query-input\":{\"@type\":\"PropertyValueSpecification\",\"valueRequired\":true,\"valueName\":\"search_term_string\"}}],\"inLanguage\":\"BR\"},{\"@type\":\"Organization\",\"@id\":\"https:\/\/www.mymonacelliitaly.com\/pt-br\/#organization\",\"name\":\"Monacelli Italy\",\"url\":\"https:\/\/www.mymonacelliitaly.com\/pt-br\/\",\"logo\":{\"@type\":\"ImageObject\",\"inLanguage\":\"BR\",\"@id\":\"https:\/\/www.mymonacelliitaly.com\/pt-br\/#\/schema\/logo\/image\/\",\"url\":\"https:\/\/www.mymonacelliitaly.com\/wp-content\/uploads\/2020\/10\/logo-bn_FONDO-BIANCO.jpg\",\"contentUrl\":\"https:\/\/www.mymonacelliitaly.com\/wp-content\/uploads\/2020\/10\/logo-bn_FONDO-BIANCO.jpg\",\"width\":1074,\"height\":401,\"caption\":\"Monacelli Italy\"},\"image\":{\"@id\":\"https:\/\/www.mymonacelliitaly.com\/pt-br\/#\/schema\/logo\/image\/\"},\"sameAs\":[\"https:\/\/www.facebook.com\/monacelliitaly\"]}]}<\/script>\n<!-- \/ Yoast SEO plugin. -->","yoast_head_json":{"title":"T\u00d4NICO CACHOS | My Monacelli Italy","description":"EFEITO MEM\u00d3RIA Devolve movimento aos cabelos cacheados, com efeito hidratante, sedoso e brilhante. Realiza uma a\u00e7\u00e3o anti-odor e n\u00e3o pesa. Reanima os cacheados com um toque invis\u00edvel. Para reativar qualquer tipo de estilo e real\u00e7ar o movimento do cacho durante o movimento Per riattivare ogni tipo di styling ed enfatizzare il movimento del riccio durante l\u2019asciugatura.","robots":{"index":"index","follow":"follow","max-snippet":"max-snippet:-1","max-image-preview":"max-image-preview:large","max-video-preview":"max-video-preview:-1"},"canonical":"https:\/\/www.mymonacelliitaly.com\/pt-br\/produto\/tonico-cachos\/","og_locale":"en_US","og_type":"article","og_title":"T\u00d4NICO CACHOS | My Monacelli Italy","og_description":"EFEITO MEM\u00d3RIA Devolve movimento aos cabelos cacheados, com efeito hidratante, sedoso e brilhante. Realiza uma a\u00e7\u00e3o anti-odor e n\u00e3o pesa. Reanima os cacheados com um toque invis\u00edvel. Para reativar qualquer tipo de estilo e real\u00e7ar o movimento do cacho durante o movimento Per riattivare ogni tipo di styling ed enfatizzare il movimento del riccio durante l\u2019asciugatura.","og_url":"https:\/\/www.mymonacelliitaly.com\/pt-br\/produto\/tonico-cachos\/","og_site_name":"My Monacelli Italy","article_publisher":"https:\/\/www.facebook.com\/monacelliitaly","article_modified_time":"2021-05-20T16:21:46+00:00","og_image":[{"width":600,"height":803,"url":"https:\/\/www.mymonacelliitaly.com\/wp-content\/uploads\/2020\/10\/tonico.jpg","type":"image\/jpeg"}],"twitter_card":"summary_large_image","schema":{"@context":"https:\/\/schema.org","@graph":[{"@type":"WebPage","@id":"https:\/\/www.mymonacelliitaly.com\/pt-br\/produto\/tonico-cachos\/","url":"https:\/\/www.mymonacelliitaly.com\/pt-br\/produto\/tonico-cachos\/","name":"T\u00d4NICO CACHOS | My Monacelli Italy","isPartOf":{"@id":"https:\/\/www.mymonacelliitaly.com\/pt-br\/#website"},"primaryImageOfPage":{"@id":"https:\/\/www.mymonacelliitaly.com\/pt-br\/produto\/tonico-cachos\/#primaryimage"},"image":{"@id":"https:\/\/www.mymonacelliitaly.com\/pt-br\/produto\/tonico-cachos\/#primaryimage"},"thumbnailUrl":"https:\/\/www.mymonacelliitaly.com\/wp-content\/uploads\/2020\/10\/tonico.jpg","datePublished":"2020-10-09T07:33:48+00:00","dateModified":"2021-05-20T16:21:46+00:00","description":"EFEITO MEM\u00d3RIA Devolve movimento aos cabelos cacheados, com efeito hidratante, sedoso e brilhante. Realiza uma a\u00e7\u00e3o anti-odor e n\u00e3o pesa. Reanima os cacheados com um toque invis\u00edvel. Para reativar qualquer tipo de estilo e real\u00e7ar o movimento do cacho durante o movimento Per riattivare ogni tipo di styling ed enfatizzare il movimento del riccio durante l\u2019asciugatura.","breadcrumb":{"@id":"https:\/\/www.mymonacelliitaly.com\/pt-br\/produto\/tonico-cachos\/#breadcrumb"},"inLanguage":"BR","potentialAction":[{"@type":"ReadAction","target":["https:\/\/www.mymonacelliitaly.com\/pt-br\/produto\/tonico-cachos\/"]}]},{"@type":"ImageObject","inLanguage":"BR","@id":"https:\/\/www.mymonacelliitaly.com\/pt-br\/produto\/tonico-cachos\/#primaryimage","url":"https:\/\/www.mymonacelliitaly.com\/wp-content\/uploads\/2020\/10\/tonico.jpg","contentUrl":"https:\/\/www.mymonacelliitaly.com\/wp-content\/uploads\/2020\/10\/tonico.jpg","width":600,"height":803},{"@type":"BreadcrumbList","@id":"https:\/\/www.mymonacelliitaly.com\/pt-br\/produto\/tonico-cachos\/#breadcrumb","itemListElement":[{"@type":"ListItem","position":1,"name":"Home","item":"https:\/\/www.mymonacelliitaly.com\/pt-br\/"},{"@type":"ListItem","position":2,"name":"Shop","item":"https:\/\/www.mymonacelliitaly.com\/negozio\/"},{"@type":"ListItem","position":3,"name":"T\u00d4NICO CACHOS"}]},{"@type":"WebSite","@id":"https:\/\/www.mymonacelliitaly.com\/pt-br\/#website","url":"https:\/\/www.mymonacelliitaly.com\/pt-br\/","name":"My Monacelli Italy","description":"L\u2019unica azienda cosmetica certificata come \u201cazienda di sviluppo\u201d.","publisher":{"@id":"https:\/\/www.mymonacelliitaly.com\/pt-br\/#organization"},"potentialAction":[{"@type":"SearchAction","target":{"@type":"EntryPoint","urlTemplate":"https:\/\/www.mymonacelliitaly.com\/pt-br\/?s={search_term_string}"},"query-input":{"@type":"PropertyValueSpecification","valueRequired":true,"valueName":"search_term_string"}}],"inLanguage":"BR"},{"@type":"Organization","@id":"https:\/\/www.mymonacelliitaly.com\/pt-br\/#organization","name":"Monacelli Italy","url":"https:\/\/www.mymonacelliitaly.com\/pt-br\/","logo":{"@type":"ImageObject","inLanguage":"BR","@id":"https:\/\/www.mymonacelliitaly.com\/pt-br\/#\/schema\/logo\/image\/","url":"https:\/\/www.mymonacelliitaly.com\/wp-content\/uploads\/2020\/10\/logo-bn_FONDO-BIANCO.jpg","contentUrl":"https:\/\/www.mymonacelliitaly.com\/wp-content\/uploads\/2020\/10\/logo-bn_FONDO-BIANCO.jpg","width":1074,"height":401,"caption":"Monacelli Italy"},"image":{"@id":"https:\/\/www.mymonacelliitaly.com\/pt-br\/#\/schema\/logo\/image\/"},"sameAs":["https:\/\/www.facebook.com\/monacelliitaly"]}]}},"_links":{"self":[{"href":"https:\/\/www.mymonacelliitaly.com\/pt-br\/wp-json\/wp\/v2\/product\/9828","targetHints":{"allow":["GET"]}}],"collection":[{"href":"https:\/\/www.mymonacelliitaly.com\/pt-br\/wp-json\/wp\/v2\/product"}],"about":[{"href":"https:\/\/www.mymonacelliitaly.com\/pt-br\/wp-json\/wp\/v2\/types\/product"}],"replies":[{"embeddable":true,"href":"https:\/\/www.mymonacelliitaly.com\/pt-br\/wp-json\/wp\/v2\/comments?post=9828"}],"wp:featuredmedia":[{"embeddable":true,"href":"https:\/\/www.mymonacelliitaly.com\/pt-br\/wp-json\/wp\/v2\/media\/4748"}],"wp:attachment":[{"href":"https:\/\/www.mymonacelliitaly.com\/pt-br\/wp-json\/wp\/v2\/media?parent=9828"}],"wp:term":[{"taxonomy":"product_brand","embeddable":true,"href":"https:\/\/www.mymonacelliitaly.com\/pt-br\/wp-json\/wp\/v2\/product_brand?post=9828"},{"taxonomy":"product_cat","embeddable":true,"href":"https:\/\/www.mymonacelliitaly.com\/pt-br\/wp-json\/wp\/v2\/product_cat?post=9828"},{"taxonomy":"product_tag","embeddable":true,"href":"https:\/\/www.mymonacelliitaly.com\/pt-br\/wp-json\/wp\/v2\/product_tag?post=9828"}],"curies":[{"name":"wp","href":"https:\/\/api.w.org\/{rel}","templated":true}]}}