












{"id":9821,"date":"2020-10-13T15:19:50","date_gmt":"2020-10-13T14:19:50","guid":{"rendered":"https:\/\/www.mymonacelliitaly.com\/product\/pasta-brilhosa-texture\/"},"modified":"2021-05-20T16:51:38","modified_gmt":"2021-05-20T15:51:38","slug":"pasta-brilhosa-texture","status":"publish","type":"product","link":"https:\/\/www.mymonacelliitaly.com\/pt-br\/produto\/pasta-brilhosa-texture\/","title":{"rendered":"PASTA BRILHOSA TEXTURE"},"content":{"rendered":"","protected":false},"excerpt":{"rendered":"<p>LIGHT GLOSS<br \/>\nFixa\u00e7\u00e3o flex\u00edvel e duradoura.<br \/>\nPasta brilhosa modeladora que proporciona uma textura flex\u00edvel e compacta. Protege contra os radicais livres.<br \/>\nFormas vers\u00e1teis com efeito brilhante com longa dura\u00e7\u00e3o.<br \/>\nPara uma defini\u00e7\u00e3o superior misture com Magic Texture.<\/p>\n","protected":false},"featured_media":4874,"comment_status":"open","ping_status":"closed","template":"","meta":[],"product_brand":[],"product_cat":[376,298,369,368],"product_tag":[367,386,387,385],"class_list":{"0":"post-9821","1":"product","2":"type-product","3":"status-publish","4":"has-post-thumbnail","6":"product_cat-fixar-e-modelar-os-cabelos","7":"product_cat-mat-technology","8":"product_cat-styling-pt-br-2","9":"product_cat-styling-pt-br","10":"product_tag-creme-cabelos","11":"product_tag-efeito-opaco","12":"product_tag-fixacao-duradoura","13":"product_tag-pasta-para-cabelos","15":"first","16":"instock","17":"shipping-taxable","18":"purchasable","19":"product-type-simple"},"yoast_head":"<!-- This site is optimized with the Yoast SEO plugin v25.0 - https:\/\/yoast.com\/wordpress\/plugins\/seo\/ -->\n<title>PASTA BRILHOSA TEXTURE | My Monacelli Italy<\/title>\n<meta name=\"description\" content=\"LIGHT GLOSS Fixa\u00e7\u00e3o flex\u00edvel e duradoura. Pasta brilhosa modeladora que proporciona uma textura flex\u00edvel e compacta. Protege contra os radicais livres. Formas vers\u00e1teis com efeito brilhante com longa dura\u00e7\u00e3o. Para uma defini\u00e7\u00e3o superior misture com Magic Texture.\" \/>\n<meta name=\"robots\" content=\"index, follow, max-snippet:-1, max-image-preview:large, max-video-preview:-1\" \/>\n<link rel=\"canonical\" href=\"https:\/\/www.mymonacelliitaly.com\/pt-br\/produto\/pasta-brilhosa-texture\/\" \/>\n<meta property=\"og:locale\" content=\"en_US\" \/>\n<meta property=\"og:type\" content=\"article\" \/>\n<meta property=\"og:title\" content=\"PASTA BRILHOSA TEXTURE | My Monacelli Italy\" \/>\n<meta property=\"og:description\" content=\"LIGHT GLOSS Fixa\u00e7\u00e3o flex\u00edvel e duradoura. Pasta brilhosa modeladora que proporciona uma textura flex\u00edvel e compacta. Protege contra os radicais livres. Formas vers\u00e1teis com efeito brilhante com longa dura\u00e7\u00e3o. Para uma defini\u00e7\u00e3o superior misture com Magic Texture.\" \/>\n<meta property=\"og:url\" content=\"https:\/\/www.mymonacelliitaly.com\/pt-br\/produto\/pasta-brilhosa-texture\/\" \/>\n<meta property=\"og:site_name\" content=\"My Monacelli Italy\" \/>\n<meta property=\"article:publisher\" content=\"https:\/\/www.facebook.com\/monacelliitaly\" \/>\n<meta property=\"article:modified_time\" content=\"2021-05-20T15:51:38+00:00\" \/>\n<meta property=\"og:image\" content=\"https:\/\/www.mymonacelliitaly.com\/wp-content\/uploads\/2020\/10\/Texture-Pasta-Lucida.jpg\" \/>\n\t<meta property=\"og:image:width\" content=\"600\" \/>\n\t<meta property=\"og:image:height\" content=\"803\" \/>\n\t<meta property=\"og:image:type\" content=\"image\/jpeg\" \/>\n<meta name=\"twitter:card\" content=\"summary_large_image\" \/>\n<script type=\"application\/ld+json\" class=\"yoast-schema-graph\">{\"@context\":\"https:\/\/schema.org\",\"@graph\":[{\"@type\":\"WebPage\",\"@id\":\"https:\/\/www.mymonacelliitaly.com\/pt-br\/produto\/pasta-brilhosa-texture\/\",\"url\":\"https:\/\/www.mymonacelliitaly.com\/pt-br\/produto\/pasta-brilhosa-texture\/\",\"name\":\"PASTA BRILHOSA TEXTURE | My Monacelli Italy\",\"isPartOf\":{\"@id\":\"https:\/\/www.mymonacelliitaly.com\/pt-br\/#website\"},\"primaryImageOfPage\":{\"@id\":\"https:\/\/www.mymonacelliitaly.com\/pt-br\/produto\/pasta-brilhosa-texture\/#primaryimage\"},\"image\":{\"@id\":\"https:\/\/www.mymonacelliitaly.com\/pt-br\/produto\/pasta-brilhosa-texture\/#primaryimage\"},\"thumbnailUrl\":\"https:\/\/www.mymonacelliitaly.com\/wp-content\/uploads\/2020\/10\/Texture-Pasta-Lucida.jpg\",\"datePublished\":\"2020-10-13T14:19:50+00:00\",\"dateModified\":\"2021-05-20T15:51:38+00:00\",\"description\":\"LIGHT GLOSS Fixa\u00e7\u00e3o flex\u00edvel e duradoura. Pasta brilhosa modeladora que proporciona uma textura flex\u00edvel e compacta. Protege contra os radicais livres. Formas vers\u00e1teis com efeito brilhante com longa dura\u00e7\u00e3o. Para uma defini\u00e7\u00e3o superior misture com Magic Texture.\",\"breadcrumb\":{\"@id\":\"https:\/\/www.mymonacelliitaly.com\/pt-br\/produto\/pasta-brilhosa-texture\/#breadcrumb\"},\"inLanguage\":\"BR\",\"potentialAction\":[{\"@type\":\"ReadAction\",\"target\":[\"https:\/\/www.mymonacelliitaly.com\/pt-br\/produto\/pasta-brilhosa-texture\/\"]}]},{\"@type\":\"ImageObject\",\"inLanguage\":\"BR\",\"@id\":\"https:\/\/www.mymonacelliitaly.com\/pt-br\/produto\/pasta-brilhosa-texture\/#primaryimage\",\"url\":\"https:\/\/www.mymonacelliitaly.com\/wp-content\/uploads\/2020\/10\/Texture-Pasta-Lucida.jpg\",\"contentUrl\":\"https:\/\/www.mymonacelliitaly.com\/wp-content\/uploads\/2020\/10\/Texture-Pasta-Lucida.jpg\",\"width\":600,\"height\":803},{\"@type\":\"BreadcrumbList\",\"@id\":\"https:\/\/www.mymonacelliitaly.com\/pt-br\/produto\/pasta-brilhosa-texture\/#breadcrumb\",\"itemListElement\":[{\"@type\":\"ListItem\",\"position\":1,\"name\":\"Home\",\"item\":\"https:\/\/www.mymonacelliitaly.com\/pt-br\/\"},{\"@type\":\"ListItem\",\"position\":2,\"name\":\"Shop\",\"item\":\"https:\/\/www.mymonacelliitaly.com\/negozio\/\"},{\"@type\":\"ListItem\",\"position\":3,\"name\":\"PASTA BRILHOSA TEXTURE\"}]},{\"@type\":\"WebSite\",\"@id\":\"https:\/\/www.mymonacelliitaly.com\/pt-br\/#website\",\"url\":\"https:\/\/www.mymonacelliitaly.com\/pt-br\/\",\"name\":\"My Monacelli Italy\",\"description\":\"L\u2019unica azienda cosmetica certificata come \u201cazienda di sviluppo\u201d.\",\"publisher\":{\"@id\":\"https:\/\/www.mymonacelliitaly.com\/pt-br\/#organization\"},\"potentialAction\":[{\"@type\":\"SearchAction\",\"target\":{\"@type\":\"EntryPoint\",\"urlTemplate\":\"https:\/\/www.mymonacelliitaly.com\/pt-br\/?s={search_term_string}\"},\"query-input\":{\"@type\":\"PropertyValueSpecification\",\"valueRequired\":true,\"valueName\":\"search_term_string\"}}],\"inLanguage\":\"BR\"},{\"@type\":\"Organization\",\"@id\":\"https:\/\/www.mymonacelliitaly.com\/pt-br\/#organization\",\"name\":\"Monacelli Italy\",\"url\":\"https:\/\/www.mymonacelliitaly.com\/pt-br\/\",\"logo\":{\"@type\":\"ImageObject\",\"inLanguage\":\"BR\",\"@id\":\"https:\/\/www.mymonacelliitaly.com\/pt-br\/#\/schema\/logo\/image\/\",\"url\":\"https:\/\/www.mymonacelliitaly.com\/wp-content\/uploads\/2020\/10\/logo-bn_FONDO-BIANCO.jpg\",\"contentUrl\":\"https:\/\/www.mymonacelliitaly.com\/wp-content\/uploads\/2020\/10\/logo-bn_FONDO-BIANCO.jpg\",\"width\":1074,\"height\":401,\"caption\":\"Monacelli Italy\"},\"image\":{\"@id\":\"https:\/\/www.mymonacelliitaly.com\/pt-br\/#\/schema\/logo\/image\/\"},\"sameAs\":[\"https:\/\/www.facebook.com\/monacelliitaly\"]}]}<\/script>\n<!-- \/ Yoast SEO plugin. -->","yoast_head_json":{"title":"PASTA BRILHOSA TEXTURE | My Monacelli Italy","description":"LIGHT GLOSS Fixa\u00e7\u00e3o flex\u00edvel e duradoura. Pasta brilhosa modeladora que proporciona uma textura flex\u00edvel e compacta. Protege contra os radicais livres. Formas vers\u00e1teis com efeito brilhante com longa dura\u00e7\u00e3o. Para uma defini\u00e7\u00e3o superior misture com Magic Texture.","robots":{"index":"index","follow":"follow","max-snippet":"max-snippet:-1","max-image-preview":"max-image-preview:large","max-video-preview":"max-video-preview:-1"},"canonical":"https:\/\/www.mymonacelliitaly.com\/pt-br\/produto\/pasta-brilhosa-texture\/","og_locale":"en_US","og_type":"article","og_title":"PASTA BRILHOSA TEXTURE | My Monacelli Italy","og_description":"LIGHT GLOSS Fixa\u00e7\u00e3o flex\u00edvel e duradoura. Pasta brilhosa modeladora que proporciona uma textura flex\u00edvel e compacta. Protege contra os radicais livres. Formas vers\u00e1teis com efeito brilhante com longa dura\u00e7\u00e3o. Para uma defini\u00e7\u00e3o superior misture com Magic Texture.","og_url":"https:\/\/www.mymonacelliitaly.com\/pt-br\/produto\/pasta-brilhosa-texture\/","og_site_name":"My Monacelli Italy","article_publisher":"https:\/\/www.facebook.com\/monacelliitaly","article_modified_time":"2021-05-20T15:51:38+00:00","og_image":[{"width":600,"height":803,"url":"https:\/\/www.mymonacelliitaly.com\/wp-content\/uploads\/2020\/10\/Texture-Pasta-Lucida.jpg","type":"image\/jpeg"}],"twitter_card":"summary_large_image","schema":{"@context":"https:\/\/schema.org","@graph":[{"@type":"WebPage","@id":"https:\/\/www.mymonacelliitaly.com\/pt-br\/produto\/pasta-brilhosa-texture\/","url":"https:\/\/www.mymonacelliitaly.com\/pt-br\/produto\/pasta-brilhosa-texture\/","name":"PASTA BRILHOSA TEXTURE | My Monacelli Italy","isPartOf":{"@id":"https:\/\/www.mymonacelliitaly.com\/pt-br\/#website"},"primaryImageOfPage":{"@id":"https:\/\/www.mymonacelliitaly.com\/pt-br\/produto\/pasta-brilhosa-texture\/#primaryimage"},"image":{"@id":"https:\/\/www.mymonacelliitaly.com\/pt-br\/produto\/pasta-brilhosa-texture\/#primaryimage"},"thumbnailUrl":"https:\/\/www.mymonacelliitaly.com\/wp-content\/uploads\/2020\/10\/Texture-Pasta-Lucida.jpg","datePublished":"2020-10-13T14:19:50+00:00","dateModified":"2021-05-20T15:51:38+00:00","description":"LIGHT GLOSS Fixa\u00e7\u00e3o flex\u00edvel e duradoura. Pasta brilhosa modeladora que proporciona uma textura flex\u00edvel e compacta. Protege contra os radicais livres. Formas vers\u00e1teis com efeito brilhante com longa dura\u00e7\u00e3o. Para uma defini\u00e7\u00e3o superior misture com Magic Texture.","breadcrumb":{"@id":"https:\/\/www.mymonacelliitaly.com\/pt-br\/produto\/pasta-brilhosa-texture\/#breadcrumb"},"inLanguage":"BR","potentialAction":[{"@type":"ReadAction","target":["https:\/\/www.mymonacelliitaly.com\/pt-br\/produto\/pasta-brilhosa-texture\/"]}]},{"@type":"ImageObject","inLanguage":"BR","@id":"https:\/\/www.mymonacelliitaly.com\/pt-br\/produto\/pasta-brilhosa-texture\/#primaryimage","url":"https:\/\/www.mymonacelliitaly.com\/wp-content\/uploads\/2020\/10\/Texture-Pasta-Lucida.jpg","contentUrl":"https:\/\/www.mymonacelliitaly.com\/wp-content\/uploads\/2020\/10\/Texture-Pasta-Lucida.jpg","width":600,"height":803},{"@type":"BreadcrumbList","@id":"https:\/\/www.mymonacelliitaly.com\/pt-br\/produto\/pasta-brilhosa-texture\/#breadcrumb","itemListElement":[{"@type":"ListItem","position":1,"name":"Home","item":"https:\/\/www.mymonacelliitaly.com\/pt-br\/"},{"@type":"ListItem","position":2,"name":"Shop","item":"https:\/\/www.mymonacelliitaly.com\/negozio\/"},{"@type":"ListItem","position":3,"name":"PASTA BRILHOSA TEXTURE"}]},{"@type":"WebSite","@id":"https:\/\/www.mymonacelliitaly.com\/pt-br\/#website","url":"https:\/\/www.mymonacelliitaly.com\/pt-br\/","name":"My Monacelli Italy","description":"L\u2019unica azienda cosmetica certificata come \u201cazienda di sviluppo\u201d.","publisher":{"@id":"https:\/\/www.mymonacelliitaly.com\/pt-br\/#organization"},"potentialAction":[{"@type":"SearchAction","target":{"@type":"EntryPoint","urlTemplate":"https:\/\/www.mymonacelliitaly.com\/pt-br\/?s={search_term_string}"},"query-input":{"@type":"PropertyValueSpecification","valueRequired":true,"valueName":"search_term_string"}}],"inLanguage":"BR"},{"@type":"Organization","@id":"https:\/\/www.mymonacelliitaly.com\/pt-br\/#organization","name":"Monacelli Italy","url":"https:\/\/www.mymonacelliitaly.com\/pt-br\/","logo":{"@type":"ImageObject","inLanguage":"BR","@id":"https:\/\/www.mymonacelliitaly.com\/pt-br\/#\/schema\/logo\/image\/","url":"https:\/\/www.mymonacelliitaly.com\/wp-content\/uploads\/2020\/10\/logo-bn_FONDO-BIANCO.jpg","contentUrl":"https:\/\/www.mymonacelliitaly.com\/wp-content\/uploads\/2020\/10\/logo-bn_FONDO-BIANCO.jpg","width":1074,"height":401,"caption":"Monacelli Italy"},"image":{"@id":"https:\/\/www.mymonacelliitaly.com\/pt-br\/#\/schema\/logo\/image\/"},"sameAs":["https:\/\/www.facebook.com\/monacelliitaly"]}]}},"_links":{"self":[{"href":"https:\/\/www.mymonacelliitaly.com\/pt-br\/wp-json\/wp\/v2\/product\/9821","targetHints":{"allow":["GET"]}}],"collection":[{"href":"https:\/\/www.mymonacelliitaly.com\/pt-br\/wp-json\/wp\/v2\/product"}],"about":[{"href":"https:\/\/www.mymonacelliitaly.com\/pt-br\/wp-json\/wp\/v2\/types\/product"}],"replies":[{"embeddable":true,"href":"https:\/\/www.mymonacelliitaly.com\/pt-br\/wp-json\/wp\/v2\/comments?post=9821"}],"wp:featuredmedia":[{"embeddable":true,"href":"https:\/\/www.mymonacelliitaly.com\/pt-br\/wp-json\/wp\/v2\/media\/4874"}],"wp:attachment":[{"href":"https:\/\/www.mymonacelliitaly.com\/pt-br\/wp-json\/wp\/v2\/media?parent=9821"}],"wp:term":[{"taxonomy":"product_brand","embeddable":true,"href":"https:\/\/www.mymonacelliitaly.com\/pt-br\/wp-json\/wp\/v2\/product_brand?post=9821"},{"taxonomy":"product_cat","embeddable":true,"href":"https:\/\/www.mymonacelliitaly.com\/pt-br\/wp-json\/wp\/v2\/product_cat?post=9821"},{"taxonomy":"product_tag","embeddable":true,"href":"https:\/\/www.mymonacelliitaly.com\/pt-br\/wp-json\/wp\/v2\/product_tag?post=9821"}],"curies":[{"name":"wp","href":"https:\/\/api.w.org\/{rel}","templated":true}]}}