












{"id":9815,"date":"2020-10-13T16:11:07","date_gmt":"2020-10-13T15:11:07","guid":{"rendered":"https:\/\/www.mymonacelliitaly.com\/product\/creme-volume\/"},"modified":"2021-05-20T16:37:35","modified_gmt":"2021-05-20T15:37:35","slug":"creme-volume","status":"publish","type":"product","link":"https:\/\/www.mymonacelliitaly.com\/pt-br\/produto\/creme-volume\/","title":{"rendered":"CREME VOLUME"},"content":{"rendered":"","protected":false},"excerpt":{"rendered":"<p>M\u00c1XIMO CORPO<br \/>\nSuporte e leveza.<br \/>\nProporciona corpo e volume aos cabelos garantindo uma \u00f3tima resist\u00eancia da forma.<br \/>\nEspec\u00edfico para cabelos normais, finos e desprovidos de tom.<br \/>\nForma consistente, voluminosa e flutuante.<br \/>\nPara dar mais corpo e consist\u00eancia use com cabelos molhados durante o corte.<\/p>\n","protected":false},"featured_media":4954,"comment_status":"open","ping_status":"closed","template":"","meta":[],"product_brand":[],"product_cat":[298,368,369],"product_tag":[374,366,373,375,370],"class_list":{"0":"post-9815","1":"product","2":"type-product","3":"status-publish","4":"has-post-thumbnail","6":"product_cat-mat-technology","7":"product_cat-styling-pt-br","8":"product_cat-styling-pt-br-2","9":"product_tag-cabelos-desprovidos-de-tom","10":"product_tag-cabelos-finos","11":"product_tag-cabelos-normais","12":"product_tag-resistencia-da-forma-aos-cabelos","13":"product_tag-volume-cabelos","15":"first","16":"instock","17":"shipping-taxable","18":"purchasable","19":"product-type-simple"},"yoast_head":"<!-- This site is optimized with the Yoast SEO plugin v25.0 - https:\/\/yoast.com\/wordpress\/plugins\/seo\/ -->\n<title>CREME VOLUME | My Monacelli Italy<\/title>\n<meta name=\"description\" content=\"M\u00c1XIMO CORPO Suporte e leveza. Proporciona corpo e volume aos cabelos garantindo uma \u00f3tima resist\u00eancia da forma. Espec\u00edfico para cabelos normais, finos e desprovidos de tom. Forma consistente, voluminosa e flutuante. Para dar mais corpo e consist\u00eancia use com cabelos molhados durante o corte.\" \/>\n<meta name=\"robots\" content=\"index, follow, max-snippet:-1, max-image-preview:large, max-video-preview:-1\" \/>\n<link rel=\"canonical\" href=\"https:\/\/www.mymonacelliitaly.com\/pt-br\/produto\/creme-volume\/\" \/>\n<meta property=\"og:locale\" content=\"en_US\" \/>\n<meta property=\"og:type\" content=\"article\" \/>\n<meta property=\"og:title\" content=\"CREME VOLUME | My Monacelli Italy\" \/>\n<meta property=\"og:description\" content=\"M\u00c1XIMO CORPO Suporte e leveza. Proporciona corpo e volume aos cabelos garantindo uma \u00f3tima resist\u00eancia da forma. Espec\u00edfico para cabelos normais, finos e desprovidos de tom. Forma consistente, voluminosa e flutuante. Para dar mais corpo e consist\u00eancia use com cabelos molhados durante o corte.\" \/>\n<meta property=\"og:url\" content=\"https:\/\/www.mymonacelliitaly.com\/pt-br\/produto\/creme-volume\/\" \/>\n<meta property=\"og:site_name\" content=\"My Monacelli Italy\" \/>\n<meta property=\"article:publisher\" content=\"https:\/\/www.facebook.com\/monacelliitaly\" \/>\n<meta property=\"article:modified_time\" content=\"2021-05-20T15:37:35+00:00\" \/>\n<meta property=\"og:image\" content=\"https:\/\/www.mymonacelliitaly.com\/wp-content\/uploads\/2020\/10\/Volume-Crema.jpg\" \/>\n\t<meta property=\"og:image:width\" content=\"600\" \/>\n\t<meta property=\"og:image:height\" content=\"803\" \/>\n\t<meta property=\"og:image:type\" content=\"image\/jpeg\" \/>\n<meta name=\"twitter:card\" content=\"summary_large_image\" \/>\n<script type=\"application\/ld+json\" class=\"yoast-schema-graph\">{\"@context\":\"https:\/\/schema.org\",\"@graph\":[{\"@type\":\"WebPage\",\"@id\":\"https:\/\/www.mymonacelliitaly.com\/pt-br\/produto\/creme-volume\/\",\"url\":\"https:\/\/www.mymonacelliitaly.com\/pt-br\/produto\/creme-volume\/\",\"name\":\"CREME VOLUME | My Monacelli Italy\",\"isPartOf\":{\"@id\":\"https:\/\/www.mymonacelliitaly.com\/pt-br\/#website\"},\"primaryImageOfPage\":{\"@id\":\"https:\/\/www.mymonacelliitaly.com\/pt-br\/produto\/creme-volume\/#primaryimage\"},\"image\":{\"@id\":\"https:\/\/www.mymonacelliitaly.com\/pt-br\/produto\/creme-volume\/#primaryimage\"},\"thumbnailUrl\":\"https:\/\/www.mymonacelliitaly.com\/wp-content\/uploads\/2020\/10\/Volume-Crema.jpg\",\"datePublished\":\"2020-10-13T15:11:07+00:00\",\"dateModified\":\"2021-05-20T15:37:35+00:00\",\"description\":\"M\u00c1XIMO CORPO Suporte e leveza. Proporciona corpo e volume aos cabelos garantindo uma \u00f3tima resist\u00eancia da forma. Espec\u00edfico para cabelos normais, finos e desprovidos de tom. Forma consistente, voluminosa e flutuante. Para dar mais corpo e consist\u00eancia use com cabelos molhados durante o corte.\",\"breadcrumb\":{\"@id\":\"https:\/\/www.mymonacelliitaly.com\/pt-br\/produto\/creme-volume\/#breadcrumb\"},\"inLanguage\":\"BR\",\"potentialAction\":[{\"@type\":\"ReadAction\",\"target\":[\"https:\/\/www.mymonacelliitaly.com\/pt-br\/produto\/creme-volume\/\"]}]},{\"@type\":\"ImageObject\",\"inLanguage\":\"BR\",\"@id\":\"https:\/\/www.mymonacelliitaly.com\/pt-br\/produto\/creme-volume\/#primaryimage\",\"url\":\"https:\/\/www.mymonacelliitaly.com\/wp-content\/uploads\/2020\/10\/Volume-Crema.jpg\",\"contentUrl\":\"https:\/\/www.mymonacelliitaly.com\/wp-content\/uploads\/2020\/10\/Volume-Crema.jpg\",\"width\":600,\"height\":803},{\"@type\":\"BreadcrumbList\",\"@id\":\"https:\/\/www.mymonacelliitaly.com\/pt-br\/produto\/creme-volume\/#breadcrumb\",\"itemListElement\":[{\"@type\":\"ListItem\",\"position\":1,\"name\":\"Home\",\"item\":\"https:\/\/www.mymonacelliitaly.com\/pt-br\/\"},{\"@type\":\"ListItem\",\"position\":2,\"name\":\"Shop\",\"item\":\"https:\/\/www.mymonacelliitaly.com\/negozio\/\"},{\"@type\":\"ListItem\",\"position\":3,\"name\":\"CREME VOLUME\"}]},{\"@type\":\"WebSite\",\"@id\":\"https:\/\/www.mymonacelliitaly.com\/pt-br\/#website\",\"url\":\"https:\/\/www.mymonacelliitaly.com\/pt-br\/\",\"name\":\"My Monacelli Italy\",\"description\":\"L\u2019unica azienda cosmetica certificata come \u201cazienda di sviluppo\u201d.\",\"publisher\":{\"@id\":\"https:\/\/www.mymonacelliitaly.com\/pt-br\/#organization\"},\"potentialAction\":[{\"@type\":\"SearchAction\",\"target\":{\"@type\":\"EntryPoint\",\"urlTemplate\":\"https:\/\/www.mymonacelliitaly.com\/pt-br\/?s={search_term_string}\"},\"query-input\":{\"@type\":\"PropertyValueSpecification\",\"valueRequired\":true,\"valueName\":\"search_term_string\"}}],\"inLanguage\":\"BR\"},{\"@type\":\"Organization\",\"@id\":\"https:\/\/www.mymonacelliitaly.com\/pt-br\/#organization\",\"name\":\"Monacelli Italy\",\"url\":\"https:\/\/www.mymonacelliitaly.com\/pt-br\/\",\"logo\":{\"@type\":\"ImageObject\",\"inLanguage\":\"BR\",\"@id\":\"https:\/\/www.mymonacelliitaly.com\/pt-br\/#\/schema\/logo\/image\/\",\"url\":\"https:\/\/www.mymonacelliitaly.com\/wp-content\/uploads\/2020\/10\/logo-bn_FONDO-BIANCO.jpg\",\"contentUrl\":\"https:\/\/www.mymonacelliitaly.com\/wp-content\/uploads\/2020\/10\/logo-bn_FONDO-BIANCO.jpg\",\"width\":1074,\"height\":401,\"caption\":\"Monacelli Italy\"},\"image\":{\"@id\":\"https:\/\/www.mymonacelliitaly.com\/pt-br\/#\/schema\/logo\/image\/\"},\"sameAs\":[\"https:\/\/www.facebook.com\/monacelliitaly\"]}]}<\/script>\n<!-- \/ Yoast SEO plugin. -->","yoast_head_json":{"title":"CREME VOLUME | My Monacelli Italy","description":"M\u00c1XIMO CORPO Suporte e leveza. Proporciona corpo e volume aos cabelos garantindo uma \u00f3tima resist\u00eancia da forma. Espec\u00edfico para cabelos normais, finos e desprovidos de tom. Forma consistente, voluminosa e flutuante. Para dar mais corpo e consist\u00eancia use com cabelos molhados durante o corte.","robots":{"index":"index","follow":"follow","max-snippet":"max-snippet:-1","max-image-preview":"max-image-preview:large","max-video-preview":"max-video-preview:-1"},"canonical":"https:\/\/www.mymonacelliitaly.com\/pt-br\/produto\/creme-volume\/","og_locale":"en_US","og_type":"article","og_title":"CREME VOLUME | My Monacelli Italy","og_description":"M\u00c1XIMO CORPO Suporte e leveza. Proporciona corpo e volume aos cabelos garantindo uma \u00f3tima resist\u00eancia da forma. Espec\u00edfico para cabelos normais, finos e desprovidos de tom. Forma consistente, voluminosa e flutuante. Para dar mais corpo e consist\u00eancia use com cabelos molhados durante o corte.","og_url":"https:\/\/www.mymonacelliitaly.com\/pt-br\/produto\/creme-volume\/","og_site_name":"My Monacelli Italy","article_publisher":"https:\/\/www.facebook.com\/monacelliitaly","article_modified_time":"2021-05-20T15:37:35+00:00","og_image":[{"width":600,"height":803,"url":"https:\/\/www.mymonacelliitaly.com\/wp-content\/uploads\/2020\/10\/Volume-Crema.jpg","type":"image\/jpeg"}],"twitter_card":"summary_large_image","schema":{"@context":"https:\/\/schema.org","@graph":[{"@type":"WebPage","@id":"https:\/\/www.mymonacelliitaly.com\/pt-br\/produto\/creme-volume\/","url":"https:\/\/www.mymonacelliitaly.com\/pt-br\/produto\/creme-volume\/","name":"CREME VOLUME | My Monacelli Italy","isPartOf":{"@id":"https:\/\/www.mymonacelliitaly.com\/pt-br\/#website"},"primaryImageOfPage":{"@id":"https:\/\/www.mymonacelliitaly.com\/pt-br\/produto\/creme-volume\/#primaryimage"},"image":{"@id":"https:\/\/www.mymonacelliitaly.com\/pt-br\/produto\/creme-volume\/#primaryimage"},"thumbnailUrl":"https:\/\/www.mymonacelliitaly.com\/wp-content\/uploads\/2020\/10\/Volume-Crema.jpg","datePublished":"2020-10-13T15:11:07+00:00","dateModified":"2021-05-20T15:37:35+00:00","description":"M\u00c1XIMO CORPO Suporte e leveza. Proporciona corpo e volume aos cabelos garantindo uma \u00f3tima resist\u00eancia da forma. Espec\u00edfico para cabelos normais, finos e desprovidos de tom. Forma consistente, voluminosa e flutuante. Para dar mais corpo e consist\u00eancia use com cabelos molhados durante o corte.","breadcrumb":{"@id":"https:\/\/www.mymonacelliitaly.com\/pt-br\/produto\/creme-volume\/#breadcrumb"},"inLanguage":"BR","potentialAction":[{"@type":"ReadAction","target":["https:\/\/www.mymonacelliitaly.com\/pt-br\/produto\/creme-volume\/"]}]},{"@type":"ImageObject","inLanguage":"BR","@id":"https:\/\/www.mymonacelliitaly.com\/pt-br\/produto\/creme-volume\/#primaryimage","url":"https:\/\/www.mymonacelliitaly.com\/wp-content\/uploads\/2020\/10\/Volume-Crema.jpg","contentUrl":"https:\/\/www.mymonacelliitaly.com\/wp-content\/uploads\/2020\/10\/Volume-Crema.jpg","width":600,"height":803},{"@type":"BreadcrumbList","@id":"https:\/\/www.mymonacelliitaly.com\/pt-br\/produto\/creme-volume\/#breadcrumb","itemListElement":[{"@type":"ListItem","position":1,"name":"Home","item":"https:\/\/www.mymonacelliitaly.com\/pt-br\/"},{"@type":"ListItem","position":2,"name":"Shop","item":"https:\/\/www.mymonacelliitaly.com\/negozio\/"},{"@type":"ListItem","position":3,"name":"CREME VOLUME"}]},{"@type":"WebSite","@id":"https:\/\/www.mymonacelliitaly.com\/pt-br\/#website","url":"https:\/\/www.mymonacelliitaly.com\/pt-br\/","name":"My Monacelli Italy","description":"L\u2019unica azienda cosmetica certificata come \u201cazienda di sviluppo\u201d.","publisher":{"@id":"https:\/\/www.mymonacelliitaly.com\/pt-br\/#organization"},"potentialAction":[{"@type":"SearchAction","target":{"@type":"EntryPoint","urlTemplate":"https:\/\/www.mymonacelliitaly.com\/pt-br\/?s={search_term_string}"},"query-input":{"@type":"PropertyValueSpecification","valueRequired":true,"valueName":"search_term_string"}}],"inLanguage":"BR"},{"@type":"Organization","@id":"https:\/\/www.mymonacelliitaly.com\/pt-br\/#organization","name":"Monacelli Italy","url":"https:\/\/www.mymonacelliitaly.com\/pt-br\/","logo":{"@type":"ImageObject","inLanguage":"BR","@id":"https:\/\/www.mymonacelliitaly.com\/pt-br\/#\/schema\/logo\/image\/","url":"https:\/\/www.mymonacelliitaly.com\/wp-content\/uploads\/2020\/10\/logo-bn_FONDO-BIANCO.jpg","contentUrl":"https:\/\/www.mymonacelliitaly.com\/wp-content\/uploads\/2020\/10\/logo-bn_FONDO-BIANCO.jpg","width":1074,"height":401,"caption":"Monacelli Italy"},"image":{"@id":"https:\/\/www.mymonacelliitaly.com\/pt-br\/#\/schema\/logo\/image\/"},"sameAs":["https:\/\/www.facebook.com\/monacelliitaly"]}]}},"_links":{"self":[{"href":"https:\/\/www.mymonacelliitaly.com\/pt-br\/wp-json\/wp\/v2\/product\/9815","targetHints":{"allow":["GET"]}}],"collection":[{"href":"https:\/\/www.mymonacelliitaly.com\/pt-br\/wp-json\/wp\/v2\/product"}],"about":[{"href":"https:\/\/www.mymonacelliitaly.com\/pt-br\/wp-json\/wp\/v2\/types\/product"}],"replies":[{"embeddable":true,"href":"https:\/\/www.mymonacelliitaly.com\/pt-br\/wp-json\/wp\/v2\/comments?post=9815"}],"wp:featuredmedia":[{"embeddable":true,"href":"https:\/\/www.mymonacelliitaly.com\/pt-br\/wp-json\/wp\/v2\/media\/4954"}],"wp:attachment":[{"href":"https:\/\/www.mymonacelliitaly.com\/pt-br\/wp-json\/wp\/v2\/media?parent=9815"}],"wp:term":[{"taxonomy":"product_brand","embeddable":true,"href":"https:\/\/www.mymonacelliitaly.com\/pt-br\/wp-json\/wp\/v2\/product_brand?post=9815"},{"taxonomy":"product_cat","embeddable":true,"href":"https:\/\/www.mymonacelliitaly.com\/pt-br\/wp-json\/wp\/v2\/product_cat?post=9815"},{"taxonomy":"product_tag","embeddable":true,"href":"https:\/\/www.mymonacelliitaly.com\/pt-br\/wp-json\/wp\/v2\/product_tag?post=9815"}],"curies":[{"name":"wp","href":"https:\/\/api.w.org\/{rel}","templated":true}]}}