












{"id":9801,"date":"2020-10-19T07:04:56","date_gmt":"2020-10-19T06:04:56","guid":{"rendered":"https:\/\/www.mymonacelliitaly.com\/product\/shampoo-doposole\/"},"modified":"2021-05-20T16:12:38","modified_gmt":"2021-05-20T15:12:38","slug":"shampoo-doposole","status":"publish","type":"product","link":"https:\/\/www.mymonacelliitaly.com\/pt-br\/produto\/shampoo-doposole\/","title":{"rendered":"SHAMPOO P\u00d3S-SOL"},"content":{"rendered":"<p>Distribua pelo corpo e nos cabelos e massageie delicadamente.<\/p>\n","protected":false},"excerpt":{"rendered":"<p><strong>SHAMPOO P\u00d3S-SOL PARA CABELOS E CORPO<\/strong><\/p>\n<p>Shampoo delicado que protege, reintegra e proporciona vitalidade, <strong>adequado \u00e0 limpeza<\/strong> di\u00e1ria de cabelos e corpo.<\/p>\n<p>A sua f\u00f3rmula, enriquecida com o complexo MultivitaminicSun, realiza uma a\u00e7\u00e3o anti-idade e <strong>antioxidante<\/strong>, deixa a pele e os cabelos hidratados e nutridos. Gra\u00e7as \u00e0 presen\u00e7a das prote\u00ednas do arroz, <strong>protege<\/strong> a elasticidade e a sa\u00fade dos cabelos contra os<strong> raios UV.<\/strong><\/p>\n","protected":false},"featured_media":5168,"comment_status":"open","ping_status":"closed","template":"","meta":[],"product_brand":[],"product_cat":[294,345,333,335,299],"product_tag":[350,346,344],"class_list":{"0":"post-9801","1":"product","2":"type-product","3":"status-publish","4":"has-post-thumbnail","6":"product_cat-im-green","7":"product_cat-protege-o-cabelo-contra-o-sol","8":"product_cat-protetores-solares","9":"product_cat-sol","10":"product_cat-xampu","11":"product_tag-gel-banho-espuma","12":"product_tag-pos-sol","13":"product_tag-protetores-solares-para-cabelos","15":"first","16":"instock","17":"shipping-taxable","18":"purchasable","19":"product-type-simple"},"yoast_head":"<!-- This site is optimized with the Yoast SEO plugin v25.0 - https:\/\/yoast.com\/wordpress\/plugins\/seo\/ -->\n<title>SHAMPOO P\u00d3S-SOL | My Monacelli Italy<\/title>\n<meta name=\"description\" content=\"SHAMPOO P\u00d3S-SOL PARA CABELOS E CORPO  Shampoo delicado que protege, reintegra e proporciona vitalidade, adequado \u00e0 limpeza di\u00e1ria de cabelos e corpo.  A sua f\u00f3rmula, enriquecida com o complexo MultivitaminicSun, realiza uma a\u00e7\u00e3o anti-idade e antioxidante, deixa a pele e os cabelos hidratados e nutridos. Gra\u00e7as \u00e0 presen\u00e7a das prote\u00ednas do arroz, protege a elasticidade e a sa\u00fade dos cabelos contra os raios UV.\" \/>\n<meta name=\"robots\" content=\"index, follow, max-snippet:-1, max-image-preview:large, max-video-preview:-1\" \/>\n<link rel=\"canonical\" href=\"https:\/\/www.mymonacelliitaly.com\/pt-br\/produto\/shampoo-doposole\/\" \/>\n<meta property=\"og:locale\" content=\"en_US\" \/>\n<meta property=\"og:type\" content=\"article\" \/>\n<meta property=\"og:title\" content=\"SHAMPOO P\u00d3S-SOL | My Monacelli Italy\" \/>\n<meta property=\"og:description\" content=\"SHAMPOO P\u00d3S-SOL PARA CABELOS E CORPO  Shampoo delicado que protege, reintegra e proporciona vitalidade, adequado \u00e0 limpeza di\u00e1ria de cabelos e corpo.  A sua f\u00f3rmula, enriquecida com o complexo MultivitaminicSun, realiza uma a\u00e7\u00e3o anti-idade e antioxidante, deixa a pele e os cabelos hidratados e nutridos. Gra\u00e7as \u00e0 presen\u00e7a das prote\u00ednas do arroz, protege a elasticidade e a sa\u00fade dos cabelos contra os raios UV.\" \/>\n<meta property=\"og:url\" content=\"https:\/\/www.mymonacelliitaly.com\/pt-br\/produto\/shampoo-doposole\/\" \/>\n<meta property=\"og:site_name\" content=\"My Monacelli Italy\" \/>\n<meta property=\"article:publisher\" content=\"https:\/\/www.facebook.com\/monacelliitaly\" \/>\n<meta property=\"article:modified_time\" content=\"2021-05-20T15:12:38+00:00\" \/>\n<meta property=\"og:image\" content=\"https:\/\/www.mymonacelliitaly.com\/wp-content\/uploads\/2020\/10\/After-sun-hair-wash.jpg\" \/>\n\t<meta property=\"og:image:width\" content=\"600\" \/>\n\t<meta property=\"og:image:height\" content=\"803\" \/>\n\t<meta property=\"og:image:type\" content=\"image\/jpeg\" \/>\n<meta name=\"twitter:card\" content=\"summary_large_image\" \/>\n<script type=\"application\/ld+json\" class=\"yoast-schema-graph\">{\"@context\":\"https:\/\/schema.org\",\"@graph\":[{\"@type\":\"WebPage\",\"@id\":\"https:\/\/www.mymonacelliitaly.com\/pt-br\/produto\/shampoo-doposole\/\",\"url\":\"https:\/\/www.mymonacelliitaly.com\/pt-br\/produto\/shampoo-doposole\/\",\"name\":\"SHAMPOO P\u00d3S-SOL | My Monacelli Italy\",\"isPartOf\":{\"@id\":\"https:\/\/www.mymonacelliitaly.com\/pt-br\/#website\"},\"primaryImageOfPage\":{\"@id\":\"https:\/\/www.mymonacelliitaly.com\/pt-br\/produto\/shampoo-doposole\/#primaryimage\"},\"image\":{\"@id\":\"https:\/\/www.mymonacelliitaly.com\/pt-br\/produto\/shampoo-doposole\/#primaryimage\"},\"thumbnailUrl\":\"https:\/\/www.mymonacelliitaly.com\/wp-content\/uploads\/2020\/10\/After-sun-hair-wash.jpg\",\"datePublished\":\"2020-10-19T06:04:56+00:00\",\"dateModified\":\"2021-05-20T15:12:38+00:00\",\"description\":\"SHAMPOO P\u00d3S-SOL PARA CABELOS E CORPO Shampoo delicado que protege, reintegra e proporciona vitalidade, adequado \u00e0 limpeza di\u00e1ria de cabelos e corpo. A sua f\u00f3rmula, enriquecida com o complexo MultivitaminicSun, realiza uma a\u00e7\u00e3o anti-idade e antioxidante, deixa a pele e os cabelos hidratados e nutridos. Gra\u00e7as \u00e0 presen\u00e7a das prote\u00ednas do arroz, protege a elasticidade e a sa\u00fade dos cabelos contra os raios UV.\",\"breadcrumb\":{\"@id\":\"https:\/\/www.mymonacelliitaly.com\/pt-br\/produto\/shampoo-doposole\/#breadcrumb\"},\"inLanguage\":\"BR\",\"potentialAction\":[{\"@type\":\"ReadAction\",\"target\":[\"https:\/\/www.mymonacelliitaly.com\/pt-br\/produto\/shampoo-doposole\/\"]}]},{\"@type\":\"ImageObject\",\"inLanguage\":\"BR\",\"@id\":\"https:\/\/www.mymonacelliitaly.com\/pt-br\/produto\/shampoo-doposole\/#primaryimage\",\"url\":\"https:\/\/www.mymonacelliitaly.com\/wp-content\/uploads\/2020\/10\/After-sun-hair-wash.jpg\",\"contentUrl\":\"https:\/\/www.mymonacelliitaly.com\/wp-content\/uploads\/2020\/10\/After-sun-hair-wash.jpg\",\"width\":600,\"height\":803},{\"@type\":\"BreadcrumbList\",\"@id\":\"https:\/\/www.mymonacelliitaly.com\/pt-br\/produto\/shampoo-doposole\/#breadcrumb\",\"itemListElement\":[{\"@type\":\"ListItem\",\"position\":1,\"name\":\"Home\",\"item\":\"https:\/\/www.mymonacelliitaly.com\/pt-br\/\"},{\"@type\":\"ListItem\",\"position\":2,\"name\":\"Shop\",\"item\":\"https:\/\/www.mymonacelliitaly.com\/negozio\/\"},{\"@type\":\"ListItem\",\"position\":3,\"name\":\"SHAMPOO P\u00d3S-SOL\"}]},{\"@type\":\"WebSite\",\"@id\":\"https:\/\/www.mymonacelliitaly.com\/pt-br\/#website\",\"url\":\"https:\/\/www.mymonacelliitaly.com\/pt-br\/\",\"name\":\"My Monacelli Italy\",\"description\":\"L\u2019unica azienda cosmetica certificata come \u201cazienda di sviluppo\u201d.\",\"publisher\":{\"@id\":\"https:\/\/www.mymonacelliitaly.com\/pt-br\/#organization\"},\"potentialAction\":[{\"@type\":\"SearchAction\",\"target\":{\"@type\":\"EntryPoint\",\"urlTemplate\":\"https:\/\/www.mymonacelliitaly.com\/pt-br\/?s={search_term_string}\"},\"query-input\":{\"@type\":\"PropertyValueSpecification\",\"valueRequired\":true,\"valueName\":\"search_term_string\"}}],\"inLanguage\":\"BR\"},{\"@type\":\"Organization\",\"@id\":\"https:\/\/www.mymonacelliitaly.com\/pt-br\/#organization\",\"name\":\"Monacelli Italy\",\"url\":\"https:\/\/www.mymonacelliitaly.com\/pt-br\/\",\"logo\":{\"@type\":\"ImageObject\",\"inLanguage\":\"BR\",\"@id\":\"https:\/\/www.mymonacelliitaly.com\/pt-br\/#\/schema\/logo\/image\/\",\"url\":\"https:\/\/www.mymonacelliitaly.com\/wp-content\/uploads\/2020\/10\/logo-bn_FONDO-BIANCO.jpg\",\"contentUrl\":\"https:\/\/www.mymonacelliitaly.com\/wp-content\/uploads\/2020\/10\/logo-bn_FONDO-BIANCO.jpg\",\"width\":1074,\"height\":401,\"caption\":\"Monacelli Italy\"},\"image\":{\"@id\":\"https:\/\/www.mymonacelliitaly.com\/pt-br\/#\/schema\/logo\/image\/\"},\"sameAs\":[\"https:\/\/www.facebook.com\/monacelliitaly\"]}]}<\/script>\n<!-- \/ Yoast SEO plugin. -->","yoast_head_json":{"title":"SHAMPOO P\u00d3S-SOL | My Monacelli Italy","description":"SHAMPOO P\u00d3S-SOL PARA CABELOS E CORPO  Shampoo delicado que protege, reintegra e proporciona vitalidade, adequado \u00e0 limpeza di\u00e1ria de cabelos e corpo.  A sua f\u00f3rmula, enriquecida com o complexo MultivitaminicSun, realiza uma a\u00e7\u00e3o anti-idade e antioxidante, deixa a pele e os cabelos hidratados e nutridos. Gra\u00e7as \u00e0 presen\u00e7a das prote\u00ednas do arroz, protege a elasticidade e a sa\u00fade dos cabelos contra os raios UV.","robots":{"index":"index","follow":"follow","max-snippet":"max-snippet:-1","max-image-preview":"max-image-preview:large","max-video-preview":"max-video-preview:-1"},"canonical":"https:\/\/www.mymonacelliitaly.com\/pt-br\/produto\/shampoo-doposole\/","og_locale":"en_US","og_type":"article","og_title":"SHAMPOO P\u00d3S-SOL | My Monacelli Italy","og_description":"SHAMPOO P\u00d3S-SOL PARA CABELOS E CORPO  Shampoo delicado que protege, reintegra e proporciona vitalidade, adequado \u00e0 limpeza di\u00e1ria de cabelos e corpo.  A sua f\u00f3rmula, enriquecida com o complexo MultivitaminicSun, realiza uma a\u00e7\u00e3o anti-idade e antioxidante, deixa a pele e os cabelos hidratados e nutridos. Gra\u00e7as \u00e0 presen\u00e7a das prote\u00ednas do arroz, protege a elasticidade e a sa\u00fade dos cabelos contra os raios UV.","og_url":"https:\/\/www.mymonacelliitaly.com\/pt-br\/produto\/shampoo-doposole\/","og_site_name":"My Monacelli Italy","article_publisher":"https:\/\/www.facebook.com\/monacelliitaly","article_modified_time":"2021-05-20T15:12:38+00:00","og_image":[{"width":600,"height":803,"url":"https:\/\/www.mymonacelliitaly.com\/wp-content\/uploads\/2020\/10\/After-sun-hair-wash.jpg","type":"image\/jpeg"}],"twitter_card":"summary_large_image","schema":{"@context":"https:\/\/schema.org","@graph":[{"@type":"WebPage","@id":"https:\/\/www.mymonacelliitaly.com\/pt-br\/produto\/shampoo-doposole\/","url":"https:\/\/www.mymonacelliitaly.com\/pt-br\/produto\/shampoo-doposole\/","name":"SHAMPOO P\u00d3S-SOL | My Monacelli Italy","isPartOf":{"@id":"https:\/\/www.mymonacelliitaly.com\/pt-br\/#website"},"primaryImageOfPage":{"@id":"https:\/\/www.mymonacelliitaly.com\/pt-br\/produto\/shampoo-doposole\/#primaryimage"},"image":{"@id":"https:\/\/www.mymonacelliitaly.com\/pt-br\/produto\/shampoo-doposole\/#primaryimage"},"thumbnailUrl":"https:\/\/www.mymonacelliitaly.com\/wp-content\/uploads\/2020\/10\/After-sun-hair-wash.jpg","datePublished":"2020-10-19T06:04:56+00:00","dateModified":"2021-05-20T15:12:38+00:00","description":"SHAMPOO P\u00d3S-SOL PARA CABELOS E CORPO Shampoo delicado que protege, reintegra e proporciona vitalidade, adequado \u00e0 limpeza di\u00e1ria de cabelos e corpo. A sua f\u00f3rmula, enriquecida com o complexo MultivitaminicSun, realiza uma a\u00e7\u00e3o anti-idade e antioxidante, deixa a pele e os cabelos hidratados e nutridos. Gra\u00e7as \u00e0 presen\u00e7a das prote\u00ednas do arroz, protege a elasticidade e a sa\u00fade dos cabelos contra os raios UV.","breadcrumb":{"@id":"https:\/\/www.mymonacelliitaly.com\/pt-br\/produto\/shampoo-doposole\/#breadcrumb"},"inLanguage":"BR","potentialAction":[{"@type":"ReadAction","target":["https:\/\/www.mymonacelliitaly.com\/pt-br\/produto\/shampoo-doposole\/"]}]},{"@type":"ImageObject","inLanguage":"BR","@id":"https:\/\/www.mymonacelliitaly.com\/pt-br\/produto\/shampoo-doposole\/#primaryimage","url":"https:\/\/www.mymonacelliitaly.com\/wp-content\/uploads\/2020\/10\/After-sun-hair-wash.jpg","contentUrl":"https:\/\/www.mymonacelliitaly.com\/wp-content\/uploads\/2020\/10\/After-sun-hair-wash.jpg","width":600,"height":803},{"@type":"BreadcrumbList","@id":"https:\/\/www.mymonacelliitaly.com\/pt-br\/produto\/shampoo-doposole\/#breadcrumb","itemListElement":[{"@type":"ListItem","position":1,"name":"Home","item":"https:\/\/www.mymonacelliitaly.com\/pt-br\/"},{"@type":"ListItem","position":2,"name":"Shop","item":"https:\/\/www.mymonacelliitaly.com\/negozio\/"},{"@type":"ListItem","position":3,"name":"SHAMPOO P\u00d3S-SOL"}]},{"@type":"WebSite","@id":"https:\/\/www.mymonacelliitaly.com\/pt-br\/#website","url":"https:\/\/www.mymonacelliitaly.com\/pt-br\/","name":"My Monacelli Italy","description":"L\u2019unica azienda cosmetica certificata come \u201cazienda di sviluppo\u201d.","publisher":{"@id":"https:\/\/www.mymonacelliitaly.com\/pt-br\/#organization"},"potentialAction":[{"@type":"SearchAction","target":{"@type":"EntryPoint","urlTemplate":"https:\/\/www.mymonacelliitaly.com\/pt-br\/?s={search_term_string}"},"query-input":{"@type":"PropertyValueSpecification","valueRequired":true,"valueName":"search_term_string"}}],"inLanguage":"BR"},{"@type":"Organization","@id":"https:\/\/www.mymonacelliitaly.com\/pt-br\/#organization","name":"Monacelli Italy","url":"https:\/\/www.mymonacelliitaly.com\/pt-br\/","logo":{"@type":"ImageObject","inLanguage":"BR","@id":"https:\/\/www.mymonacelliitaly.com\/pt-br\/#\/schema\/logo\/image\/","url":"https:\/\/www.mymonacelliitaly.com\/wp-content\/uploads\/2020\/10\/logo-bn_FONDO-BIANCO.jpg","contentUrl":"https:\/\/www.mymonacelliitaly.com\/wp-content\/uploads\/2020\/10\/logo-bn_FONDO-BIANCO.jpg","width":1074,"height":401,"caption":"Monacelli Italy"},"image":{"@id":"https:\/\/www.mymonacelliitaly.com\/pt-br\/#\/schema\/logo\/image\/"},"sameAs":["https:\/\/www.facebook.com\/monacelliitaly"]}]}},"_links":{"self":[{"href":"https:\/\/www.mymonacelliitaly.com\/pt-br\/wp-json\/wp\/v2\/product\/9801","targetHints":{"allow":["GET"]}}],"collection":[{"href":"https:\/\/www.mymonacelliitaly.com\/pt-br\/wp-json\/wp\/v2\/product"}],"about":[{"href":"https:\/\/www.mymonacelliitaly.com\/pt-br\/wp-json\/wp\/v2\/types\/product"}],"replies":[{"embeddable":true,"href":"https:\/\/www.mymonacelliitaly.com\/pt-br\/wp-json\/wp\/v2\/comments?post=9801"}],"wp:featuredmedia":[{"embeddable":true,"href":"https:\/\/www.mymonacelliitaly.com\/pt-br\/wp-json\/wp\/v2\/media\/5168"}],"wp:attachment":[{"href":"https:\/\/www.mymonacelliitaly.com\/pt-br\/wp-json\/wp\/v2\/media?parent=9801"}],"wp:term":[{"taxonomy":"product_brand","embeddable":true,"href":"https:\/\/www.mymonacelliitaly.com\/pt-br\/wp-json\/wp\/v2\/product_brand?post=9801"},{"taxonomy":"product_cat","embeddable":true,"href":"https:\/\/www.mymonacelliitaly.com\/pt-br\/wp-json\/wp\/v2\/product_cat?post=9801"},{"taxonomy":"product_tag","embeddable":true,"href":"https:\/\/www.mymonacelliitaly.com\/pt-br\/wp-json\/wp\/v2\/product_tag?post=9801"}],"curies":[{"name":"wp","href":"https:\/\/api.w.org\/{rel}","templated":true}]}}