












{"id":9794,"date":"2020-10-19T08:18:13","date_gmt":"2020-10-19T07:18:13","guid":{"rendered":"https:\/\/www.mymonacelliitaly.com\/product\/olio-per-capelli\/"},"modified":"2021-05-20T16:10:01","modified_gmt":"2021-05-20T15:10:01","slug":"olio-per-capelli","status":"publish","type":"product","link":"https:\/\/www.mymonacelliitaly.com\/pt-br\/produto\/olio-per-capelli\/","title":{"rendered":"\u00d3LEO PARA CABELOS"},"content":{"rendered":"","protected":false},"excerpt":{"rendered":"<p><strong>\u00d3LEO PROTETOR PARA CABELOS<\/strong><\/p>\n<p>S\u00e9rum sedoso que <strong>protege, hidrata e proporciona elasticidade<\/strong> gra\u00e7as \u00e0 combina\u00e7\u00e3o de preciosas \u00f3leos vegetais. Torna os cabelos reluzentes e macios, nutre e refor\u00e7a a fibra* capilar.<\/p>\n<p>Gra\u00e7as \u00e0 sua f\u00f3rmula rica e de alto desempenho, <strong>n\u00e3o pesa, n\u00e3o deixa oleoso<\/strong> e pode ser aplicado tanto nos cabelos secos quanto nos cabelos molhados.\u00a0Com flexprotectionsystem.<\/p>\n<p>*Testes de resist\u00eancia \u00e0 ruptura do cabelo realizados pela Universidade de Siena<\/p>\n<p><strong>A INOVA\u00c7\u00c3O QUE PROPORCIONA MAIS NUTRI\u00c7\u00c3O, MAIS ELASTICIDADE, MAIS HIDRATA\u00c7\u00c3O<\/strong><\/p>\n<p>O poder de uma f\u00f3rmula que protege a fibra capilar, reduzir a perda de \u00e1gua e torna os cabelos mais el\u00e1sticos e flex\u00edveis.<\/p>\n<p>Um <strong>sistema inovador<\/strong>, formulado nos nossos laborat\u00f3rios de pesquisa, que, ao combinar Vitamina E com Fitantriol, <strong>aumenta a prote\u00e7\u00e3o contra os radicais livres produzidos pelos raios UV<\/strong>, principal causa do envelhecimento.<\/p>\n<p>&nbsp;<\/p>\n<p><strong>Capacidade:<\/strong> <em>100 ml<\/em><\/p>\n","protected":false},"featured_media":5252,"comment_status":"open","ping_status":"closed","template":"","meta":[],"product_brand":[],"product_cat":[294,341,342,333,335],"product_tag":[300,343,344],"class_list":{"0":"post-9794","1":"product","2":"type-product","3":"status-publish","4":"has-post-thumbnail","6":"product_cat-im-green","7":"product_cat-oleo-para-cabelos","8":"product_cat-protecao-solar","9":"product_cat-protetores-solares","10":"product_cat-sol","11":"product_tag-cabelos","12":"product_tag-oleo","13":"product_tag-protetores-solares-para-cabelos","15":"first","16":"instock","17":"shipping-taxable","18":"purchasable","19":"product-type-simple"},"yoast_head":"<!-- This site is optimized with the Yoast SEO plugin v25.0 - https:\/\/yoast.com\/wordpress\/plugins\/seo\/ -->\n<title>\u00d3LEO PARA CABELOS | My Monacelli Italy<\/title>\n<meta name=\"description\" content=\"\u00d3LEO PROTETOR PARA CABELOS  S\u00e9rum sedoso que protege, hidrata e proporciona elasticidade gra\u00e7as \u00e0 combina\u00e7\u00e3o de preciosas \u00f3leos vegetais. Torna os cabelos reluzentes e macios, nutre e refor\u00e7a a fibra* capilar.  Gra\u00e7as \u00e0 sua f\u00f3rmula rica e de alto desempenho, n\u00e3o pesa, n\u00e3o deixa oleoso e pode ser aplicado tanto nos cabelos secos quanto nos cabelos molhados.\u00a0Com flexprotectionsystem.  *Testes de resist\u00eancia \u00e0 ruptura do cabelo realizados pela Universidade de Siena  A INOVA\u00c7\u00c3O QUE PROPORCIONA MAIS NUTRI\u00c7\u00c3O, MAIS ELASTICIDADE, MAIS HIDRATA\u00c7\u00c3O  O poder de uma f\u00f3rmula que protege a fibra capilar, reduzir a perda de \u00e1gua e torna os cabelos mais el\u00e1sticos e flex\u00edveis.  Um sistema inovador, formulado nos nossos laborat\u00f3rios de pesquisa, que, ao combinar Vitamina E com Fitantriol, aumenta a prote\u00e7\u00e3o contra os radicais livres produzidos pelos raios UV, principal causa do envelhecimento.  &nbsp;  Capacidade: 100 ml\" \/>\n<meta name=\"robots\" content=\"index, follow, max-snippet:-1, max-image-preview:large, max-video-preview:-1\" \/>\n<link rel=\"canonical\" href=\"https:\/\/www.mymonacelliitaly.com\/pt-br\/produto\/olio-per-capelli\/\" \/>\n<meta property=\"og:locale\" content=\"en_US\" \/>\n<meta property=\"og:type\" content=\"article\" \/>\n<meta property=\"og:title\" content=\"\u00d3LEO PARA CABELOS | My Monacelli Italy\" \/>\n<meta property=\"og:description\" content=\"\u00d3LEO PROTETOR PARA CABELOS  S\u00e9rum sedoso que protege, hidrata e proporciona elasticidade gra\u00e7as \u00e0 combina\u00e7\u00e3o de preciosas \u00f3leos vegetais. Torna os cabelos reluzentes e macios, nutre e refor\u00e7a a fibra* capilar.  Gra\u00e7as \u00e0 sua f\u00f3rmula rica e de alto desempenho, n\u00e3o pesa, n\u00e3o deixa oleoso e pode ser aplicado tanto nos cabelos secos quanto nos cabelos molhados.\u00a0Com flexprotectionsystem.  *Testes de resist\u00eancia \u00e0 ruptura do cabelo realizados pela Universidade de Siena  A INOVA\u00c7\u00c3O QUE PROPORCIONA MAIS NUTRI\u00c7\u00c3O, MAIS ELASTICIDADE, MAIS HIDRATA\u00c7\u00c3O  O poder de uma f\u00f3rmula que protege a fibra capilar, reduzir a perda de \u00e1gua e torna os cabelos mais el\u00e1sticos e flex\u00edveis.  Um sistema inovador, formulado nos nossos laborat\u00f3rios de pesquisa, que, ao combinar Vitamina E com Fitantriol, aumenta a prote\u00e7\u00e3o contra os radicais livres produzidos pelos raios UV, principal causa do envelhecimento.  &nbsp;  Capacidade: 100 ml\" \/>\n<meta property=\"og:url\" content=\"https:\/\/www.mymonacelliitaly.com\/pt-br\/produto\/olio-per-capelli\/\" \/>\n<meta property=\"og:site_name\" content=\"My Monacelli Italy\" \/>\n<meta property=\"article:publisher\" content=\"https:\/\/www.facebook.com\/monacelliitaly\" \/>\n<meta property=\"article:modified_time\" content=\"2021-05-20T15:10:01+00:00\" \/>\n<meta property=\"og:image\" content=\"https:\/\/www.mymonacelliitaly.com\/wp-content\/uploads\/2020\/10\/olio.jpg\" \/>\n\t<meta property=\"og:image:width\" content=\"600\" \/>\n\t<meta property=\"og:image:height\" content=\"803\" \/>\n\t<meta property=\"og:image:type\" content=\"image\/jpeg\" \/>\n<meta name=\"twitter:card\" content=\"summary_large_image\" \/>\n<script type=\"application\/ld+json\" class=\"yoast-schema-graph\">{\"@context\":\"https:\/\/schema.org\",\"@graph\":[{\"@type\":\"WebPage\",\"@id\":\"https:\/\/www.mymonacelliitaly.com\/pt-br\/produto\/olio-per-capelli\/\",\"url\":\"https:\/\/www.mymonacelliitaly.com\/pt-br\/produto\/olio-per-capelli\/\",\"name\":\"\u00d3LEO PARA CABELOS | My Monacelli Italy\",\"isPartOf\":{\"@id\":\"https:\/\/www.mymonacelliitaly.com\/pt-br\/#website\"},\"primaryImageOfPage\":{\"@id\":\"https:\/\/www.mymonacelliitaly.com\/pt-br\/produto\/olio-per-capelli\/#primaryimage\"},\"image\":{\"@id\":\"https:\/\/www.mymonacelliitaly.com\/pt-br\/produto\/olio-per-capelli\/#primaryimage\"},\"thumbnailUrl\":\"https:\/\/www.mymonacelliitaly.com\/wp-content\/uploads\/2020\/10\/olio.jpg\",\"datePublished\":\"2020-10-19T07:18:13+00:00\",\"dateModified\":\"2021-05-20T15:10:01+00:00\",\"description\":\"\u00d3LEO PROTETOR PARA CABELOS S\u00e9rum sedoso que protege, hidrata e proporciona elasticidade gra\u00e7as \u00e0 combina\u00e7\u00e3o de preciosas \u00f3leos vegetais. Torna os cabelos reluzentes e macios, nutre e refor\u00e7a a fibra* capilar. Gra\u00e7as \u00e0 sua f\u00f3rmula rica e de alto desempenho, n\u00e3o pesa, n\u00e3o deixa oleoso e pode ser aplicado tanto nos cabelos secos quanto nos cabelos molhados.\u00a0Com flexprotectionsystem. *Testes de resist\u00eancia \u00e0 ruptura do cabelo realizados pela Universidade de Siena A INOVA\u00c7\u00c3O QUE PROPORCIONA MAIS NUTRI\u00c7\u00c3O, MAIS ELASTICIDADE, MAIS HIDRATA\u00c7\u00c3O O poder de uma f\u00f3rmula que protege a fibra capilar, reduzir a perda de \u00e1gua e torna os cabelos mais el\u00e1sticos e flex\u00edveis. Um sistema inovador, formulado nos nossos laborat\u00f3rios de pesquisa, que, ao combinar Vitamina E com Fitantriol, aumenta a prote\u00e7\u00e3o contra os radicais livres produzidos pelos raios UV, principal causa do envelhecimento. &nbsp; Capacidade: 100 ml\",\"breadcrumb\":{\"@id\":\"https:\/\/www.mymonacelliitaly.com\/pt-br\/produto\/olio-per-capelli\/#breadcrumb\"},\"inLanguage\":\"BR\",\"potentialAction\":[{\"@type\":\"ReadAction\",\"target\":[\"https:\/\/www.mymonacelliitaly.com\/pt-br\/produto\/olio-per-capelli\/\"]}]},{\"@type\":\"ImageObject\",\"inLanguage\":\"BR\",\"@id\":\"https:\/\/www.mymonacelliitaly.com\/pt-br\/produto\/olio-per-capelli\/#primaryimage\",\"url\":\"https:\/\/www.mymonacelliitaly.com\/wp-content\/uploads\/2020\/10\/olio.jpg\",\"contentUrl\":\"https:\/\/www.mymonacelliitaly.com\/wp-content\/uploads\/2020\/10\/olio.jpg\",\"width\":600,\"height\":803},{\"@type\":\"BreadcrumbList\",\"@id\":\"https:\/\/www.mymonacelliitaly.com\/pt-br\/produto\/olio-per-capelli\/#breadcrumb\",\"itemListElement\":[{\"@type\":\"ListItem\",\"position\":1,\"name\":\"Home\",\"item\":\"https:\/\/www.mymonacelliitaly.com\/pt-br\/\"},{\"@type\":\"ListItem\",\"position\":2,\"name\":\"Shop\",\"item\":\"https:\/\/www.mymonacelliitaly.com\/negozio\/\"},{\"@type\":\"ListItem\",\"position\":3,\"name\":\"\u00d3LEO PARA CABELOS\"}]},{\"@type\":\"WebSite\",\"@id\":\"https:\/\/www.mymonacelliitaly.com\/pt-br\/#website\",\"url\":\"https:\/\/www.mymonacelliitaly.com\/pt-br\/\",\"name\":\"My Monacelli Italy\",\"description\":\"L\u2019unica azienda cosmetica certificata come \u201cazienda di sviluppo\u201d.\",\"publisher\":{\"@id\":\"https:\/\/www.mymonacelliitaly.com\/pt-br\/#organization\"},\"potentialAction\":[{\"@type\":\"SearchAction\",\"target\":{\"@type\":\"EntryPoint\",\"urlTemplate\":\"https:\/\/www.mymonacelliitaly.com\/pt-br\/?s={search_term_string}\"},\"query-input\":{\"@type\":\"PropertyValueSpecification\",\"valueRequired\":true,\"valueName\":\"search_term_string\"}}],\"inLanguage\":\"BR\"},{\"@type\":\"Organization\",\"@id\":\"https:\/\/www.mymonacelliitaly.com\/pt-br\/#organization\",\"name\":\"Monacelli Italy\",\"url\":\"https:\/\/www.mymonacelliitaly.com\/pt-br\/\",\"logo\":{\"@type\":\"ImageObject\",\"inLanguage\":\"BR\",\"@id\":\"https:\/\/www.mymonacelliitaly.com\/pt-br\/#\/schema\/logo\/image\/\",\"url\":\"https:\/\/www.mymonacelliitaly.com\/wp-content\/uploads\/2020\/10\/logo-bn_FONDO-BIANCO.jpg\",\"contentUrl\":\"https:\/\/www.mymonacelliitaly.com\/wp-content\/uploads\/2020\/10\/logo-bn_FONDO-BIANCO.jpg\",\"width\":1074,\"height\":401,\"caption\":\"Monacelli Italy\"},\"image\":{\"@id\":\"https:\/\/www.mymonacelliitaly.com\/pt-br\/#\/schema\/logo\/image\/\"},\"sameAs\":[\"https:\/\/www.facebook.com\/monacelliitaly\"]}]}<\/script>\n<!-- \/ Yoast SEO plugin. -->","yoast_head_json":{"title":"\u00d3LEO PARA CABELOS | My Monacelli Italy","description":"\u00d3LEO PROTETOR PARA CABELOS  S\u00e9rum sedoso que protege, hidrata e proporciona elasticidade gra\u00e7as \u00e0 combina\u00e7\u00e3o de preciosas \u00f3leos vegetais. Torna os cabelos reluzentes e macios, nutre e refor\u00e7a a fibra* capilar.  Gra\u00e7as \u00e0 sua f\u00f3rmula rica e de alto desempenho, n\u00e3o pesa, n\u00e3o deixa oleoso e pode ser aplicado tanto nos cabelos secos quanto nos cabelos molhados.\u00a0Com flexprotectionsystem.  *Testes de resist\u00eancia \u00e0 ruptura do cabelo realizados pela Universidade de Siena  A INOVA\u00c7\u00c3O QUE PROPORCIONA MAIS NUTRI\u00c7\u00c3O, MAIS ELASTICIDADE, MAIS HIDRATA\u00c7\u00c3O  O poder de uma f\u00f3rmula que protege a fibra capilar, reduzir a perda de \u00e1gua e torna os cabelos mais el\u00e1sticos e flex\u00edveis.  Um sistema inovador, formulado nos nossos laborat\u00f3rios de pesquisa, que, ao combinar Vitamina E com Fitantriol, aumenta a prote\u00e7\u00e3o contra os radicais livres produzidos pelos raios UV, principal causa do envelhecimento.  &nbsp;  Capacidade: 100 ml","robots":{"index":"index","follow":"follow","max-snippet":"max-snippet:-1","max-image-preview":"max-image-preview:large","max-video-preview":"max-video-preview:-1"},"canonical":"https:\/\/www.mymonacelliitaly.com\/pt-br\/produto\/olio-per-capelli\/","og_locale":"en_US","og_type":"article","og_title":"\u00d3LEO PARA CABELOS | My Monacelli Italy","og_description":"\u00d3LEO PROTETOR PARA CABELOS  S\u00e9rum sedoso que protege, hidrata e proporciona elasticidade gra\u00e7as \u00e0 combina\u00e7\u00e3o de preciosas \u00f3leos vegetais. Torna os cabelos reluzentes e macios, nutre e refor\u00e7a a fibra* capilar.  Gra\u00e7as \u00e0 sua f\u00f3rmula rica e de alto desempenho, n\u00e3o pesa, n\u00e3o deixa oleoso e pode ser aplicado tanto nos cabelos secos quanto nos cabelos molhados.\u00a0Com flexprotectionsystem.  *Testes de resist\u00eancia \u00e0 ruptura do cabelo realizados pela Universidade de Siena  A INOVA\u00c7\u00c3O QUE PROPORCIONA MAIS NUTRI\u00c7\u00c3O, MAIS ELASTICIDADE, MAIS HIDRATA\u00c7\u00c3O  O poder de uma f\u00f3rmula que protege a fibra capilar, reduzir a perda de \u00e1gua e torna os cabelos mais el\u00e1sticos e flex\u00edveis.  Um sistema inovador, formulado nos nossos laborat\u00f3rios de pesquisa, que, ao combinar Vitamina E com Fitantriol, aumenta a prote\u00e7\u00e3o contra os radicais livres produzidos pelos raios UV, principal causa do envelhecimento.  &nbsp;  Capacidade: 100 ml","og_url":"https:\/\/www.mymonacelliitaly.com\/pt-br\/produto\/olio-per-capelli\/","og_site_name":"My Monacelli Italy","article_publisher":"https:\/\/www.facebook.com\/monacelliitaly","article_modified_time":"2021-05-20T15:10:01+00:00","og_image":[{"width":600,"height":803,"url":"https:\/\/www.mymonacelliitaly.com\/wp-content\/uploads\/2020\/10\/olio.jpg","type":"image\/jpeg"}],"twitter_card":"summary_large_image","schema":{"@context":"https:\/\/schema.org","@graph":[{"@type":"WebPage","@id":"https:\/\/www.mymonacelliitaly.com\/pt-br\/produto\/olio-per-capelli\/","url":"https:\/\/www.mymonacelliitaly.com\/pt-br\/produto\/olio-per-capelli\/","name":"\u00d3LEO PARA CABELOS | My Monacelli Italy","isPartOf":{"@id":"https:\/\/www.mymonacelliitaly.com\/pt-br\/#website"},"primaryImageOfPage":{"@id":"https:\/\/www.mymonacelliitaly.com\/pt-br\/produto\/olio-per-capelli\/#primaryimage"},"image":{"@id":"https:\/\/www.mymonacelliitaly.com\/pt-br\/produto\/olio-per-capelli\/#primaryimage"},"thumbnailUrl":"https:\/\/www.mymonacelliitaly.com\/wp-content\/uploads\/2020\/10\/olio.jpg","datePublished":"2020-10-19T07:18:13+00:00","dateModified":"2021-05-20T15:10:01+00:00","description":"\u00d3LEO PROTETOR PARA CABELOS S\u00e9rum sedoso que protege, hidrata e proporciona elasticidade gra\u00e7as \u00e0 combina\u00e7\u00e3o de preciosas \u00f3leos vegetais. Torna os cabelos reluzentes e macios, nutre e refor\u00e7a a fibra* capilar. Gra\u00e7as \u00e0 sua f\u00f3rmula rica e de alto desempenho, n\u00e3o pesa, n\u00e3o deixa oleoso e pode ser aplicado tanto nos cabelos secos quanto nos cabelos molhados.\u00a0Com flexprotectionsystem. *Testes de resist\u00eancia \u00e0 ruptura do cabelo realizados pela Universidade de Siena A INOVA\u00c7\u00c3O QUE PROPORCIONA MAIS NUTRI\u00c7\u00c3O, MAIS ELASTICIDADE, MAIS HIDRATA\u00c7\u00c3O O poder de uma f\u00f3rmula que protege a fibra capilar, reduzir a perda de \u00e1gua e torna os cabelos mais el\u00e1sticos e flex\u00edveis. Um sistema inovador, formulado nos nossos laborat\u00f3rios de pesquisa, que, ao combinar Vitamina E com Fitantriol, aumenta a prote\u00e7\u00e3o contra os radicais livres produzidos pelos raios UV, principal causa do envelhecimento. &nbsp; Capacidade: 100 ml","breadcrumb":{"@id":"https:\/\/www.mymonacelliitaly.com\/pt-br\/produto\/olio-per-capelli\/#breadcrumb"},"inLanguage":"BR","potentialAction":[{"@type":"ReadAction","target":["https:\/\/www.mymonacelliitaly.com\/pt-br\/produto\/olio-per-capelli\/"]}]},{"@type":"ImageObject","inLanguage":"BR","@id":"https:\/\/www.mymonacelliitaly.com\/pt-br\/produto\/olio-per-capelli\/#primaryimage","url":"https:\/\/www.mymonacelliitaly.com\/wp-content\/uploads\/2020\/10\/olio.jpg","contentUrl":"https:\/\/www.mymonacelliitaly.com\/wp-content\/uploads\/2020\/10\/olio.jpg","width":600,"height":803},{"@type":"BreadcrumbList","@id":"https:\/\/www.mymonacelliitaly.com\/pt-br\/produto\/olio-per-capelli\/#breadcrumb","itemListElement":[{"@type":"ListItem","position":1,"name":"Home","item":"https:\/\/www.mymonacelliitaly.com\/pt-br\/"},{"@type":"ListItem","position":2,"name":"Shop","item":"https:\/\/www.mymonacelliitaly.com\/negozio\/"},{"@type":"ListItem","position":3,"name":"\u00d3LEO PARA CABELOS"}]},{"@type":"WebSite","@id":"https:\/\/www.mymonacelliitaly.com\/pt-br\/#website","url":"https:\/\/www.mymonacelliitaly.com\/pt-br\/","name":"My Monacelli Italy","description":"L\u2019unica azienda cosmetica certificata come \u201cazienda di sviluppo\u201d.","publisher":{"@id":"https:\/\/www.mymonacelliitaly.com\/pt-br\/#organization"},"potentialAction":[{"@type":"SearchAction","target":{"@type":"EntryPoint","urlTemplate":"https:\/\/www.mymonacelliitaly.com\/pt-br\/?s={search_term_string}"},"query-input":{"@type":"PropertyValueSpecification","valueRequired":true,"valueName":"search_term_string"}}],"inLanguage":"BR"},{"@type":"Organization","@id":"https:\/\/www.mymonacelliitaly.com\/pt-br\/#organization","name":"Monacelli Italy","url":"https:\/\/www.mymonacelliitaly.com\/pt-br\/","logo":{"@type":"ImageObject","inLanguage":"BR","@id":"https:\/\/www.mymonacelliitaly.com\/pt-br\/#\/schema\/logo\/image\/","url":"https:\/\/www.mymonacelliitaly.com\/wp-content\/uploads\/2020\/10\/logo-bn_FONDO-BIANCO.jpg","contentUrl":"https:\/\/www.mymonacelliitaly.com\/wp-content\/uploads\/2020\/10\/logo-bn_FONDO-BIANCO.jpg","width":1074,"height":401,"caption":"Monacelli Italy"},"image":{"@id":"https:\/\/www.mymonacelliitaly.com\/pt-br\/#\/schema\/logo\/image\/"},"sameAs":["https:\/\/www.facebook.com\/monacelliitaly"]}]}},"_links":{"self":[{"href":"https:\/\/www.mymonacelliitaly.com\/pt-br\/wp-json\/wp\/v2\/product\/9794","targetHints":{"allow":["GET"]}}],"collection":[{"href":"https:\/\/www.mymonacelliitaly.com\/pt-br\/wp-json\/wp\/v2\/product"}],"about":[{"href":"https:\/\/www.mymonacelliitaly.com\/pt-br\/wp-json\/wp\/v2\/types\/product"}],"replies":[{"embeddable":true,"href":"https:\/\/www.mymonacelliitaly.com\/pt-br\/wp-json\/wp\/v2\/comments?post=9794"}],"wp:featuredmedia":[{"embeddable":true,"href":"https:\/\/www.mymonacelliitaly.com\/pt-br\/wp-json\/wp\/v2\/media\/5252"}],"wp:attachment":[{"href":"https:\/\/www.mymonacelliitaly.com\/pt-br\/wp-json\/wp\/v2\/media?parent=9794"}],"wp:term":[{"taxonomy":"product_brand","embeddable":true,"href":"https:\/\/www.mymonacelliitaly.com\/pt-br\/wp-json\/wp\/v2\/product_brand?post=9794"},{"taxonomy":"product_cat","embeddable":true,"href":"https:\/\/www.mymonacelliitaly.com\/pt-br\/wp-json\/wp\/v2\/product_cat?post=9794"},{"taxonomy":"product_tag","embeddable":true,"href":"https:\/\/www.mymonacelliitaly.com\/pt-br\/wp-json\/wp\/v2\/product_tag?post=9794"}],"curies":[{"name":"wp","href":"https:\/\/api.w.org\/{rel}","templated":true}]}}