












{"id":9791,"date":"2020-10-19T08:34:28","date_gmt":"2020-10-19T07:34:28","guid":{"rendered":"https:\/\/www.mymonacelliitaly.com\/product\/latte-solare-protezione-50-spf\/"},"modified":"2021-05-20T16:02:18","modified_gmt":"2021-05-20T15:02:18","slug":"latte-solare-protezione-50-spf","status":"publish","type":"product","link":"https:\/\/www.mymonacelliitaly.com\/pt-br\/produto\/latte-solare-protezione-50-spf\/","title":{"rendered":"LEITE SOLAR PROTE\u00c7\u00c3O SPF 50"},"content":{"rendered":"","protected":false},"excerpt":{"rendered":"<p><strong>LEITE SOLAR PROTETOR<\/strong><\/p>\n<p>Leite solar <strong>protetor e hidratante<\/strong> com textura leve e de r\u00e1pida absor\u00e7\u00e3o R\u00e1pido a vaporizar gra\u00e7as ao sistema de sa\u00edda de spray em 360 graus que nebuliza o produto em todas as dire\u00e7\u00f5es. O sistema testado de filtros UVA\/UVB garante uma <strong>prote\u00e7\u00e3o eficaz e um bronzeamento uniforme e duradouro.<\/strong><\/p>\n<p><strong>Dermatologicamente testado<\/strong> pela Universidade de Ferrara Fattore.<\/p>\n<p>Perfeito para adultos e crian\u00e7as.<\/p>\n<p>&nbsp;<\/p>\n<p><strong>Capacidade: <\/strong><em>100 ml<\/em><\/p>\n","protected":false},"featured_media":5300,"comment_status":"open","ping_status":"closed","template":"","meta":[],"product_brand":[],"product_cat":[334,294,333,335],"product_tag":[337,340,339,338,336],"class_list":{"0":"post-9791","1":"product","2":"type-product","3":"status-publish","4":"has-post-thumbnail","6":"product_cat-creme-solar-protecao","7":"product_cat-im-green","8":"product_cat-protetores-solares","9":"product_cat-sol","10":"product_tag-corpo-pt-br","11":"product_tag-creme-para-o-corpo","12":"product_tag-protecao","13":"product_tag-rosto","14":"product_tag-sol","16":"first","17":"instock","18":"shipping-taxable","19":"purchasable","20":"product-type-simple"},"yoast_head":"<!-- This site is optimized with the Yoast SEO plugin v25.0 - https:\/\/yoast.com\/wordpress\/plugins\/seo\/ -->\n<title>LEITE SOLAR PROTE\u00c7\u00c3O SPF 50 | My Monacelli Italy<\/title>\n<meta name=\"description\" content=\"LEITE SOLAR PROTETOR  Leite solar protetor e hidratante com textura leve e de r\u00e1pida absor\u00e7\u00e3o R\u00e1pido a vaporizar gra\u00e7as ao sistema de sa\u00edda de spray em 360 graus que nebuliza o produto em todas as dire\u00e7\u00f5es. O sistema testado de filtros UVA\/UVB garante uma prote\u00e7\u00e3o eficaz e um bronzeamento uniforme e duradouro.  Dermatologicamente testado pela Universidade de Ferrara Fattore.  Perfeito para adultos e crian\u00e7as.  &nbsp;  Capacidade: 100 ml\" \/>\n<meta name=\"robots\" content=\"index, follow, max-snippet:-1, max-image-preview:large, max-video-preview:-1\" \/>\n<link rel=\"canonical\" href=\"https:\/\/www.mymonacelliitaly.com\/pt-br\/produto\/latte-solare-protezione-50-spf\/\" \/>\n<meta property=\"og:locale\" content=\"en_US\" \/>\n<meta property=\"og:type\" content=\"article\" \/>\n<meta property=\"og:title\" content=\"LEITE SOLAR PROTE\u00c7\u00c3O SPF 50 | My Monacelli Italy\" \/>\n<meta property=\"og:description\" content=\"LEITE SOLAR PROTETOR  Leite solar protetor e hidratante com textura leve e de r\u00e1pida absor\u00e7\u00e3o R\u00e1pido a vaporizar gra\u00e7as ao sistema de sa\u00edda de spray em 360 graus que nebuliza o produto em todas as dire\u00e7\u00f5es. O sistema testado de filtros UVA\/UVB garante uma prote\u00e7\u00e3o eficaz e um bronzeamento uniforme e duradouro.  Dermatologicamente testado pela Universidade de Ferrara Fattore.  Perfeito para adultos e crian\u00e7as.  &nbsp;  Capacidade: 100 ml\" \/>\n<meta property=\"og:url\" content=\"https:\/\/www.mymonacelliitaly.com\/pt-br\/produto\/latte-solare-protezione-50-spf\/\" \/>\n<meta property=\"og:site_name\" content=\"My Monacelli Italy\" \/>\n<meta property=\"article:publisher\" content=\"https:\/\/www.facebook.com\/monacelliitaly\" \/>\n<meta property=\"article:modified_time\" content=\"2021-05-20T15:02:18+00:00\" \/>\n<meta property=\"og:image\" content=\"https:\/\/www.mymonacelliitaly.com\/wp-content\/uploads\/2020\/10\/50.jpg\" \/>\n\t<meta property=\"og:image:width\" content=\"600\" \/>\n\t<meta property=\"og:image:height\" content=\"803\" \/>\n\t<meta property=\"og:image:type\" content=\"image\/jpeg\" \/>\n<meta name=\"twitter:card\" content=\"summary_large_image\" \/>\n<script type=\"application\/ld+json\" class=\"yoast-schema-graph\">{\"@context\":\"https:\/\/schema.org\",\"@graph\":[{\"@type\":\"WebPage\",\"@id\":\"https:\/\/www.mymonacelliitaly.com\/pt-br\/produto\/latte-solare-protezione-50-spf\/\",\"url\":\"https:\/\/www.mymonacelliitaly.com\/pt-br\/produto\/latte-solare-protezione-50-spf\/\",\"name\":\"LEITE SOLAR PROTE\u00c7\u00c3O SPF 50 | My Monacelli Italy\",\"isPartOf\":{\"@id\":\"https:\/\/www.mymonacelliitaly.com\/pt-br\/#website\"},\"primaryImageOfPage\":{\"@id\":\"https:\/\/www.mymonacelliitaly.com\/pt-br\/produto\/latte-solare-protezione-50-spf\/#primaryimage\"},\"image\":{\"@id\":\"https:\/\/www.mymonacelliitaly.com\/pt-br\/produto\/latte-solare-protezione-50-spf\/#primaryimage\"},\"thumbnailUrl\":\"https:\/\/www.mymonacelliitaly.com\/wp-content\/uploads\/2020\/10\/50.jpg\",\"datePublished\":\"2020-10-19T07:34:28+00:00\",\"dateModified\":\"2021-05-20T15:02:18+00:00\",\"description\":\"LEITE SOLAR PROTETOR Leite solar protetor e hidratante com textura leve e de r\u00e1pida absor\u00e7\u00e3o R\u00e1pido a vaporizar gra\u00e7as ao sistema de sa\u00edda de spray em 360 graus que nebuliza o produto em todas as dire\u00e7\u00f5es. O sistema testado de filtros UVA\/UVB garante uma prote\u00e7\u00e3o eficaz e um bronzeamento uniforme e duradouro. Dermatologicamente testado pela Universidade de Ferrara Fattore. Perfeito para adultos e crian\u00e7as. &nbsp; Capacidade: 100 ml\",\"breadcrumb\":{\"@id\":\"https:\/\/www.mymonacelliitaly.com\/pt-br\/produto\/latte-solare-protezione-50-spf\/#breadcrumb\"},\"inLanguage\":\"BR\",\"potentialAction\":[{\"@type\":\"ReadAction\",\"target\":[\"https:\/\/www.mymonacelliitaly.com\/pt-br\/produto\/latte-solare-protezione-50-spf\/\"]}]},{\"@type\":\"ImageObject\",\"inLanguage\":\"BR\",\"@id\":\"https:\/\/www.mymonacelliitaly.com\/pt-br\/produto\/latte-solare-protezione-50-spf\/#primaryimage\",\"url\":\"https:\/\/www.mymonacelliitaly.com\/wp-content\/uploads\/2020\/10\/50.jpg\",\"contentUrl\":\"https:\/\/www.mymonacelliitaly.com\/wp-content\/uploads\/2020\/10\/50.jpg\",\"width\":600,\"height\":803},{\"@type\":\"BreadcrumbList\",\"@id\":\"https:\/\/www.mymonacelliitaly.com\/pt-br\/produto\/latte-solare-protezione-50-spf\/#breadcrumb\",\"itemListElement\":[{\"@type\":\"ListItem\",\"position\":1,\"name\":\"Home\",\"item\":\"https:\/\/www.mymonacelliitaly.com\/pt-br\/\"},{\"@type\":\"ListItem\",\"position\":2,\"name\":\"Shop\",\"item\":\"https:\/\/www.mymonacelliitaly.com\/negozio\/\"},{\"@type\":\"ListItem\",\"position\":3,\"name\":\"LEITE SOLAR PROTE\u00c7\u00c3O SPF 50\"}]},{\"@type\":\"WebSite\",\"@id\":\"https:\/\/www.mymonacelliitaly.com\/pt-br\/#website\",\"url\":\"https:\/\/www.mymonacelliitaly.com\/pt-br\/\",\"name\":\"My Monacelli Italy\",\"description\":\"L\u2019unica azienda cosmetica certificata come \u201cazienda di sviluppo\u201d.\",\"publisher\":{\"@id\":\"https:\/\/www.mymonacelliitaly.com\/pt-br\/#organization\"},\"potentialAction\":[{\"@type\":\"SearchAction\",\"target\":{\"@type\":\"EntryPoint\",\"urlTemplate\":\"https:\/\/www.mymonacelliitaly.com\/pt-br\/?s={search_term_string}\"},\"query-input\":{\"@type\":\"PropertyValueSpecification\",\"valueRequired\":true,\"valueName\":\"search_term_string\"}}],\"inLanguage\":\"BR\"},{\"@type\":\"Organization\",\"@id\":\"https:\/\/www.mymonacelliitaly.com\/pt-br\/#organization\",\"name\":\"Monacelli Italy\",\"url\":\"https:\/\/www.mymonacelliitaly.com\/pt-br\/\",\"logo\":{\"@type\":\"ImageObject\",\"inLanguage\":\"BR\",\"@id\":\"https:\/\/www.mymonacelliitaly.com\/pt-br\/#\/schema\/logo\/image\/\",\"url\":\"https:\/\/www.mymonacelliitaly.com\/wp-content\/uploads\/2020\/10\/logo-bn_FONDO-BIANCO.jpg\",\"contentUrl\":\"https:\/\/www.mymonacelliitaly.com\/wp-content\/uploads\/2020\/10\/logo-bn_FONDO-BIANCO.jpg\",\"width\":1074,\"height\":401,\"caption\":\"Monacelli Italy\"},\"image\":{\"@id\":\"https:\/\/www.mymonacelliitaly.com\/pt-br\/#\/schema\/logo\/image\/\"},\"sameAs\":[\"https:\/\/www.facebook.com\/monacelliitaly\"]}]}<\/script>\n<!-- \/ Yoast SEO plugin. -->","yoast_head_json":{"title":"LEITE SOLAR PROTE\u00c7\u00c3O SPF 50 | My Monacelli Italy","description":"LEITE SOLAR PROTETOR  Leite solar protetor e hidratante com textura leve e de r\u00e1pida absor\u00e7\u00e3o R\u00e1pido a vaporizar gra\u00e7as ao sistema de sa\u00edda de spray em 360 graus que nebuliza o produto em todas as dire\u00e7\u00f5es. O sistema testado de filtros UVA\/UVB garante uma prote\u00e7\u00e3o eficaz e um bronzeamento uniforme e duradouro.  Dermatologicamente testado pela Universidade de Ferrara Fattore.  Perfeito para adultos e crian\u00e7as.  &nbsp;  Capacidade: 100 ml","robots":{"index":"index","follow":"follow","max-snippet":"max-snippet:-1","max-image-preview":"max-image-preview:large","max-video-preview":"max-video-preview:-1"},"canonical":"https:\/\/www.mymonacelliitaly.com\/pt-br\/produto\/latte-solare-protezione-50-spf\/","og_locale":"en_US","og_type":"article","og_title":"LEITE SOLAR PROTE\u00c7\u00c3O SPF 50 | My Monacelli Italy","og_description":"LEITE SOLAR PROTETOR  Leite solar protetor e hidratante com textura leve e de r\u00e1pida absor\u00e7\u00e3o R\u00e1pido a vaporizar gra\u00e7as ao sistema de sa\u00edda de spray em 360 graus que nebuliza o produto em todas as dire\u00e7\u00f5es. O sistema testado de filtros UVA\/UVB garante uma prote\u00e7\u00e3o eficaz e um bronzeamento uniforme e duradouro.  Dermatologicamente testado pela Universidade de Ferrara Fattore.  Perfeito para adultos e crian\u00e7as.  &nbsp;  Capacidade: 100 ml","og_url":"https:\/\/www.mymonacelliitaly.com\/pt-br\/produto\/latte-solare-protezione-50-spf\/","og_site_name":"My Monacelli Italy","article_publisher":"https:\/\/www.facebook.com\/monacelliitaly","article_modified_time":"2021-05-20T15:02:18+00:00","og_image":[{"width":600,"height":803,"url":"https:\/\/www.mymonacelliitaly.com\/wp-content\/uploads\/2020\/10\/50.jpg","type":"image\/jpeg"}],"twitter_card":"summary_large_image","schema":{"@context":"https:\/\/schema.org","@graph":[{"@type":"WebPage","@id":"https:\/\/www.mymonacelliitaly.com\/pt-br\/produto\/latte-solare-protezione-50-spf\/","url":"https:\/\/www.mymonacelliitaly.com\/pt-br\/produto\/latte-solare-protezione-50-spf\/","name":"LEITE SOLAR PROTE\u00c7\u00c3O SPF 50 | My Monacelli Italy","isPartOf":{"@id":"https:\/\/www.mymonacelliitaly.com\/pt-br\/#website"},"primaryImageOfPage":{"@id":"https:\/\/www.mymonacelliitaly.com\/pt-br\/produto\/latte-solare-protezione-50-spf\/#primaryimage"},"image":{"@id":"https:\/\/www.mymonacelliitaly.com\/pt-br\/produto\/latte-solare-protezione-50-spf\/#primaryimage"},"thumbnailUrl":"https:\/\/www.mymonacelliitaly.com\/wp-content\/uploads\/2020\/10\/50.jpg","datePublished":"2020-10-19T07:34:28+00:00","dateModified":"2021-05-20T15:02:18+00:00","description":"LEITE SOLAR PROTETOR Leite solar protetor e hidratante com textura leve e de r\u00e1pida absor\u00e7\u00e3o R\u00e1pido a vaporizar gra\u00e7as ao sistema de sa\u00edda de spray em 360 graus que nebuliza o produto em todas as dire\u00e7\u00f5es. O sistema testado de filtros UVA\/UVB garante uma prote\u00e7\u00e3o eficaz e um bronzeamento uniforme e duradouro. Dermatologicamente testado pela Universidade de Ferrara Fattore. Perfeito para adultos e crian\u00e7as. &nbsp; Capacidade: 100 ml","breadcrumb":{"@id":"https:\/\/www.mymonacelliitaly.com\/pt-br\/produto\/latte-solare-protezione-50-spf\/#breadcrumb"},"inLanguage":"BR","potentialAction":[{"@type":"ReadAction","target":["https:\/\/www.mymonacelliitaly.com\/pt-br\/produto\/latte-solare-protezione-50-spf\/"]}]},{"@type":"ImageObject","inLanguage":"BR","@id":"https:\/\/www.mymonacelliitaly.com\/pt-br\/produto\/latte-solare-protezione-50-spf\/#primaryimage","url":"https:\/\/www.mymonacelliitaly.com\/wp-content\/uploads\/2020\/10\/50.jpg","contentUrl":"https:\/\/www.mymonacelliitaly.com\/wp-content\/uploads\/2020\/10\/50.jpg","width":600,"height":803},{"@type":"BreadcrumbList","@id":"https:\/\/www.mymonacelliitaly.com\/pt-br\/produto\/latte-solare-protezione-50-spf\/#breadcrumb","itemListElement":[{"@type":"ListItem","position":1,"name":"Home","item":"https:\/\/www.mymonacelliitaly.com\/pt-br\/"},{"@type":"ListItem","position":2,"name":"Shop","item":"https:\/\/www.mymonacelliitaly.com\/negozio\/"},{"@type":"ListItem","position":3,"name":"LEITE SOLAR PROTE\u00c7\u00c3O SPF 50"}]},{"@type":"WebSite","@id":"https:\/\/www.mymonacelliitaly.com\/pt-br\/#website","url":"https:\/\/www.mymonacelliitaly.com\/pt-br\/","name":"My Monacelli Italy","description":"L\u2019unica azienda cosmetica certificata come \u201cazienda di sviluppo\u201d.","publisher":{"@id":"https:\/\/www.mymonacelliitaly.com\/pt-br\/#organization"},"potentialAction":[{"@type":"SearchAction","target":{"@type":"EntryPoint","urlTemplate":"https:\/\/www.mymonacelliitaly.com\/pt-br\/?s={search_term_string}"},"query-input":{"@type":"PropertyValueSpecification","valueRequired":true,"valueName":"search_term_string"}}],"inLanguage":"BR"},{"@type":"Organization","@id":"https:\/\/www.mymonacelliitaly.com\/pt-br\/#organization","name":"Monacelli Italy","url":"https:\/\/www.mymonacelliitaly.com\/pt-br\/","logo":{"@type":"ImageObject","inLanguage":"BR","@id":"https:\/\/www.mymonacelliitaly.com\/pt-br\/#\/schema\/logo\/image\/","url":"https:\/\/www.mymonacelliitaly.com\/wp-content\/uploads\/2020\/10\/logo-bn_FONDO-BIANCO.jpg","contentUrl":"https:\/\/www.mymonacelliitaly.com\/wp-content\/uploads\/2020\/10\/logo-bn_FONDO-BIANCO.jpg","width":1074,"height":401,"caption":"Monacelli Italy"},"image":{"@id":"https:\/\/www.mymonacelliitaly.com\/pt-br\/#\/schema\/logo\/image\/"},"sameAs":["https:\/\/www.facebook.com\/monacelliitaly"]}]}},"_links":{"self":[{"href":"https:\/\/www.mymonacelliitaly.com\/pt-br\/wp-json\/wp\/v2\/product\/9791","targetHints":{"allow":["GET"]}}],"collection":[{"href":"https:\/\/www.mymonacelliitaly.com\/pt-br\/wp-json\/wp\/v2\/product"}],"about":[{"href":"https:\/\/www.mymonacelliitaly.com\/pt-br\/wp-json\/wp\/v2\/types\/product"}],"replies":[{"embeddable":true,"href":"https:\/\/www.mymonacelliitaly.com\/pt-br\/wp-json\/wp\/v2\/comments?post=9791"}],"wp:featuredmedia":[{"embeddable":true,"href":"https:\/\/www.mymonacelliitaly.com\/pt-br\/wp-json\/wp\/v2\/media\/5300"}],"wp:attachment":[{"href":"https:\/\/www.mymonacelliitaly.com\/pt-br\/wp-json\/wp\/v2\/media?parent=9791"}],"wp:term":[{"taxonomy":"product_brand","embeddable":true,"href":"https:\/\/www.mymonacelliitaly.com\/pt-br\/wp-json\/wp\/v2\/product_brand?post=9791"},{"taxonomy":"product_cat","embeddable":true,"href":"https:\/\/www.mymonacelliitaly.com\/pt-br\/wp-json\/wp\/v2\/product_cat?post=9791"},{"taxonomy":"product_tag","embeddable":true,"href":"https:\/\/www.mymonacelliitaly.com\/pt-br\/wp-json\/wp\/v2\/product_tag?post=9791"}],"curies":[{"name":"wp","href":"https:\/\/api.w.org\/{rel}","templated":true}]}}