












{"id":9790,"date":"2021-01-16T12:14:07","date_gmt":"2021-01-16T11:14:07","guid":{"rendered":"https:\/\/www.mymonacelliitaly.com\/product\/coloris\/"},"modified":"2021-05-24T16:45:07","modified_gmt":"2021-05-24T15:45:07","slug":"coloris","status":"publish","type":"product","link":"https:\/\/www.mymonacelliitaly.com\/pt-br\/produto\/coloris\/","title":{"rendered":"COLORIS"},"content":{"rendered":"<section class=\"wpb-content-wrapper\"><p>[vc_row][vc_column][vc_empty_space][vc_row_inner][vc_column_inner][vc_column_text]<\/p>\n<h2 style=\"text-align: center;\">AS NUANCES COLORAND<\/h2>\n<h6 style=\"text-align: center;\"><span style=\"font-weight: 400;\">\u00c9 composta por 68 nuances de cor, 5 superclareadoras, e subdividida em 11 fam\u00edlias que se misturam perfeitamente entre si.<br \/>\n<\/span><span style=\"font-weight: 400;\">Coloris inclui o uso de cream oxidant, a emuls\u00e3o oxidante com 7, 10, 20, 30 e 40 volumes a ser utilizada em mistura com a tintura de acordo com o resultado desejado.<\/span><\/h6>\n<p>&nbsp;<\/p>\n<p>[vc_empty_space][vc_images_carousel images=&#8221;7946,7940,7943&#8243; img_size=&#8221;full&#8221; onclick=&#8221;link_no&#8221; speed=&#8221;2500&#8243; autoplay=&#8221;yes&#8221; wrap=&#8221;yes&#8221;][\/vc_column][\/vc_row]<\/p>\n<\/section>","protected":false},"excerpt":{"rendered":"<p><strong>HARMONIOSO, DUR\u00c1VEL, SIMPLES<\/strong><\/p>\n<p>ColorIS \u00e9 a colora\u00e7\u00e3o permanente com textura macia e consistente e tonalidades intensas e luminosas com efeito natural, envolvendo o fio e garantindo cobertura m\u00e1xima dos cabelos brancos. Enriquecida com CromacherOne Complex. N\u00e3o cont\u00e9m PPD nem Resorcina. Estudada para trabalhar em sinergia com a tintura direta ColorAnd, para garantir resultados harm\u00f4nicos e permanentes das ra\u00edzes \u00e0s pontas.<\/p>\n<h6><strong>CAPACIDADE<\/strong> 100 ml<\/h6>\n<h5 style=\"text-align: left;\"><a href=\"https:\/\/www.mymonacelliitaly.com\/pt-br\/encontre-um-salao\/\"><strong>Exclusivamente no sal\u00e3o<\/strong><\/a><\/h5>\n<p><span style=\"font-weight: 400;\">\u00a0<\/span><\/p>\n","protected":false},"featured_media":7895,"comment_status":"open","ping_status":"closed","template":"","meta":[],"product_brand":[],"product_cat":[315,308,288,289],"product_tag":[300,332],"class_list":{"0":"post-9790","1":"product","2":"type-product","3":"status-publish","4":"has-post-thumbnail","6":"product_cat-cabelos-com-quimica","7":"product_cat-cabelos-danificados","8":"product_cat-cabelos-tingidos","9":"product_cat-cor","10":"product_tag-cabelos","11":"product_tag-tintura","13":"first","14":"instock","15":"shipping-taxable","16":"product-type-simple"},"yoast_head":"<!-- This site is optimized with the Yoast SEO plugin v25.0 - https:\/\/yoast.com\/wordpress\/plugins\/seo\/ -->\n<title>COLORIS | My Monacelli Italy<\/title>\n<meta name=\"description\" content=\"HARMONIOSO, DUR\u00c1VEL, SIMPLES  ColorIS \u00e9 a colora\u00e7\u00e3o permanente com textura macia e consistente e tonalidades intensas e luminosas com efeito natural, envolvendo o fio e garantindo cobertura m\u00e1xima dos cabelos brancos. Enriquecida com CromacherOne Complex. N\u00e3o cont\u00e9m PPD nem Resorcina. Estudada para trabalhar em sinergia com a tintura direta ColorAnd, para garantir resultados harm\u00f4nicos e permanentes das ra\u00edzes \u00e0s pontas. CAPACIDADE 100 ml Exclusivamente no sal\u00e3o \u00a0\" \/>\n<meta name=\"robots\" content=\"index, follow, max-snippet:-1, max-image-preview:large, max-video-preview:-1\" \/>\n<link rel=\"canonical\" href=\"https:\/\/www.mymonacelliitaly.com\/pt-br\/produto\/coloris\/\" \/>\n<meta property=\"og:locale\" content=\"en_US\" \/>\n<meta property=\"og:type\" content=\"article\" \/>\n<meta property=\"og:title\" content=\"COLORIS | My Monacelli Italy\" \/>\n<meta property=\"og:description\" content=\"HARMONIOSO, DUR\u00c1VEL, SIMPLES  ColorIS \u00e9 a colora\u00e7\u00e3o permanente com textura macia e consistente e tonalidades intensas e luminosas com efeito natural, envolvendo o fio e garantindo cobertura m\u00e1xima dos cabelos brancos. Enriquecida com CromacherOne Complex. N\u00e3o cont\u00e9m PPD nem Resorcina. Estudada para trabalhar em sinergia com a tintura direta ColorAnd, para garantir resultados harm\u00f4nicos e permanentes das ra\u00edzes \u00e0s pontas. CAPACIDADE 100 ml Exclusivamente no sal\u00e3o \u00a0\" \/>\n<meta property=\"og:url\" content=\"https:\/\/www.mymonacelliitaly.com\/pt-br\/produto\/coloris\/\" \/>\n<meta property=\"og:site_name\" content=\"My Monacelli Italy\" \/>\n<meta property=\"article:publisher\" content=\"https:\/\/www.facebook.com\/monacelliitaly\" \/>\n<meta property=\"article:modified_time\" content=\"2021-05-24T15:45:07+00:00\" \/>\n<meta property=\"og:image\" content=\"https:\/\/www.mymonacelliitaly.com\/wp-content\/uploads\/2021\/01\/coloris.jpg\" \/>\n\t<meta property=\"og:image:width\" content=\"600\" \/>\n\t<meta property=\"og:image:height\" content=\"803\" \/>\n\t<meta property=\"og:image:type\" content=\"image\/jpeg\" \/>\n<meta name=\"twitter:card\" content=\"summary_large_image\" \/>\n<script type=\"application\/ld+json\" class=\"yoast-schema-graph\">{\"@context\":\"https:\/\/schema.org\",\"@graph\":[{\"@type\":\"WebPage\",\"@id\":\"https:\/\/www.mymonacelliitaly.com\/pt-br\/produto\/coloris\/\",\"url\":\"https:\/\/www.mymonacelliitaly.com\/pt-br\/produto\/coloris\/\",\"name\":\"COLORIS | My Monacelli Italy\",\"isPartOf\":{\"@id\":\"https:\/\/www.mymonacelliitaly.com\/pt-br\/#website\"},\"primaryImageOfPage\":{\"@id\":\"https:\/\/www.mymonacelliitaly.com\/pt-br\/produto\/coloris\/#primaryimage\"},\"image\":{\"@id\":\"https:\/\/www.mymonacelliitaly.com\/pt-br\/produto\/coloris\/#primaryimage\"},\"thumbnailUrl\":\"https:\/\/www.mymonacelliitaly.com\/wp-content\/uploads\/2021\/01\/coloris.jpg\",\"datePublished\":\"2021-01-16T11:14:07+00:00\",\"dateModified\":\"2021-05-24T15:45:07+00:00\",\"description\":\"HARMONIOSO, DUR\u00c1VEL, SIMPLES ColorIS \u00e9 a colora\u00e7\u00e3o permanente com textura macia e consistente e tonalidades intensas e luminosas com efeito natural, envolvendo o fio e garantindo cobertura m\u00e1xima dos cabelos brancos. Enriquecida com CromacherOne Complex. N\u00e3o cont\u00e9m PPD nem Resorcina. Estudada para trabalhar em sinergia com a tintura direta ColorAnd, para garantir resultados harm\u00f4nicos e permanentes das ra\u00edzes \u00e0s pontas. CAPACIDADE 100 ml Exclusivamente no sal\u00e3o \u00a0\",\"breadcrumb\":{\"@id\":\"https:\/\/www.mymonacelliitaly.com\/pt-br\/produto\/coloris\/#breadcrumb\"},\"inLanguage\":\"BR\",\"potentialAction\":[{\"@type\":\"ReadAction\",\"target\":[\"https:\/\/www.mymonacelliitaly.com\/pt-br\/produto\/coloris\/\"]}]},{\"@type\":\"ImageObject\",\"inLanguage\":\"BR\",\"@id\":\"https:\/\/www.mymonacelliitaly.com\/pt-br\/produto\/coloris\/#primaryimage\",\"url\":\"https:\/\/www.mymonacelliitaly.com\/wp-content\/uploads\/2021\/01\/coloris.jpg\",\"contentUrl\":\"https:\/\/www.mymonacelliitaly.com\/wp-content\/uploads\/2021\/01\/coloris.jpg\",\"width\":600,\"height\":803},{\"@type\":\"BreadcrumbList\",\"@id\":\"https:\/\/www.mymonacelliitaly.com\/pt-br\/produto\/coloris\/#breadcrumb\",\"itemListElement\":[{\"@type\":\"ListItem\",\"position\":1,\"name\":\"Home\",\"item\":\"https:\/\/www.mymonacelliitaly.com\/pt-br\/\"},{\"@type\":\"ListItem\",\"position\":2,\"name\":\"Shop\",\"item\":\"https:\/\/www.mymonacelliitaly.com\/negozio\/\"},{\"@type\":\"ListItem\",\"position\":3,\"name\":\"COLORIS\"}]},{\"@type\":\"WebSite\",\"@id\":\"https:\/\/www.mymonacelliitaly.com\/pt-br\/#website\",\"url\":\"https:\/\/www.mymonacelliitaly.com\/pt-br\/\",\"name\":\"My Monacelli Italy\",\"description\":\"L\u2019unica azienda cosmetica certificata come \u201cazienda di sviluppo\u201d.\",\"publisher\":{\"@id\":\"https:\/\/www.mymonacelliitaly.com\/pt-br\/#organization\"},\"potentialAction\":[{\"@type\":\"SearchAction\",\"target\":{\"@type\":\"EntryPoint\",\"urlTemplate\":\"https:\/\/www.mymonacelliitaly.com\/pt-br\/?s={search_term_string}\"},\"query-input\":{\"@type\":\"PropertyValueSpecification\",\"valueRequired\":true,\"valueName\":\"search_term_string\"}}],\"inLanguage\":\"BR\"},{\"@type\":\"Organization\",\"@id\":\"https:\/\/www.mymonacelliitaly.com\/pt-br\/#organization\",\"name\":\"Monacelli Italy\",\"url\":\"https:\/\/www.mymonacelliitaly.com\/pt-br\/\",\"logo\":{\"@type\":\"ImageObject\",\"inLanguage\":\"BR\",\"@id\":\"https:\/\/www.mymonacelliitaly.com\/pt-br\/#\/schema\/logo\/image\/\",\"url\":\"https:\/\/www.mymonacelliitaly.com\/wp-content\/uploads\/2020\/10\/logo-bn_FONDO-BIANCO.jpg\",\"contentUrl\":\"https:\/\/www.mymonacelliitaly.com\/wp-content\/uploads\/2020\/10\/logo-bn_FONDO-BIANCO.jpg\",\"width\":1074,\"height\":401,\"caption\":\"Monacelli Italy\"},\"image\":{\"@id\":\"https:\/\/www.mymonacelliitaly.com\/pt-br\/#\/schema\/logo\/image\/\"},\"sameAs\":[\"https:\/\/www.facebook.com\/monacelliitaly\"]}]}<\/script>\n<!-- \/ Yoast SEO plugin. -->","yoast_head_json":{"title":"COLORIS | My Monacelli Italy","description":"HARMONIOSO, DUR\u00c1VEL, SIMPLES  ColorIS \u00e9 a colora\u00e7\u00e3o permanente com textura macia e consistente e tonalidades intensas e luminosas com efeito natural, envolvendo o fio e garantindo cobertura m\u00e1xima dos cabelos brancos. Enriquecida com CromacherOne Complex. N\u00e3o cont\u00e9m PPD nem Resorcina. Estudada para trabalhar em sinergia com a tintura direta ColorAnd, para garantir resultados harm\u00f4nicos e permanentes das ra\u00edzes \u00e0s pontas. CAPACIDADE 100 ml Exclusivamente no sal\u00e3o \u00a0","robots":{"index":"index","follow":"follow","max-snippet":"max-snippet:-1","max-image-preview":"max-image-preview:large","max-video-preview":"max-video-preview:-1"},"canonical":"https:\/\/www.mymonacelliitaly.com\/pt-br\/produto\/coloris\/","og_locale":"en_US","og_type":"article","og_title":"COLORIS | My Monacelli Italy","og_description":"HARMONIOSO, DUR\u00c1VEL, SIMPLES  ColorIS \u00e9 a colora\u00e7\u00e3o permanente com textura macia e consistente e tonalidades intensas e luminosas com efeito natural, envolvendo o fio e garantindo cobertura m\u00e1xima dos cabelos brancos. Enriquecida com CromacherOne Complex. N\u00e3o cont\u00e9m PPD nem Resorcina. Estudada para trabalhar em sinergia com a tintura direta ColorAnd, para garantir resultados harm\u00f4nicos e permanentes das ra\u00edzes \u00e0s pontas. CAPACIDADE 100 ml Exclusivamente no sal\u00e3o \u00a0","og_url":"https:\/\/www.mymonacelliitaly.com\/pt-br\/produto\/coloris\/","og_site_name":"My Monacelli Italy","article_publisher":"https:\/\/www.facebook.com\/monacelliitaly","article_modified_time":"2021-05-24T15:45:07+00:00","og_image":[{"width":600,"height":803,"url":"https:\/\/www.mymonacelliitaly.com\/wp-content\/uploads\/2021\/01\/coloris.jpg","type":"image\/jpeg"}],"twitter_card":"summary_large_image","schema":{"@context":"https:\/\/schema.org","@graph":[{"@type":"WebPage","@id":"https:\/\/www.mymonacelliitaly.com\/pt-br\/produto\/coloris\/","url":"https:\/\/www.mymonacelliitaly.com\/pt-br\/produto\/coloris\/","name":"COLORIS | My Monacelli Italy","isPartOf":{"@id":"https:\/\/www.mymonacelliitaly.com\/pt-br\/#website"},"primaryImageOfPage":{"@id":"https:\/\/www.mymonacelliitaly.com\/pt-br\/produto\/coloris\/#primaryimage"},"image":{"@id":"https:\/\/www.mymonacelliitaly.com\/pt-br\/produto\/coloris\/#primaryimage"},"thumbnailUrl":"https:\/\/www.mymonacelliitaly.com\/wp-content\/uploads\/2021\/01\/coloris.jpg","datePublished":"2021-01-16T11:14:07+00:00","dateModified":"2021-05-24T15:45:07+00:00","description":"HARMONIOSO, DUR\u00c1VEL, SIMPLES ColorIS \u00e9 a colora\u00e7\u00e3o permanente com textura macia e consistente e tonalidades intensas e luminosas com efeito natural, envolvendo o fio e garantindo cobertura m\u00e1xima dos cabelos brancos. Enriquecida com CromacherOne Complex. N\u00e3o cont\u00e9m PPD nem Resorcina. Estudada para trabalhar em sinergia com a tintura direta ColorAnd, para garantir resultados harm\u00f4nicos e permanentes das ra\u00edzes \u00e0s pontas. CAPACIDADE 100 ml Exclusivamente no sal\u00e3o \u00a0","breadcrumb":{"@id":"https:\/\/www.mymonacelliitaly.com\/pt-br\/produto\/coloris\/#breadcrumb"},"inLanguage":"BR","potentialAction":[{"@type":"ReadAction","target":["https:\/\/www.mymonacelliitaly.com\/pt-br\/produto\/coloris\/"]}]},{"@type":"ImageObject","inLanguage":"BR","@id":"https:\/\/www.mymonacelliitaly.com\/pt-br\/produto\/coloris\/#primaryimage","url":"https:\/\/www.mymonacelliitaly.com\/wp-content\/uploads\/2021\/01\/coloris.jpg","contentUrl":"https:\/\/www.mymonacelliitaly.com\/wp-content\/uploads\/2021\/01\/coloris.jpg","width":600,"height":803},{"@type":"BreadcrumbList","@id":"https:\/\/www.mymonacelliitaly.com\/pt-br\/produto\/coloris\/#breadcrumb","itemListElement":[{"@type":"ListItem","position":1,"name":"Home","item":"https:\/\/www.mymonacelliitaly.com\/pt-br\/"},{"@type":"ListItem","position":2,"name":"Shop","item":"https:\/\/www.mymonacelliitaly.com\/negozio\/"},{"@type":"ListItem","position":3,"name":"COLORIS"}]},{"@type":"WebSite","@id":"https:\/\/www.mymonacelliitaly.com\/pt-br\/#website","url":"https:\/\/www.mymonacelliitaly.com\/pt-br\/","name":"My Monacelli Italy","description":"L\u2019unica azienda cosmetica certificata come \u201cazienda di sviluppo\u201d.","publisher":{"@id":"https:\/\/www.mymonacelliitaly.com\/pt-br\/#organization"},"potentialAction":[{"@type":"SearchAction","target":{"@type":"EntryPoint","urlTemplate":"https:\/\/www.mymonacelliitaly.com\/pt-br\/?s={search_term_string}"},"query-input":{"@type":"PropertyValueSpecification","valueRequired":true,"valueName":"search_term_string"}}],"inLanguage":"BR"},{"@type":"Organization","@id":"https:\/\/www.mymonacelliitaly.com\/pt-br\/#organization","name":"Monacelli Italy","url":"https:\/\/www.mymonacelliitaly.com\/pt-br\/","logo":{"@type":"ImageObject","inLanguage":"BR","@id":"https:\/\/www.mymonacelliitaly.com\/pt-br\/#\/schema\/logo\/image\/","url":"https:\/\/www.mymonacelliitaly.com\/wp-content\/uploads\/2020\/10\/logo-bn_FONDO-BIANCO.jpg","contentUrl":"https:\/\/www.mymonacelliitaly.com\/wp-content\/uploads\/2020\/10\/logo-bn_FONDO-BIANCO.jpg","width":1074,"height":401,"caption":"Monacelli Italy"},"image":{"@id":"https:\/\/www.mymonacelliitaly.com\/pt-br\/#\/schema\/logo\/image\/"},"sameAs":["https:\/\/www.facebook.com\/monacelliitaly"]}]}},"_links":{"self":[{"href":"https:\/\/www.mymonacelliitaly.com\/pt-br\/wp-json\/wp\/v2\/product\/9790","targetHints":{"allow":["GET"]}}],"collection":[{"href":"https:\/\/www.mymonacelliitaly.com\/pt-br\/wp-json\/wp\/v2\/product"}],"about":[{"href":"https:\/\/www.mymonacelliitaly.com\/pt-br\/wp-json\/wp\/v2\/types\/product"}],"replies":[{"embeddable":true,"href":"https:\/\/www.mymonacelliitaly.com\/pt-br\/wp-json\/wp\/v2\/comments?post=9790"}],"wp:featuredmedia":[{"embeddable":true,"href":"https:\/\/www.mymonacelliitaly.com\/pt-br\/wp-json\/wp\/v2\/media\/7895"}],"wp:attachment":[{"href":"https:\/\/www.mymonacelliitaly.com\/pt-br\/wp-json\/wp\/v2\/media?parent=9790"}],"wp:term":[{"taxonomy":"product_brand","embeddable":true,"href":"https:\/\/www.mymonacelliitaly.com\/pt-br\/wp-json\/wp\/v2\/product_brand?post=9790"},{"taxonomy":"product_cat","embeddable":true,"href":"https:\/\/www.mymonacelliitaly.com\/pt-br\/wp-json\/wp\/v2\/product_cat?post=9790"},{"taxonomy":"product_tag","embeddable":true,"href":"https:\/\/www.mymonacelliitaly.com\/pt-br\/wp-json\/wp\/v2\/product_tag?post=9790"}],"curies":[{"name":"wp","href":"https:\/\/api.w.org\/{rel}","templated":true}]}}