












{"id":9779,"date":"2021-02-08T17:53:34","date_gmt":"2021-02-08T16:53:34","guid":{"rendered":"https:\/\/www.mymonacelliitaly.com\/product\/trattamento-gold-20\/"},"modified":"2021-05-21T11:03:04","modified_gmt":"2021-05-21T10:03:04","slug":"trattamento-gold-20","status":"publish","type":"product","link":"https:\/\/www.mymonacelliitaly.com\/pt-br\/produto\/trattamento-gold-20\/","title":{"rendered":"TRATAMENTO DE RECONSTRU\u00c7\u00c3O GOLD 20"},"content":{"rendered":"<p><strong>Tratamento<\/strong> reestruturante que reconstr\u00f3i a integridade do cabelo a partir do interior, que se torna forte, robusto, saud\u00e1vel e natural.<br \/>\n<strong>Cabelos reestruturados at\u00e9 as pontas por um m\u00eas em s\u00f3 20 minutos.<\/strong><\/p>\n","protected":false},"excerpt":{"rendered":"<p>REESTRUTURA E ILUMINA<\/p>\n<p>Creme reestruturante que restaura a integridade do fio, penetrando profundamente.<br \/>\nDevolve aos fios o seu estado natural da raiz \u00e0s pontas, exalta o brilho da cor e deixa os cabelos mais fortes, mais encorpados, mais volumosos, mais macios e reestruturados.<\/p>\n<h6><strong>CAPACIDADE<\/strong> 500 ml<\/h6>\n<h5 style=\"text-align: left;\"><a href=\"https:\/\/www.mymonacelliitaly.com\/pt-br\/encontre-um-salao\/\"><strong>Exclusivamente no sal\u00e3o<\/strong><\/a><\/h5>\n","protected":false},"featured_media":16630,"comment_status":"open","ping_status":"closed","template":"","meta":[],"product_brand":[],"product_cat":[319,320,307,315,308,309,314,318,312,310,313,316,298],"product_tag":[],"class_list":{"0":"post-9779","1":"product","2":"type-product","3":"status-publish","4":"has-post-thumbnail","6":"product_cat-cabelos","7":"product_cat-cabelos-cacheados","8":"product_cat-cabelos-com-frizz","9":"product_cat-cabelos-com-quimica","10":"product_cat-cabelos-danificados","11":"product_cat-cabelos-desidratados","12":"product_cat-cabelos-finos","13":"product_cat-cabelos-lisos","14":"product_cat-cabelos-normais","15":"product_cat-cabelos-ralos","16":"product_cat-cabelos-secos","17":"product_cat-gold","18":"product_cat-mat-technology","20":"first","21":"instock","22":"shipping-taxable","23":"product-type-simple"},"yoast_head":"<!-- This site is optimized with the Yoast SEO plugin v25.0 - https:\/\/yoast.com\/wordpress\/plugins\/seo\/ -->\n<title>TRATAMENTO DE RECONSTRU\u00c7\u00c3O GOLD 20 | My Monacelli Italy<\/title>\n<meta name=\"description\" content=\"REESTRUTURA E ILUMINA  Creme reestruturante que restaura a integridade do fio, penetrando profundamente. Devolve aos fios o seu estado natural da raiz \u00e0s pontas, exalta o brilho da cor e deixa os cabelos mais fortes, mais encorpados, mais volumosos, mais macios e reestruturados. CAPACIDADE 500 ml Exclusivamente no sal\u00e3o\" \/>\n<meta name=\"robots\" content=\"index, follow, max-snippet:-1, max-image-preview:large, max-video-preview:-1\" \/>\n<link rel=\"canonical\" href=\"https:\/\/www.mymonacelliitaly.com\/pt-br\/produto\/trattamento-gold-20\/\" \/>\n<meta property=\"og:locale\" content=\"en_US\" \/>\n<meta property=\"og:type\" content=\"article\" \/>\n<meta property=\"og:title\" content=\"TRATAMENTO DE RECONSTRU\u00c7\u00c3O GOLD 20 | My Monacelli Italy\" \/>\n<meta property=\"og:description\" content=\"REESTRUTURA E ILUMINA  Creme reestruturante que restaura a integridade do fio, penetrando profundamente. Devolve aos fios o seu estado natural da raiz \u00e0s pontas, exalta o brilho da cor e deixa os cabelos mais fortes, mais encorpados, mais volumosos, mais macios e reestruturados. CAPACIDADE 500 ml Exclusivamente no sal\u00e3o\" \/>\n<meta property=\"og:url\" content=\"https:\/\/www.mymonacelliitaly.com\/pt-br\/produto\/trattamento-gold-20\/\" \/>\n<meta property=\"og:site_name\" content=\"My Monacelli Italy\" \/>\n<meta property=\"article:publisher\" content=\"https:\/\/www.facebook.com\/monacelliitaly\" \/>\n<meta property=\"article:modified_time\" content=\"2021-05-21T10:03:04+00:00\" \/>\n<meta property=\"og:image\" content=\"https:\/\/www.mymonacelliitaly.com\/wp-content\/uploads\/2023\/12\/gold-20-3K-boll.png\" \/>\n\t<meta property=\"og:image:width\" content=\"600\" \/>\n\t<meta property=\"og:image:height\" content=\"803\" \/>\n\t<meta property=\"og:image:type\" content=\"image\/png\" \/>\n<meta name=\"twitter:card\" content=\"summary_large_image\" \/>\n<script type=\"application\/ld+json\" class=\"yoast-schema-graph\">{\"@context\":\"https:\/\/schema.org\",\"@graph\":[{\"@type\":\"WebPage\",\"@id\":\"https:\/\/www.mymonacelliitaly.com\/pt-br\/produto\/trattamento-gold-20\/\",\"url\":\"https:\/\/www.mymonacelliitaly.com\/pt-br\/produto\/trattamento-gold-20\/\",\"name\":\"TRATAMENTO DE RECONSTRU\u00c7\u00c3O GOLD 20 | My Monacelli Italy\",\"isPartOf\":{\"@id\":\"https:\/\/www.mymonacelliitaly.com\/pt-br\/#website\"},\"primaryImageOfPage\":{\"@id\":\"https:\/\/www.mymonacelliitaly.com\/pt-br\/produto\/trattamento-gold-20\/#primaryimage\"},\"image\":{\"@id\":\"https:\/\/www.mymonacelliitaly.com\/pt-br\/produto\/trattamento-gold-20\/#primaryimage\"},\"thumbnailUrl\":\"https:\/\/www.mymonacelliitaly.com\/wp-content\/uploads\/2023\/12\/gold-20-3K-boll.png\",\"datePublished\":\"2021-02-08T16:53:34+00:00\",\"dateModified\":\"2021-05-21T10:03:04+00:00\",\"description\":\"REESTRUTURA E ILUMINA Creme reestruturante que restaura a integridade do fio, penetrando profundamente. Devolve aos fios o seu estado natural da raiz \u00e0s pontas, exalta o brilho da cor e deixa os cabelos mais fortes, mais encorpados, mais volumosos, mais macios e reestruturados. CAPACIDADE 500 ml Exclusivamente no sal\u00e3o\",\"breadcrumb\":{\"@id\":\"https:\/\/www.mymonacelliitaly.com\/pt-br\/produto\/trattamento-gold-20\/#breadcrumb\"},\"inLanguage\":\"BR\",\"potentialAction\":[{\"@type\":\"ReadAction\",\"target\":[\"https:\/\/www.mymonacelliitaly.com\/pt-br\/produto\/trattamento-gold-20\/\"]}]},{\"@type\":\"ImageObject\",\"inLanguage\":\"BR\",\"@id\":\"https:\/\/www.mymonacelliitaly.com\/pt-br\/produto\/trattamento-gold-20\/#primaryimage\",\"url\":\"https:\/\/www.mymonacelliitaly.com\/wp-content\/uploads\/2023\/12\/gold-20-3K-boll.png\",\"contentUrl\":\"https:\/\/www.mymonacelliitaly.com\/wp-content\/uploads\/2023\/12\/gold-20-3K-boll.png\",\"width\":600,\"height\":803},{\"@type\":\"BreadcrumbList\",\"@id\":\"https:\/\/www.mymonacelliitaly.com\/pt-br\/produto\/trattamento-gold-20\/#breadcrumb\",\"itemListElement\":[{\"@type\":\"ListItem\",\"position\":1,\"name\":\"Home\",\"item\":\"https:\/\/www.mymonacelliitaly.com\/pt-br\/\"},{\"@type\":\"ListItem\",\"position\":2,\"name\":\"Shop\",\"item\":\"https:\/\/www.mymonacelliitaly.com\/negozio\/\"},{\"@type\":\"ListItem\",\"position\":3,\"name\":\"TRATAMENTO DE RECONSTRU\u00c7\u00c3O GOLD 20\"}]},{\"@type\":\"WebSite\",\"@id\":\"https:\/\/www.mymonacelliitaly.com\/pt-br\/#website\",\"url\":\"https:\/\/www.mymonacelliitaly.com\/pt-br\/\",\"name\":\"My Monacelli Italy\",\"description\":\"L\u2019unica azienda cosmetica certificata come \u201cazienda di sviluppo\u201d.\",\"publisher\":{\"@id\":\"https:\/\/www.mymonacelliitaly.com\/pt-br\/#organization\"},\"potentialAction\":[{\"@type\":\"SearchAction\",\"target\":{\"@type\":\"EntryPoint\",\"urlTemplate\":\"https:\/\/www.mymonacelliitaly.com\/pt-br\/?s={search_term_string}\"},\"query-input\":{\"@type\":\"PropertyValueSpecification\",\"valueRequired\":true,\"valueName\":\"search_term_string\"}}],\"inLanguage\":\"BR\"},{\"@type\":\"Organization\",\"@id\":\"https:\/\/www.mymonacelliitaly.com\/pt-br\/#organization\",\"name\":\"Monacelli Italy\",\"url\":\"https:\/\/www.mymonacelliitaly.com\/pt-br\/\",\"logo\":{\"@type\":\"ImageObject\",\"inLanguage\":\"BR\",\"@id\":\"https:\/\/www.mymonacelliitaly.com\/pt-br\/#\/schema\/logo\/image\/\",\"url\":\"https:\/\/www.mymonacelliitaly.com\/wp-content\/uploads\/2020\/10\/logo-bn_FONDO-BIANCO.jpg\",\"contentUrl\":\"https:\/\/www.mymonacelliitaly.com\/wp-content\/uploads\/2020\/10\/logo-bn_FONDO-BIANCO.jpg\",\"width\":1074,\"height\":401,\"caption\":\"Monacelli Italy\"},\"image\":{\"@id\":\"https:\/\/www.mymonacelliitaly.com\/pt-br\/#\/schema\/logo\/image\/\"},\"sameAs\":[\"https:\/\/www.facebook.com\/monacelliitaly\"]}]}<\/script>\n<!-- \/ Yoast SEO plugin. -->","yoast_head_json":{"title":"TRATAMENTO DE RECONSTRU\u00c7\u00c3O GOLD 20 | My Monacelli Italy","description":"REESTRUTURA E ILUMINA  Creme reestruturante que restaura a integridade do fio, penetrando profundamente. Devolve aos fios o seu estado natural da raiz \u00e0s pontas, exalta o brilho da cor e deixa os cabelos mais fortes, mais encorpados, mais volumosos, mais macios e reestruturados. CAPACIDADE 500 ml Exclusivamente no sal\u00e3o","robots":{"index":"index","follow":"follow","max-snippet":"max-snippet:-1","max-image-preview":"max-image-preview:large","max-video-preview":"max-video-preview:-1"},"canonical":"https:\/\/www.mymonacelliitaly.com\/pt-br\/produto\/trattamento-gold-20\/","og_locale":"en_US","og_type":"article","og_title":"TRATAMENTO DE RECONSTRU\u00c7\u00c3O GOLD 20 | My Monacelli Italy","og_description":"REESTRUTURA E ILUMINA  Creme reestruturante que restaura a integridade do fio, penetrando profundamente. Devolve aos fios o seu estado natural da raiz \u00e0s pontas, exalta o brilho da cor e deixa os cabelos mais fortes, mais encorpados, mais volumosos, mais macios e reestruturados. CAPACIDADE 500 ml Exclusivamente no sal\u00e3o","og_url":"https:\/\/www.mymonacelliitaly.com\/pt-br\/produto\/trattamento-gold-20\/","og_site_name":"My Monacelli Italy","article_publisher":"https:\/\/www.facebook.com\/monacelliitaly","article_modified_time":"2021-05-21T10:03:04+00:00","og_image":[{"width":600,"height":803,"url":"https:\/\/www.mymonacelliitaly.com\/wp-content\/uploads\/2023\/12\/gold-20-3K-boll.png","type":"image\/png"}],"twitter_card":"summary_large_image","schema":{"@context":"https:\/\/schema.org","@graph":[{"@type":"WebPage","@id":"https:\/\/www.mymonacelliitaly.com\/pt-br\/produto\/trattamento-gold-20\/","url":"https:\/\/www.mymonacelliitaly.com\/pt-br\/produto\/trattamento-gold-20\/","name":"TRATAMENTO DE RECONSTRU\u00c7\u00c3O GOLD 20 | My Monacelli Italy","isPartOf":{"@id":"https:\/\/www.mymonacelliitaly.com\/pt-br\/#website"},"primaryImageOfPage":{"@id":"https:\/\/www.mymonacelliitaly.com\/pt-br\/produto\/trattamento-gold-20\/#primaryimage"},"image":{"@id":"https:\/\/www.mymonacelliitaly.com\/pt-br\/produto\/trattamento-gold-20\/#primaryimage"},"thumbnailUrl":"https:\/\/www.mymonacelliitaly.com\/wp-content\/uploads\/2023\/12\/gold-20-3K-boll.png","datePublished":"2021-02-08T16:53:34+00:00","dateModified":"2021-05-21T10:03:04+00:00","description":"REESTRUTURA E ILUMINA Creme reestruturante que restaura a integridade do fio, penetrando profundamente. Devolve aos fios o seu estado natural da raiz \u00e0s pontas, exalta o brilho da cor e deixa os cabelos mais fortes, mais encorpados, mais volumosos, mais macios e reestruturados. CAPACIDADE 500 ml Exclusivamente no sal\u00e3o","breadcrumb":{"@id":"https:\/\/www.mymonacelliitaly.com\/pt-br\/produto\/trattamento-gold-20\/#breadcrumb"},"inLanguage":"BR","potentialAction":[{"@type":"ReadAction","target":["https:\/\/www.mymonacelliitaly.com\/pt-br\/produto\/trattamento-gold-20\/"]}]},{"@type":"ImageObject","inLanguage":"BR","@id":"https:\/\/www.mymonacelliitaly.com\/pt-br\/produto\/trattamento-gold-20\/#primaryimage","url":"https:\/\/www.mymonacelliitaly.com\/wp-content\/uploads\/2023\/12\/gold-20-3K-boll.png","contentUrl":"https:\/\/www.mymonacelliitaly.com\/wp-content\/uploads\/2023\/12\/gold-20-3K-boll.png","width":600,"height":803},{"@type":"BreadcrumbList","@id":"https:\/\/www.mymonacelliitaly.com\/pt-br\/produto\/trattamento-gold-20\/#breadcrumb","itemListElement":[{"@type":"ListItem","position":1,"name":"Home","item":"https:\/\/www.mymonacelliitaly.com\/pt-br\/"},{"@type":"ListItem","position":2,"name":"Shop","item":"https:\/\/www.mymonacelliitaly.com\/negozio\/"},{"@type":"ListItem","position":3,"name":"TRATAMENTO DE RECONSTRU\u00c7\u00c3O GOLD 20"}]},{"@type":"WebSite","@id":"https:\/\/www.mymonacelliitaly.com\/pt-br\/#website","url":"https:\/\/www.mymonacelliitaly.com\/pt-br\/","name":"My Monacelli Italy","description":"L\u2019unica azienda cosmetica certificata come \u201cazienda di sviluppo\u201d.","publisher":{"@id":"https:\/\/www.mymonacelliitaly.com\/pt-br\/#organization"},"potentialAction":[{"@type":"SearchAction","target":{"@type":"EntryPoint","urlTemplate":"https:\/\/www.mymonacelliitaly.com\/pt-br\/?s={search_term_string}"},"query-input":{"@type":"PropertyValueSpecification","valueRequired":true,"valueName":"search_term_string"}}],"inLanguage":"BR"},{"@type":"Organization","@id":"https:\/\/www.mymonacelliitaly.com\/pt-br\/#organization","name":"Monacelli Italy","url":"https:\/\/www.mymonacelliitaly.com\/pt-br\/","logo":{"@type":"ImageObject","inLanguage":"BR","@id":"https:\/\/www.mymonacelliitaly.com\/pt-br\/#\/schema\/logo\/image\/","url":"https:\/\/www.mymonacelliitaly.com\/wp-content\/uploads\/2020\/10\/logo-bn_FONDO-BIANCO.jpg","contentUrl":"https:\/\/www.mymonacelliitaly.com\/wp-content\/uploads\/2020\/10\/logo-bn_FONDO-BIANCO.jpg","width":1074,"height":401,"caption":"Monacelli Italy"},"image":{"@id":"https:\/\/www.mymonacelliitaly.com\/pt-br\/#\/schema\/logo\/image\/"},"sameAs":["https:\/\/www.facebook.com\/monacelliitaly"]}]}},"_links":{"self":[{"href":"https:\/\/www.mymonacelliitaly.com\/pt-br\/wp-json\/wp\/v2\/product\/9779","targetHints":{"allow":["GET"]}}],"collection":[{"href":"https:\/\/www.mymonacelliitaly.com\/pt-br\/wp-json\/wp\/v2\/product"}],"about":[{"href":"https:\/\/www.mymonacelliitaly.com\/pt-br\/wp-json\/wp\/v2\/types\/product"}],"replies":[{"embeddable":true,"href":"https:\/\/www.mymonacelliitaly.com\/pt-br\/wp-json\/wp\/v2\/comments?post=9779"}],"wp:featuredmedia":[{"embeddable":true,"href":"https:\/\/www.mymonacelliitaly.com\/pt-br\/wp-json\/wp\/v2\/media\/16630"}],"wp:attachment":[{"href":"https:\/\/www.mymonacelliitaly.com\/pt-br\/wp-json\/wp\/v2\/media?parent=9779"}],"wp:term":[{"taxonomy":"product_brand","embeddable":true,"href":"https:\/\/www.mymonacelliitaly.com\/pt-br\/wp-json\/wp\/v2\/product_brand?post=9779"},{"taxonomy":"product_cat","embeddable":true,"href":"https:\/\/www.mymonacelliitaly.com\/pt-br\/wp-json\/wp\/v2\/product_cat?post=9779"},{"taxonomy":"product_tag","embeddable":true,"href":"https:\/\/www.mymonacelliitaly.com\/pt-br\/wp-json\/wp\/v2\/product_tag?post=9779"}],"curies":[{"name":"wp","href":"https:\/\/api.w.org\/{rel}","templated":true}]}}