












{"id":9973,"date":"2021-05-11T10:32:30","date_gmt":"2021-05-11T09:32:30","guid":{"rendered":"https:\/\/www.mymonacelliitaly.com\/?page_id=9973"},"modified":"2021-05-12T14:37:41","modified_gmt":"2021-05-12T13:37:41","slug":"certificacoes","status":"publish","type":"page","link":"https:\/\/www.mymonacelliitaly.com\/pt-br\/certificacoes\/","title":{"rendered":"Certifica\u00e7\u00f5es"},"content":{"rendered":"<section class=\"wpb-content-wrapper\"><p>[vc_row][vc_column][vc_empty_space][\/vc_column][\/vc_row][vc_row][vc_column]<div class=\"mkdf-section-title-holder  mkdf-st-top-tagline-position mkdf-st-center-position mkdf-st-bottom-image-position \" style=\"text-align: center\">\n\t<div class=\"mkdf-st-inner\">\n\t\t\t\t\t\t\t<span class=\"mkdf-st-tagline\" >\n\t\t\t\tcertifica\u00e7\u00f5es\t\t\t<\/span>\n\t\t\t\t\t\t\t<h2 class=\"mkdf-st-title\" >\n\t\t\t\tCertifica\u00e7\u00f5es\t\t\t<\/h2>\n\t\t\t\t\t\t\t\t\t\t\t\t\t<\/div>\n<\/div>[\/vc_column][\/vc_row][vc_row][vc_column][vc_empty_space][\/vc_column][\/vc_row][vc_row][vc_column][vc_column_text]Ter uma nova vis\u00e3o do mundo da moda do cabelo e da beleza nos possibilitou obter, junto a entes credenciados de n\u00edvel mundial, <strong>importantes certifica\u00e7\u00f5es<\/strong> que comprovam o comprometimento, a paix\u00e3o e o profissionalismo com que n\u00f3s realizamos o nosso trabalho todos os dias.<br \/>\nN\u00e3o s\u00f3 produtos de vanguarda, criados a partir de uma mentalidade eco-sustent\u00e1vel, mas um <strong>sistema total de gest\u00e3o <\/strong>do sal\u00e3o e do cliente, de atualiza\u00e7\u00e3o e forma\u00e7\u00e3o continua, inovador e <strong>certificado como a excel\u00eancia do setor<\/strong>. Qualidade, cuidado, respeite pelo ambiente e pelas pessoas, constante busca pela satisfa\u00e7\u00e3o do cliente, controles rigorosos e peri\u00f3dicos em todo o processo da empresa, s\u00e3o apenas alguns dos elementos que caracterizam a Monacelli Italy, para os quais recebemos reconhecimentos a n\u00edvel internacional.[\/vc_column_text][vc_empty_space][\/vc_column][\/vc_row][vc_row][vc_column width=&#8221;1\/5&#8243;][vc_single_image image=&#8221;8009&#8243;][vc_column_text]<\/p>\n<p class=\"title\">DNV-GL iso 9001:2015<\/p>\n<p class=\"sub-title\">SISTEMA DE GEST\u00c3O<\/p>\n<p>DA QUALIDADE DA EMPRESA[\/vc_column_text][\/vc_column][vc_column width=&#8221;1\/5&#8243;][vc_single_image image=&#8221;8012&#8243;][vc_column_text]<\/p>\n<p class=\"title\">DNV-GL ISO14001:2015<\/p>\n<p class=\"sub-title\">SISTEMA DE GEST\u00c3O<br \/>\nAMBIENTAL<\/p>\n<p>[\/vc_column_text][\/vc_column][vc_column width=&#8221;1\/5&#8243;][vc_single_image image=&#8221;8015&#8243;][vc_column_text]<\/p>\n<p class=\"title\">DNV ISO 22716<\/p>\n<p class=\"sub-title\">PR\u00c1TICAS DE BOA FABRICA\u00c7\u00c3O DOS PRODUTOS<br \/>\nCOSM\u00c9TICOS (GMP)<\/p>\n<p>[\/vc_column_text][\/vc_column][vc_column width=&#8221;1\/5&#8243;][vc_single_image image=&#8221;8096&#8243;][vc_column_text]<\/p>\n<p class=\"title\">ICEA COSM\u00c9TICOS<br \/>\nNATURAIS<\/p>\n<p class=\"sub-title\">USO DE MAT\u00c9RIAS-PRIMAS<br \/>\nNATURAIS<\/p>\n<p>[\/vc_column_text][\/vc_column][vc_column width=&#8221;1\/5&#8243;][vc_single_image image=&#8221;8093&#8243;][vc_column_text]<\/p>\n<p class=\"title\">ICEA ECOBIO COSM\u00c9TICOS<\/p>\n<p class=\"sub-title\">USO DE MAT\u00c9RIAS-PRIMAS<br \/>\nORG\u00c2NICAS<\/p>\n<p>[\/vc_column_text][\/vc_column][\/vc_row][vc_row][vc_column width=&#8221;2\/3&#8243;][vc_column_text]*DNV certificou a Melius srl para os sistemas de treinamento Monacelli Italy[\/vc_column_text][\/vc_column][vc_column width=&#8221;1\/3&#8243;][vc_column_text]* ICEA certificou como cosm\u00e9ticos naturais e eco bio cosm\u00e9ticos s mat\u00e9rias-primas desenvolvidas no laborat\u00f3rio de pesquisa Progressus.[\/vc_column_text][\/vc_column][\/vc_row]<\/p>\n<\/section>","protected":false},"excerpt":{"rendered":"<p>[vc_row][vc_column][vc_empty_space][\/vc_column][\/vc_row][vc_row][vc_column][\/vc_column][\/vc_row][vc_row][vc_column][vc_empty_space][\/vc_column][\/vc_row][vc_row][vc_column][vc_column_text]Ter uma nova vis\u00e3o do mundo da moda do cabelo e da beleza nos possibilitou obter, junto a entes credenciados de n\u00edvel mundial, importantes certifica\u00e7\u00f5es que comprovam o comprometimento, a paix\u00e3o e o profissionalismo com que n\u00f3s realizamos o nosso [&hellip;]<\/p>\n","protected":false},"author":145,"featured_media":0,"parent":0,"menu_order":0,"comment_status":"closed","ping_status":"closed","template":"","meta":{"footnotes":""},"class_list":["post-9973","page","type-page","status-publish","hentry"],"yoast_head":"<!-- This site is optimized with the Yoast SEO plugin v25.0 - https:\/\/yoast.com\/wordpress\/plugins\/seo\/ -->\n<title>Certifica\u00e7\u00f5es | My Monacelli Italy<\/title>\n<meta name=\"robots\" content=\"index, follow, max-snippet:-1, max-image-preview:large, max-video-preview:-1\" \/>\n<link rel=\"canonical\" href=\"https:\/\/www.mymonacelliitaly.com\/pt-br\/certificacoes\/\" \/>\n<meta property=\"og:locale\" content=\"en_US\" \/>\n<meta property=\"og:type\" content=\"article\" \/>\n<meta property=\"og:title\" content=\"Certifica\u00e7\u00f5es | My Monacelli Italy\" \/>\n<meta property=\"og:description\" content=\"[vc_row][vc_column][vc_empty_space][\/vc_column][\/vc_row][vc_row][vc_column][\/vc_column][\/vc_row][vc_row][vc_column][vc_empty_space][\/vc_column][\/vc_row][vc_row][vc_column][vc_column_text]Ter uma nova vis\u00e3o do mundo da moda do cabelo e da beleza nos possibilitou obter, junto a entes credenciados de n\u00edvel mundial, importantes certifica\u00e7\u00f5es que comprovam o comprometimento, a paix\u00e3o e o profissionalismo com que n\u00f3s realizamos o nosso [&hellip;]\" \/>\n<meta property=\"og:url\" content=\"https:\/\/www.mymonacelliitaly.com\/pt-br\/certificacoes\/\" \/>\n<meta property=\"og:site_name\" content=\"My Monacelli Italy\" \/>\n<meta property=\"article:publisher\" content=\"https:\/\/www.facebook.com\/monacelliitaly\" \/>\n<meta property=\"article:modified_time\" content=\"2021-05-12T13:37:41+00:00\" \/>\n<meta name=\"twitter:card\" content=\"summary_large_image\" \/>\n<meta name=\"twitter:label1\" content=\"Est. reading time\" \/>\n\t<meta name=\"twitter:data1\" content=\"2 minutes\" \/>\n<script type=\"application\/ld+json\" class=\"yoast-schema-graph\">{\"@context\":\"https:\/\/schema.org\",\"@graph\":[{\"@type\":\"WebPage\",\"@id\":\"https:\/\/www.mymonacelliitaly.com\/pt-br\/certificacoes\/\",\"url\":\"https:\/\/www.mymonacelliitaly.com\/pt-br\/certificacoes\/\",\"name\":\"Certifica\u00e7\u00f5es | My Monacelli Italy\",\"isPartOf\":{\"@id\":\"https:\/\/www.mymonacelliitaly.com\/pt-br\/#website\"},\"datePublished\":\"2021-05-11T09:32:30+00:00\",\"dateModified\":\"2021-05-12T13:37:41+00:00\",\"breadcrumb\":{\"@id\":\"https:\/\/www.mymonacelliitaly.com\/pt-br\/certificacoes\/#breadcrumb\"},\"inLanguage\":\"BR\",\"potentialAction\":[{\"@type\":\"ReadAction\",\"target\":[\"https:\/\/www.mymonacelliitaly.com\/pt-br\/certificacoes\/\"]}]},{\"@type\":\"BreadcrumbList\",\"@id\":\"https:\/\/www.mymonacelliitaly.com\/pt-br\/certificacoes\/#breadcrumb\",\"itemListElement\":[{\"@type\":\"ListItem\",\"position\":1,\"name\":\"Home\",\"item\":\"https:\/\/www.mymonacelliitaly.com\/pt-br\/\"},{\"@type\":\"ListItem\",\"position\":2,\"name\":\"Certifica\u00e7\u00f5es\"}]},{\"@type\":\"WebSite\",\"@id\":\"https:\/\/www.mymonacelliitaly.com\/pt-br\/#website\",\"url\":\"https:\/\/www.mymonacelliitaly.com\/pt-br\/\",\"name\":\"My Monacelli Italy\",\"description\":\"L\u2019unica azienda cosmetica certificata come \u201cazienda di sviluppo\u201d.\",\"publisher\":{\"@id\":\"https:\/\/www.mymonacelliitaly.com\/pt-br\/#organization\"},\"potentialAction\":[{\"@type\":\"SearchAction\",\"target\":{\"@type\":\"EntryPoint\",\"urlTemplate\":\"https:\/\/www.mymonacelliitaly.com\/pt-br\/?s={search_term_string}\"},\"query-input\":{\"@type\":\"PropertyValueSpecification\",\"valueRequired\":true,\"valueName\":\"search_term_string\"}}],\"inLanguage\":\"BR\"},{\"@type\":\"Organization\",\"@id\":\"https:\/\/www.mymonacelliitaly.com\/pt-br\/#organization\",\"name\":\"Monacelli Italy\",\"url\":\"https:\/\/www.mymonacelliitaly.com\/pt-br\/\",\"logo\":{\"@type\":\"ImageObject\",\"inLanguage\":\"BR\",\"@id\":\"https:\/\/www.mymonacelliitaly.com\/pt-br\/#\/schema\/logo\/image\/\",\"url\":\"https:\/\/www.mymonacelliitaly.com\/wp-content\/uploads\/2020\/10\/logo-bn_FONDO-BIANCO.jpg\",\"contentUrl\":\"https:\/\/www.mymonacelliitaly.com\/wp-content\/uploads\/2020\/10\/logo-bn_FONDO-BIANCO.jpg\",\"width\":1074,\"height\":401,\"caption\":\"Monacelli Italy\"},\"image\":{\"@id\":\"https:\/\/www.mymonacelliitaly.com\/pt-br\/#\/schema\/logo\/image\/\"},\"sameAs\":[\"https:\/\/www.facebook.com\/monacelliitaly\"]}]}<\/script>\n<!-- \/ Yoast SEO plugin. -->","yoast_head_json":{"title":"Certifica\u00e7\u00f5es | My Monacelli Italy","robots":{"index":"index","follow":"follow","max-snippet":"max-snippet:-1","max-image-preview":"max-image-preview:large","max-video-preview":"max-video-preview:-1"},"canonical":"https:\/\/www.mymonacelliitaly.com\/pt-br\/certificacoes\/","og_locale":"en_US","og_type":"article","og_title":"Certifica\u00e7\u00f5es | My Monacelli Italy","og_description":"[vc_row][vc_column][vc_empty_space][\/vc_column][\/vc_row][vc_row][vc_column][\/vc_column][\/vc_row][vc_row][vc_column][vc_empty_space][\/vc_column][\/vc_row][vc_row][vc_column][vc_column_text]Ter uma nova vis\u00e3o do mundo da moda do cabelo e da beleza nos possibilitou obter, junto a entes credenciados de n\u00edvel mundial, importantes certifica\u00e7\u00f5es que comprovam o comprometimento, a paix\u00e3o e o profissionalismo com que n\u00f3s realizamos o nosso [&hellip;]","og_url":"https:\/\/www.mymonacelliitaly.com\/pt-br\/certificacoes\/","og_site_name":"My Monacelli Italy","article_publisher":"https:\/\/www.facebook.com\/monacelliitaly","article_modified_time":"2021-05-12T13:37:41+00:00","twitter_card":"summary_large_image","twitter_misc":{"Est. reading time":"2 minutes"},"schema":{"@context":"https:\/\/schema.org","@graph":[{"@type":"WebPage","@id":"https:\/\/www.mymonacelliitaly.com\/pt-br\/certificacoes\/","url":"https:\/\/www.mymonacelliitaly.com\/pt-br\/certificacoes\/","name":"Certifica\u00e7\u00f5es | My Monacelli Italy","isPartOf":{"@id":"https:\/\/www.mymonacelliitaly.com\/pt-br\/#website"},"datePublished":"2021-05-11T09:32:30+00:00","dateModified":"2021-05-12T13:37:41+00:00","breadcrumb":{"@id":"https:\/\/www.mymonacelliitaly.com\/pt-br\/certificacoes\/#breadcrumb"},"inLanguage":"BR","potentialAction":[{"@type":"ReadAction","target":["https:\/\/www.mymonacelliitaly.com\/pt-br\/certificacoes\/"]}]},{"@type":"BreadcrumbList","@id":"https:\/\/www.mymonacelliitaly.com\/pt-br\/certificacoes\/#breadcrumb","itemListElement":[{"@type":"ListItem","position":1,"name":"Home","item":"https:\/\/www.mymonacelliitaly.com\/pt-br\/"},{"@type":"ListItem","position":2,"name":"Certifica\u00e7\u00f5es"}]},{"@type":"WebSite","@id":"https:\/\/www.mymonacelliitaly.com\/pt-br\/#website","url":"https:\/\/www.mymonacelliitaly.com\/pt-br\/","name":"My Monacelli Italy","description":"L\u2019unica azienda cosmetica certificata come \u201cazienda di sviluppo\u201d.","publisher":{"@id":"https:\/\/www.mymonacelliitaly.com\/pt-br\/#organization"},"potentialAction":[{"@type":"SearchAction","target":{"@type":"EntryPoint","urlTemplate":"https:\/\/www.mymonacelliitaly.com\/pt-br\/?s={search_term_string}"},"query-input":{"@type":"PropertyValueSpecification","valueRequired":true,"valueName":"search_term_string"}}],"inLanguage":"BR"},{"@type":"Organization","@id":"https:\/\/www.mymonacelliitaly.com\/pt-br\/#organization","name":"Monacelli Italy","url":"https:\/\/www.mymonacelliitaly.com\/pt-br\/","logo":{"@type":"ImageObject","inLanguage":"BR","@id":"https:\/\/www.mymonacelliitaly.com\/pt-br\/#\/schema\/logo\/image\/","url":"https:\/\/www.mymonacelliitaly.com\/wp-content\/uploads\/2020\/10\/logo-bn_FONDO-BIANCO.jpg","contentUrl":"https:\/\/www.mymonacelliitaly.com\/wp-content\/uploads\/2020\/10\/logo-bn_FONDO-BIANCO.jpg","width":1074,"height":401,"caption":"Monacelli Italy"},"image":{"@id":"https:\/\/www.mymonacelliitaly.com\/pt-br\/#\/schema\/logo\/image\/"},"sameAs":["https:\/\/www.facebook.com\/monacelliitaly"]}]}},"_links":{"self":[{"href":"https:\/\/www.mymonacelliitaly.com\/pt-br\/wp-json\/wp\/v2\/pages\/9973","targetHints":{"allow":["GET"]}}],"collection":[{"href":"https:\/\/www.mymonacelliitaly.com\/pt-br\/wp-json\/wp\/v2\/pages"}],"about":[{"href":"https:\/\/www.mymonacelliitaly.com\/pt-br\/wp-json\/wp\/v2\/types\/page"}],"author":[{"embeddable":true,"href":"https:\/\/www.mymonacelliitaly.com\/pt-br\/wp-json\/wp\/v2\/users\/145"}],"replies":[{"embeddable":true,"href":"https:\/\/www.mymonacelliitaly.com\/pt-br\/wp-json\/wp\/v2\/comments?post=9973"}],"version-history":[{"count":2,"href":"https:\/\/www.mymonacelliitaly.com\/pt-br\/wp-json\/wp\/v2\/pages\/9973\/revisions"}],"predecessor-version":[{"id":9975,"href":"https:\/\/www.mymonacelliitaly.com\/pt-br\/wp-json\/wp\/v2\/pages\/9973\/revisions\/9975"}],"wp:attachment":[{"href":"https:\/\/www.mymonacelliitaly.com\/pt-br\/wp-json\/wp\/v2\/media?parent=9973"}],"curies":[{"name":"wp","href":"https:\/\/api.w.org\/{rel}","templated":true}]}}