












{"id":9926,"date":"2020-11-14T20:00:45","date_gmt":"2020-11-14T19:00:45","guid":{"rendered":"https:\/\/www.mymonacelliitaly.com\/colore\/"},"modified":"2021-05-24T17:00:52","modified_gmt":"2021-05-24T16:00:52","slug":"cor","status":"publish","type":"page","link":"https:\/\/www.mymonacelliitaly.com\/pt-br\/cor\/","title":{"rendered":"Cor"},"content":{"rendered":"<section class=\"wpb-content-wrapper\"><p>[vc_row][vc_column][vc_empty_space height=&#8221;34px&#8221;]<div class=\"mkdf-section-title-holder monacelli-block-one monacelli-home-tagline mkdf-st-top-tagline-position mkdf-st-center-position mkdf-st-bottom-image-position \" style=\"text-align: center\">\n\t<div class=\"mkdf-st-inner\">\n\t\t\t\t\t\t\t\t\t<h2 class=\"mkdf-st-title\" >\n\t\t\t\tHarmonias Crom\u00e1ticas\t\t\t<\/h2>\n\t\t\t\t\t\t\t\t\t\t\t\t\t<\/div>\n<\/div>[vc_column_text]<\/p>\n<h6 style=\"text-align: center;\">A <strong>EMO\u00c7\u00c3O DAS CORES<\/strong>, <strong>INSPIRA\u00c7\u00d5ES CROM\u00c1TICAS<\/strong>, <strong>VIAGENS CRIATIVAS<\/strong>, <strong>SENSA\u00c7\u00d5ES VISUAIS<\/strong> A SEREM VIVIDAS ATRAV\u00c9S DAS FAM\u00cdLIAS DE CORES QUE EXALTAM A BELEZA E QUE D\u00c3O AOS CABELOS EXTRAORDIN\u00c1RIOS EFEITOS VISUAIS. TONALIDADES LUMINOSAS E INTENSAS MISTURADAS A REFLEXOS HARMONIOSOS E BRILHANTES. UMA PALETA COMPLETA QUE PERMITE UMA PERSONALIZA\u00c7\u00c3O CRIATIVA COM RESULTADOS \u00daNICOS, DAS RA\u00cdZES \u00c0S PONTAS.<\/h6>\n<p>[\/vc_column_text][vc_row_inner][vc_column_inner css=&#8221;.vc_custom_1606300335244{padding-top: 32px !important;padding-bottom: 32px !important;}&#8221;][\/vc_column_inner][\/vc_row_inner][\/vc_column][\/vc_row][vc_row equal_height=&#8221;yes&#8221;][vc_column]<div class=\"mkdf-elements-holder   mkdf-two-columns  mkdf-responsive-mode-768 \" ><div class=\"mkdf-eh-item   mkdf-horizontal-alignment-center  \" data-item-class=\"mkdf-eh-custom-4505\" data-681-768=\"35% 0 35% 0\" data-680=\"65% 0 70% 0\">\n\t<div class=\"mkdf-eh-background-holder\" style=\"background-color: #000000\" ><\/div>\n\t<div class=\"mkdf-eh-item-inner\">\n\t\t<div class=\"mkdf-eh-item-content mkdf-eh-custom-4505\" style=\"padding: 0 0 0 0\">\n\t\t\t<div class=\"mkdf-video-button-holder  mkdf-vb-has-img\">\n\t\t\t<div class=\"mkdf-video-button-image\">\n\t\t\t<img decoding=\"async\" width=\"1707\" height=\"2560\" src=\"https:\/\/www.mymonacelliitaly.com\/wp-content\/uploads\/2020\/11\/IMG7863ret-scaled.jpg\" class=\"attachment-full size-full\" alt=\"\" srcset=\"https:\/\/www.mymonacelliitaly.com\/wp-content\/uploads\/2020\/11\/IMG7863ret-scaled.jpg 1707w, https:\/\/www.mymonacelliitaly.com\/wp-content\/uploads\/2020\/11\/IMG7863ret-scaled-600x900.jpg 600w, https:\/\/www.mymonacelliitaly.com\/wp-content\/uploads\/2020\/11\/IMG7863ret-200x300.jpg 200w, https:\/\/www.mymonacelliitaly.com\/wp-content\/uploads\/2020\/11\/IMG7863ret-683x1024.jpg 683w, https:\/\/www.mymonacelliitaly.com\/wp-content\/uploads\/2020\/11\/IMG7863ret-768x1152.jpg 768w, https:\/\/www.mymonacelliitaly.com\/wp-content\/uploads\/2020\/11\/IMG7863ret-1024x1536.jpg 1024w, https:\/\/www.mymonacelliitaly.com\/wp-content\/uploads\/2020\/11\/IMG7863ret-1365x2048.jpg 1365w\" sizes=\"(max-width: 1707px) 100vw, 1707px\" \/>\t\t<\/div>\n\t\t\t\t<a class=\"mkdf-video-button-play\"  href=\"https:\/\/www.youtube.com\/watch?v=3G5KsAxYXEY\" data-rel=\"prettyPhoto[video_button_pretty_photo_896]\">\n\t\t\t<span class=\"mkdf-video-button-play-inner\" >\n\t\t\t\t<span class=\"mkdf-vb-icon ion-ios-play\"><\/span>\n\t\t\t<\/span>\n\t\t<\/a>\n\t<\/div>\t\t<\/div>\n\t\t\t<\/div>\n<\/div><div class=\"mkdf-eh-item monacelli-block-one-back    \" data-item-class=\"mkdf-eh-custom-6903\" data-1400-1600=\"120px 22% 120px 80px\" data-1025-1399=\"120px 22% 120px 80px\" data-769-1024=\"100px 16% 100px 40px\" data-681-768=\"140px 20% 140px 117px\" data-680=\"100px 7% 100px 35px\">\n\t<div class=\"mkdf-eh-background-holder\" style=\"background-color: #ddaf6a\" ><\/div>\n\t<div class=\"mkdf-eh-item-inner\">\n\t\t<div class=\"mkdf-eh-item-content mkdf-eh-custom-6903\" style=\"padding: 204px 34% 209px 117px\">\n\t\t\t<div class=\"mkdf-section-title-holder monacelli-block-one monacelli-home-tagline mkdf-st-top-tagline-position mkdf-st-left-position mkdf-st-bottom-image-position \" style=\"text-align: left\">\n\t<div class=\"mkdf-st-inner\">\n\t\t\t\t\t\t\t<span class=\"mkdf-st-tagline\" style=\"margin-bottom: 8px\">\n\t\t\t\tSensualidade\t\t\t<\/span>\n\t\t\t\t\t\t\t<h2 class=\"mkdf-st-title\" >\n\t\t\t\tA SUBLIME SENSUALIDADE DA COR\t\t\t<\/h2>\n\t\t\t\t\t\t\t\t\t<p class=\"mkdf-st-text\" style=\"margin-top: 19px\">\n\t\t\t\tCRIAMOS UM SISTEMA DE CORES COMPLETO,<br \/>\nQUE TORNE POSS\u00cdVEL VIVER A COLORA\u00c7\u00c3O COMO UM MOMENTO DE<br \/>\nPRAZER, BEM-ESTAR e RESULTADO\t\t\t<\/p>\n\t\t\t\t\t\t\t\t\t<\/div>\n<\/div>[vc_empty_space height=&#8221;34px&#8221;]<a itemprop=\"url\" href=\"https:\/\/www.youtube.com\/user\/Monacelliitaly\/search?query=colore\" target=\"_self\"  class=\"mkdf-btn mkdf-btn-medium mkdf-btn-outline\"  >\n    <span class=\"mkdf-btn-text\">YOU TUBE<\/span>\n    <\/a>\t\t<\/div>\n\t\t\t<\/div>\n<\/div><\/div>[vc_empty_space height=&#8221;160&#8243;]<div class=\"mkdf-section-title-holder  mkdf-st-top-tagline-position mkdf-st-center-position mkdf-st-bottom-image-position \" style=\"text-align: center\">\n\t<div class=\"mkdf-st-inner\">\n\t\t\t\t\t\t\t<span class=\"mkdf-st-tagline\" >\n\t\t\t\tTecnologia\t\t\t<\/span>\n\t\t\t\t\t\t\t<h2 class=\"mkdf-st-title\" >\n\t\t\t\tCROMACHER ONE COMPLEX\t\t\t<\/h2>\n\t\t\t\t\t\t\t<h5 class=\"mkdf-st-subtitle\" style=\"color: #000000;font-weight: 200\">\n\t\t\t\tUMA TECNOLOGIA POTENTE QUE EXALTA A SINERGIA DO SISTEMA DE COR\t\t\t<\/h5>\n\t\t\t\t\t\t\t<h6 class=\"mkdf-st-text\" >\n\t\t\t\tUm complexo \u00fanico que garante uma fibra capilar perfeitamente selada e reconstru\u00edda da raiz \u00e0 ponta e permite harmonizar as nuances e exaltar os reflexos. Regenera o couro cabeludo, eliminando sensa\u00e7\u00f5es desagrad\u00e1veis e protegendo os cabelos contra agentes atmosf\u00e9ricos.\t\t\t<\/h6>\n\t\t\t\t\t\t\t\t\t<\/div>\n<\/div>[vc_empty_space height=&#8221;160&#8243;][\/vc_column][\/vc_row][vc_row][vc_column][vc_zigzag el_border_width=&#8221;8&#8243;][\/vc_column][\/vc_row][vc_row][vc_column width=&#8221;1\/4&#8243;][vc_empty_space][vc_single_image image=&#8221;7915&#8243; alignment=&#8221;center&#8221; css_animation=&#8221;fadeIn&#8221;][vc_column_text]<\/p>\n<h6 style=\"text-align: center;\">Criados com pigmentos puros<br \/>\nTop de linha<\/h6>\n<p>[\/vc_column_text][vc_empty_space][\/vc_column][vc_column width=&#8221;1\/4&#8243;][vc_empty_space][vc_single_image image=&#8221;7912&#8243; alignment=&#8221;center&#8221; css_animation=&#8221;fadeIn&#8221;][vc_column_text]<\/p>\n<h6 style=\"text-align: center;\">N\u00e3o cont\u00eam: PPD,<br \/>\nResorcina, parabenos,<br \/>\nFragr\u00e2ncias alerg\u00eanicas<br \/>\nSLES, SLS<\/h6>\n<p>[\/vc_column_text][vc_empty_space][\/vc_column][vc_column width=&#8221;1\/4&#8243;][vc_empty_space][vc_single_image image=&#8221;7918&#8243; alignment=&#8221;center&#8221; css_animation=&#8221;fadeIn&#8221;][vc_column_text]<\/p>\n<h6 style=\"text-align: center;\">Dermatologicamente<br \/>\nTestados<\/h6>\n<p>[\/vc_column_text][vc_empty_space][\/vc_column][vc_column width=&#8221;1\/4&#8243;][vc_empty_space][vc_single_image image=&#8221;7921&#8243; alignment=&#8221;center&#8221; css_animation=&#8221;fadeIn&#8221;][vc_column_text]<\/p>\n<div class=\"dark-box--black__element\">\n<h6 style=\"text-align: center;\">Dermatologicamente testados<br \/>\n\u00d3tima compatibilidade cut\u00e2nea e estudados<br \/>\nPara reduzir os riscos de alergias<\/h6>\n<\/div>\n<p>[\/vc_column_text][vc_empty_space][\/vc_column][\/vc_row][vc_row][vc_column][vc_zigzag el_border_width=&#8221;8&#8243;][vc_empty_space height=&#8221;80&#8243;][\/vc_column][\/vc_row][vc_row equal_height=&#8221;yes&#8221;][vc_column]<div class=\"mkdf-elements-holder   mkdf-two-columns  mkdf-responsive-mode-768 \" ><div class=\"mkdf-eh-item monacelli-block-two-back    \" data-item-class=\"mkdf-eh-custom-5888\" data-1400-1600=\"120px 22% 120px 80px\" data-1025-1399=\"120px 22% 120px 80px\" data-769-1024=\"100px 16% 100px 40px\" data-681-768=\"140px 20% 140px 117px\" data-680=\"100px 7% 100px 35px\">\n\t<div class=\"mkdf-eh-background-holder\"  ><\/div>\n\t<div class=\"mkdf-eh-item-inner\">\n\t\t<div class=\"mkdf-eh-item-content mkdf-eh-custom-5888\" style=\"padding: 204px 34% 209px 117px\">\n\t\t\t[vc_empty_space height=&#8221;34px&#8221;]<div class=\"mkdf-section-title-holder monacelli-block-one monacelli-home-tagline mkdf-st-top-tagline-position mkdf-st-left-position mkdf-st-bottom-image-position \" style=\"text-align: left\">\n\t<div class=\"mkdf-st-inner\">\n\t\t\t\t\t\t\t<span class=\"mkdf-st-tagline\" style=\"font-size: 60px;margin-bottom: 8px\">\n\t\t\t\tEmo\u00e7\u00f5es\t\t\t<\/span>\n\t\t\t\t\t\t\t<h2 class=\"mkdf-st-title\" >\n\t\t\t\tHARMONIAS CROM\u00c1TICAS\t\t\t<\/h2>\n\t\t\t\t\t\t\t\t\t<p class=\"mkdf-st-text\" style=\"margin-top: 19px\">\n\t\t\t\tInspira\u00e7\u00f5es crom\u00e1ticas, viagens criativas, sensa\u00e7\u00f5es visuais a serem vividas atrav\u00e9s das fam\u00edlias de cores que exaltam a beleza e que d\u00e3o aos cabelos extraordin\u00e1rios efeitos visuais.\nTonalidades luminosas e intensas misturadas a reflexos harmoniosos e brilhantes. Uma paleta completa que permite uma personaliza\u00e7\u00e3o criativa com resultados \u00fanicos, das ra\u00edzes \u00e0s pontas.\t\t\t<\/p>\n\t\t\t\t\t\t\t\t\t<\/div>\n<\/div>[vc_empty_space height=&#8221;80&#8243;]\t\t<\/div>\n\t\t\t<\/div>\n<\/div><div class=\"mkdf-eh-item     \" data-item-class=\"mkdf-eh-custom-6907\" data-681-768=\"40% 0 40% 0%\" data-680=\"40% 0 40% 0%\">\n\t<div class=\"mkdf-eh-background-holder\" style=\"background-image: url(https:\/\/www.mymonacelliitaly.com\/wp-content\/uploads\/2020\/09\/IMG3448-OK-DEF-scaled-e1599138309957.jpg)\" ><\/div>\n\t<div class=\"mkdf-eh-item-inner\">\n\t\t<div class=\"mkdf-eh-item-content mkdf-eh-custom-6907\" style=\"padding: 0 0 0 0\">\n\t\t\t\t\t<\/div>\n\t\t\t<\/div>\n<\/div><\/div>[\/vc_column][\/vc_row][vc_row][vc_column width=&#8221;1\/3&#8243;][vc_empty_space][vc_single_image image=&#8221;8323&#8243; img_size=&#8221;full&#8221; alignment=&#8221;center&#8221; onclick=&#8221;custom_link&#8221; link=&#8221;https:\/\/www.mymonacelliitaly.com\/colorand&#8221;][vc_column_text css_animation=&#8221;fadeIn&#8221;]<\/p>\n<h4 style=\"text-align: center;\">COLORAND<\/h4>\n<p>[\/vc_column_text][vc_column_text]<\/p>\n<p style=\"text-align: center;\">TINTURA COSM\u00c9TICA DIRETA<\/p>\n<p>[\/vc_column_text][vc_column_text]<\/p>\n<h5 style=\"text-align: center;\"><a href=\"https:\/\/www.mymonacelliitaly.com\/pt-br\/encontre-um-salao\/\"><strong>Exclusivamente no sal\u00e3o<\/strong><\/a><\/h5>\n<p>[\/vc_column_text][\/vc_column][vc_column width=&#8221;1\/3&#8243;][vc_empty_space][vc_single_image image=&#8221;7893&#8243; img_size=&#8221;full&#8221; alignment=&#8221;center&#8221; onclick=&#8221;custom_link&#8221; link=&#8221;https:\/\/www.mymonacelliitaly.com\/coloris&#8221;][vc_column_text css_animation=&#8221;fadeIn&#8221;]<\/p>\n<h4 style=\"text-align: center;\">COLORIS<\/h4>\n<p>[\/vc_column_text][vc_column_text]<\/p>\n<p style=\"text-align: center;\">TINTURA PERMANENTE E SUPER CLAREADORA<\/p>\n<p>[\/vc_column_text][vc_column_text]<\/p>\n<h5 style=\"text-align: center;\"><a href=\"https:\/\/www.mymonacelliitaly.com\/pt-br\/encontre-um-salao\/\"><strong>Exclusivamente no sal\u00e3o<\/strong><\/a><\/h5>\n<p>[\/vc_column_text][\/vc_column][vc_column width=&#8221;1\/3&#8243;][vc_empty_space][vc_single_image image=&#8221;8401&#8243; img_size=&#8221;full&#8221; alignment=&#8221;center&#8221; onclick=&#8221;custom_link&#8221; link=&#8221;https:\/\/www.mymonacelliitaly.com\/categoria-prodotto\/Decolorazione\/&#8221;][vc_column_text css_animation=&#8221;fadeIn&#8221;]<\/p>\n<h4 style=\"text-align: center;\">DESCOLORA\u00c7\u00c3O<\/h4>\n<p>[\/vc_column_text][vc_column_text]<\/p>\n<p style=\"text-align: center;\">DESCOLORANTE CREMOSO<\/p>\n<p>[\/vc_column_text][vc_column_text]<\/p>\n<h5 style=\"text-align: center;\"><a href=\"https:\/\/www.mymonacelliitaly.com\/pt-br\/encontre-um-salao\/\"><strong>Exclusivamente no sal\u00e3o<\/strong><\/a><\/h5>\n<p>[\/vc_column_text][\/vc_column][\/vc_row][vc_row][vc_column width=&#8221;1\/2&#8243;][vc_empty_space][vc_single_image image=&#8221;9204&#8243; img_size=&#8221;full&#8221; alignment=&#8221;center&#8221; onclick=&#8221;custom_link&#8221; link=&#8221;https:\/\/www.mymonacelliitaly.com\/prodotto\/kit-my-personal-color\/&#8221; css=&#8221;.vc_custom_1615307660147{margin-bottom: 0px !important;border-bottom-width: 0px !important;padding-bottom: 0px !important;}&#8221;][vc_column_text css_animation=&#8221;fadeIn&#8221;]<\/p>\n<h4 style=\"text-align: center;\">MY PERSONAL COLOR<\/h4>\n<p>[\/vc_column_text][vc_column_text]<\/p>\n<p style=\"text-align: center;\">COR VIVA, INTENSA E LUMINOSA EM CASA<\/p>\n<p>[\/vc_column_text][vc_column_text]<\/p>\n<h5 style=\"text-align: center;\"><a href=\"https:\/\/www.mymonacelliitaly.com\/prodotto\/kit-my-personal-color\/\"><strong>\u20ac 25,00<\/strong><\/a><\/h5>\n<p>[\/vc_column_text][\/vc_column][vc_column width=&#8221;1\/2&#8243;][vc_empty_space][vc_single_image image=&#8221;9207&#8243; img_size=&#8221;full&#8221; alignment=&#8221;center&#8221; onclick=&#8221;custom_link&#8221; link=&#8221;https:\/\/www.mymonacelliitaly.com\/prodotto\/kit-home-coloris\/&#8221; css=&#8221;.vc_custom_1615307629131{margin-bottom: 0px !important;border-bottom-width: 0px !important;padding-bottom: 0px !important;}&#8221;][vc_column_text css_animation=&#8221;fadeIn&#8221;]<\/p>\n<h4 style=\"text-align: center;\">MY HOME COLORIS<\/h4>\n<p>[\/vc_column_text][vc_column_text]<\/p>\n<p style=\"text-align: center;\">COR VIVA, INTENSA E LUMINOSA EM CASA<\/p>\n<p>[\/vc_column_text][vc_column_text]<\/p>\n<h5 style=\"text-align: center;\"><a href=\"https:\/\/www.mymonacelliitaly.com\/prodotto\/kit-home-coloris\/\"><strong>\u20ac 25,00<\/strong><\/a><\/h5>\n<p>[\/vc_column_text][\/vc_column][\/vc_row][vc_row][vc_column width=&#8221;1\/2&#8243;][vc_empty_space][vc_single_image image=&#8221;8404&#8243; img_size=&#8221;full&#8221; alignment=&#8221;center&#8221; onclick=&#8221;custom_link&#8221; link=&#8221;https:\/\/www.mymonacelliitaly.com\/categoria-prodotto\/service-support\/&#8221;][vc_column_text css_animation=&#8221;fadeIn&#8221;]<\/p>\n<h4 style=\"text-align: center;\">SERVICE SUPPORT<\/h4>\n<p>[\/vc_column_text][vc_column_text]<\/p>\n<div class=\"col-sm-4\">\n<div class=\"info-block\">\n<p style=\"text-align: center;\">LINHA DE PRODUTOS DE SUPORTE<\/p>\n<\/div>\n<\/div>\n<p>[\/vc_column_text][vc_column_text]<\/p>\n<h5 style=\"text-align: center;\"><a href=\"https:\/\/www.mymonacelliitaly.com\/pt-br\/encontre-um-salao\/\"><strong>Exclusivamente no sal\u00e3o<\/strong><\/a><\/h5>\n<p>[\/vc_column_text][\/vc_column][vc_column width=&#8221;1\/2&#8243;][vc_empty_space][vc_single_image image=&#8221;8411&#8243; img_size=&#8221;full&#8221; alignment=&#8221;center&#8221; onclick=&#8221;custom_link&#8221; link=&#8221;https:\/\/www.mymonacelliitaly.com\/categoria-prodotto\/gold-per-la-ricostruzione-dei-capelli\/&#8221;][vc_column_text css_animation=&#8221;fadeIn&#8221;]<\/p>\n<h4 style=\"text-align: center;\">LIMPEZA GOLD<\/h4>\n<p>[\/vc_column_text][vc_column_text]<\/p>\n<div class=\"col-sm-4\">\n<div class=\"info-block\">\n<p style=\"text-align: center;\">LINHA LIMPEZA<\/p>\n<\/div>\n<\/div>\n<p>[\/vc_column_text][vc_column_text]<\/p>\n<h5 style=\"text-align: center;\"><a href=\"https:\/\/www.mymonacelliitaly.com\/pt-br\/categoria-produto\/gold\/\"><strong>Compre online<\/strong><\/a><\/h5>\n<p>[\/vc_column_text][vc_column_text]<\/p>\n<h5 style=\"text-align: center;\"><a href=\"https:\/\/www.mymonacelliitaly.com\/pt-br\/encontre-um-salao\/\"><strong>Encontre no sal\u00e3o<\/strong><\/a><\/h5>\n<p>[\/vc_column_text][\/vc_column][\/vc_row]<\/p>\n<\/section>","protected":false},"excerpt":{"rendered":"<p>[vc_row][vc_column][vc_empty_space height=&#8221;34px&#8221;][vc_column_text] A EMO\u00c7\u00c3O DAS CORES, INSPIRA\u00c7\u00d5ES CROM\u00c1TICAS, VIAGENS CRIATIVAS, SENSA\u00c7\u00d5ES VISUAIS A SEREM VIVIDAS ATRAV\u00c9S DAS FAM\u00cdLIAS DE CORES QUE EXALTAM A BELEZA E QUE D\u00c3O AOS CABELOS EXTRAORDIN\u00c1RIOS EFEITOS VISUAIS. TONALIDADES LUMINOSAS E INTENSAS MISTURADAS A REFLEXOS HARMONIOSOS [&hellip;]<\/p>\n","protected":false},"author":1,"featured_media":0,"parent":0,"menu_order":0,"comment_status":"closed","ping_status":"closed","template":"","meta":{"footnotes":""},"class_list":["post-9926","page","type-page","status-publish","hentry"],"yoast_head":"<!-- This site is optimized with the Yoast SEO plugin v25.0 - https:\/\/yoast.com\/wordpress\/plugins\/seo\/ -->\n<title>Cor | My Monacelli Italy<\/title>\n<meta name=\"robots\" content=\"index, follow, max-snippet:-1, max-image-preview:large, max-video-preview:-1\" \/>\n<link rel=\"canonical\" href=\"https:\/\/www.mymonacelliitaly.com\/pt-br\/cor\/\" \/>\n<meta property=\"og:locale\" content=\"en_US\" \/>\n<meta property=\"og:type\" content=\"article\" \/>\n<meta property=\"og:title\" content=\"Cor | My Monacelli Italy\" \/>\n<meta property=\"og:description\" content=\"[vc_row][vc_column][vc_empty_space height=&#8221;34px&#8221;][vc_column_text] A EMO\u00c7\u00c3O DAS CORES, INSPIRA\u00c7\u00d5ES CROM\u00c1TICAS, VIAGENS CRIATIVAS, SENSA\u00c7\u00d5ES VISUAIS A SEREM VIVIDAS ATRAV\u00c9S DAS FAM\u00cdLIAS DE CORES QUE EXALTAM A BELEZA E QUE D\u00c3O AOS CABELOS EXTRAORDIN\u00c1RIOS EFEITOS VISUAIS. TONALIDADES LUMINOSAS E INTENSAS MISTURADAS A REFLEXOS HARMONIOSOS [&hellip;]\" \/>\n<meta property=\"og:url\" content=\"https:\/\/www.mymonacelliitaly.com\/pt-br\/cor\/\" \/>\n<meta property=\"og:site_name\" content=\"My Monacelli Italy\" \/>\n<meta property=\"article:publisher\" content=\"https:\/\/www.facebook.com\/monacelliitaly\" \/>\n<meta property=\"article:modified_time\" content=\"2021-05-24T16:00:52+00:00\" \/>\n<meta name=\"twitter:card\" content=\"summary_large_image\" \/>\n<meta name=\"twitter:label1\" content=\"Est. reading time\" \/>\n\t<meta name=\"twitter:data1\" content=\"6 minutes\" \/>\n<script type=\"application\/ld+json\" class=\"yoast-schema-graph\">{\"@context\":\"https:\/\/schema.org\",\"@graph\":[{\"@type\":\"WebPage\",\"@id\":\"https:\/\/www.mymonacelliitaly.com\/pt-br\/cor\/\",\"url\":\"https:\/\/www.mymonacelliitaly.com\/pt-br\/cor\/\",\"name\":\"Cor | My Monacelli Italy\",\"isPartOf\":{\"@id\":\"https:\/\/www.mymonacelliitaly.com\/pt-br\/#website\"},\"datePublished\":\"2020-11-14T19:00:45+00:00\",\"dateModified\":\"2021-05-24T16:00:52+00:00\",\"breadcrumb\":{\"@id\":\"https:\/\/www.mymonacelliitaly.com\/pt-br\/cor\/#breadcrumb\"},\"inLanguage\":\"BR\",\"potentialAction\":[{\"@type\":\"ReadAction\",\"target\":[\"https:\/\/www.mymonacelliitaly.com\/pt-br\/cor\/\"]}]},{\"@type\":\"BreadcrumbList\",\"@id\":\"https:\/\/www.mymonacelliitaly.com\/pt-br\/cor\/#breadcrumb\",\"itemListElement\":[{\"@type\":\"ListItem\",\"position\":1,\"name\":\"Home\",\"item\":\"https:\/\/www.mymonacelliitaly.com\/pt-br\/\"},{\"@type\":\"ListItem\",\"position\":2,\"name\":\"Cor\"}]},{\"@type\":\"WebSite\",\"@id\":\"https:\/\/www.mymonacelliitaly.com\/pt-br\/#website\",\"url\":\"https:\/\/www.mymonacelliitaly.com\/pt-br\/\",\"name\":\"My Monacelli Italy\",\"description\":\"L\u2019unica azienda cosmetica certificata come \u201cazienda di sviluppo\u201d.\",\"publisher\":{\"@id\":\"https:\/\/www.mymonacelliitaly.com\/pt-br\/#organization\"},\"potentialAction\":[{\"@type\":\"SearchAction\",\"target\":{\"@type\":\"EntryPoint\",\"urlTemplate\":\"https:\/\/www.mymonacelliitaly.com\/pt-br\/?s={search_term_string}\"},\"query-input\":{\"@type\":\"PropertyValueSpecification\",\"valueRequired\":true,\"valueName\":\"search_term_string\"}}],\"inLanguage\":\"BR\"},{\"@type\":\"Organization\",\"@id\":\"https:\/\/www.mymonacelliitaly.com\/pt-br\/#organization\",\"name\":\"Monacelli Italy\",\"url\":\"https:\/\/www.mymonacelliitaly.com\/pt-br\/\",\"logo\":{\"@type\":\"ImageObject\",\"inLanguage\":\"BR\",\"@id\":\"https:\/\/www.mymonacelliitaly.com\/pt-br\/#\/schema\/logo\/image\/\",\"url\":\"https:\/\/www.mymonacelliitaly.com\/wp-content\/uploads\/2020\/10\/logo-bn_FONDO-BIANCO.jpg\",\"contentUrl\":\"https:\/\/www.mymonacelliitaly.com\/wp-content\/uploads\/2020\/10\/logo-bn_FONDO-BIANCO.jpg\",\"width\":1074,\"height\":401,\"caption\":\"Monacelli Italy\"},\"image\":{\"@id\":\"https:\/\/www.mymonacelliitaly.com\/pt-br\/#\/schema\/logo\/image\/\"},\"sameAs\":[\"https:\/\/www.facebook.com\/monacelliitaly\"]}]}<\/script>\n<!-- \/ Yoast SEO plugin. -->","yoast_head_json":{"title":"Cor | My Monacelli Italy","robots":{"index":"index","follow":"follow","max-snippet":"max-snippet:-1","max-image-preview":"max-image-preview:large","max-video-preview":"max-video-preview:-1"},"canonical":"https:\/\/www.mymonacelliitaly.com\/pt-br\/cor\/","og_locale":"en_US","og_type":"article","og_title":"Cor | My Monacelli Italy","og_description":"[vc_row][vc_column][vc_empty_space height=&#8221;34px&#8221;][vc_column_text] A EMO\u00c7\u00c3O DAS CORES, INSPIRA\u00c7\u00d5ES CROM\u00c1TICAS, VIAGENS CRIATIVAS, SENSA\u00c7\u00d5ES VISUAIS A SEREM VIVIDAS ATRAV\u00c9S DAS FAM\u00cdLIAS DE CORES QUE EXALTAM A BELEZA E QUE D\u00c3O AOS CABELOS EXTRAORDIN\u00c1RIOS EFEITOS VISUAIS. TONALIDADES LUMINOSAS E INTENSAS MISTURADAS A REFLEXOS HARMONIOSOS [&hellip;]","og_url":"https:\/\/www.mymonacelliitaly.com\/pt-br\/cor\/","og_site_name":"My Monacelli Italy","article_publisher":"https:\/\/www.facebook.com\/monacelliitaly","article_modified_time":"2021-05-24T16:00:52+00:00","twitter_card":"summary_large_image","twitter_misc":{"Est. reading time":"6 minutes"},"schema":{"@context":"https:\/\/schema.org","@graph":[{"@type":"WebPage","@id":"https:\/\/www.mymonacelliitaly.com\/pt-br\/cor\/","url":"https:\/\/www.mymonacelliitaly.com\/pt-br\/cor\/","name":"Cor | My Monacelli Italy","isPartOf":{"@id":"https:\/\/www.mymonacelliitaly.com\/pt-br\/#website"},"datePublished":"2020-11-14T19:00:45+00:00","dateModified":"2021-05-24T16:00:52+00:00","breadcrumb":{"@id":"https:\/\/www.mymonacelliitaly.com\/pt-br\/cor\/#breadcrumb"},"inLanguage":"BR","potentialAction":[{"@type":"ReadAction","target":["https:\/\/www.mymonacelliitaly.com\/pt-br\/cor\/"]}]},{"@type":"BreadcrumbList","@id":"https:\/\/www.mymonacelliitaly.com\/pt-br\/cor\/#breadcrumb","itemListElement":[{"@type":"ListItem","position":1,"name":"Home","item":"https:\/\/www.mymonacelliitaly.com\/pt-br\/"},{"@type":"ListItem","position":2,"name":"Cor"}]},{"@type":"WebSite","@id":"https:\/\/www.mymonacelliitaly.com\/pt-br\/#website","url":"https:\/\/www.mymonacelliitaly.com\/pt-br\/","name":"My Monacelli Italy","description":"L\u2019unica azienda cosmetica certificata come \u201cazienda di sviluppo\u201d.","publisher":{"@id":"https:\/\/www.mymonacelliitaly.com\/pt-br\/#organization"},"potentialAction":[{"@type":"SearchAction","target":{"@type":"EntryPoint","urlTemplate":"https:\/\/www.mymonacelliitaly.com\/pt-br\/?s={search_term_string}"},"query-input":{"@type":"PropertyValueSpecification","valueRequired":true,"valueName":"search_term_string"}}],"inLanguage":"BR"},{"@type":"Organization","@id":"https:\/\/www.mymonacelliitaly.com\/pt-br\/#organization","name":"Monacelli Italy","url":"https:\/\/www.mymonacelliitaly.com\/pt-br\/","logo":{"@type":"ImageObject","inLanguage":"BR","@id":"https:\/\/www.mymonacelliitaly.com\/pt-br\/#\/schema\/logo\/image\/","url":"https:\/\/www.mymonacelliitaly.com\/wp-content\/uploads\/2020\/10\/logo-bn_FONDO-BIANCO.jpg","contentUrl":"https:\/\/www.mymonacelliitaly.com\/wp-content\/uploads\/2020\/10\/logo-bn_FONDO-BIANCO.jpg","width":1074,"height":401,"caption":"Monacelli Italy"},"image":{"@id":"https:\/\/www.mymonacelliitaly.com\/pt-br\/#\/schema\/logo\/image\/"},"sameAs":["https:\/\/www.facebook.com\/monacelliitaly"]}]}},"_links":{"self":[{"href":"https:\/\/www.mymonacelliitaly.com\/pt-br\/wp-json\/wp\/v2\/pages\/9926","targetHints":{"allow":["GET"]}}],"collection":[{"href":"https:\/\/www.mymonacelliitaly.com\/pt-br\/wp-json\/wp\/v2\/pages"}],"about":[{"href":"https:\/\/www.mymonacelliitaly.com\/pt-br\/wp-json\/wp\/v2\/types\/page"}],"author":[{"embeddable":true,"href":"https:\/\/www.mymonacelliitaly.com\/pt-br\/wp-json\/wp\/v2\/users\/1"}],"replies":[{"embeddable":true,"href":"https:\/\/www.mymonacelliitaly.com\/pt-br\/wp-json\/wp\/v2\/comments?post=9926"}],"version-history":[{"count":6,"href":"https:\/\/www.mymonacelliitaly.com\/pt-br\/wp-json\/wp\/v2\/pages\/9926\/revisions"}],"predecessor-version":[{"id":9927,"href":"https:\/\/www.mymonacelliitaly.com\/pt-br\/wp-json\/wp\/v2\/pages\/9926\/revisions\/9927"}],"wp:attachment":[{"href":"https:\/\/www.mymonacelliitaly.com\/pt-br\/wp-json\/wp\/v2\/media?parent=9926"}],"curies":[{"name":"wp","href":"https:\/\/api.w.org\/{rel}","templated":true}]}}