












{"id":10267,"date":"2021-05-13T13:51:57","date_gmt":"2021-05-13T12:51:57","guid":{"rendered":"https:\/\/www.mymonacelliitaly.com\/?page_id=10267"},"modified":"2021-05-13T13:52:03","modified_gmt":"2021-05-13T12:52:03","slug":"formulario-de-rescisao","status":"publish","type":"page","link":"https:\/\/www.mymonacelliitaly.com\/pt-br\/formulario-de-rescisao\/","title":{"rendered":"FORMUL\u00c1RIO DE RESCIS\u00c3O"},"content":{"rendered":"<p><strong>Formul\u00e1rio de rescis\u00e3o<\/strong><\/p>\n<p><strong><em>\u00a0<\/em><\/strong><\/p>\n<p><strong><em>\u00a0<\/em><\/strong><\/p>\n<p><strong><em>\u00a0<\/em><\/strong><\/p>\n<p>Local<u>\u00a0 \u00a0 \u00a0 \u00a0 \u00a0 \u00a0 \u00a0 \u00a0 \u00a0 \u00a0 \u00a0 \u00a0 \u00a0 \u00a0<\/u>Data<u>\u00a0\u00a0\u00a0\u00a0\u00a0\u00a0\u00a0\u00a0\u00a0\u00a0\u00a0\u00a0\u00a0\u00a0\u00a0\u00a0\u00a0\u00a0\u00a0\u00a0\u00a0\u00a0\u00a0\u00a0\u00a0\u00a0\u00a0 <\/u><\/p>\n<p style=\"text-align: right;\">Prezada<\/p>\n<p style=\"text-align: right;\">Melius S.r.l.<\/p>\n<p style=\"text-align: right;\">Via Beniamino Ubaldi snc<\/p>\n<p style=\"text-align: right;\">06024 \u2013 Gubbio (PG) &#8211; It\u00e1lia<\/p>\n<p><strong><em>Enviado por e-mail para<\/em><\/strong>: meliussrl@pec.it<\/p>\n<p>Ou ent\u00e3o<\/p>\n<p><strong><em><u>Carta registrada<\/u><\/em><\/strong><\/p>\n<p><strong><em>\u00a0<\/em><\/strong><\/p>\n<p>Por meio desta, o abaixo assinado _________________________(<em>nome e sobrenome do consumidor que concluiu o contrato<\/em><em>)<\/em>, com o envio desta notifico a rescis\u00e3o do contrato de venda dos seguintes bens, pedidos em <em>______________ (inserir data de conclus\u00e3o do contrato) <\/em>e recebidos em<em>______________________(data de recebimento das mercadorias).<\/em><\/p>\n<p>Assumo o compromisso de devolver as mercadorias, arcando com os custos, sem atraso, e dentro de 14 dias \u00fateis a partir da data deste documento. Simultaneamente, solicito o reembolso de todos os pagamentos feitos por mim, equivalentes a _____________________ <em>(inserir o valor pago) <\/em>atrav\u00e9s de <em>___________________________ (inserir o m\u00e9todo de pagamento utilizado para pagar o pre\u00e7o, por exemplo: transfer\u00eancia banc\u00e1ria &#8211; c\u00f3digo IBAN (usado em transfer\u00eancias dentro da Europa; transfer\u00eancias internacionais requerem tamb\u00e9m o c\u00f3digo BIC) ou ent\u00e3o, por exemplo, cr\u00e9dito no cart\u00e3o de cr\u00e9dito utilizado para o pagamento) dentro do mesmo prazo. <\/em>Para tal, anexo documenta\u00e7\u00e3o fiscal que atesta o pagamento efetuado.<\/p>\n<p><em>\u00a0<\/em><\/p>\n<p>Atenciosamente,<\/p>\n<p>Assinatura<\/p>\n","protected":false},"excerpt":{"rendered":"<p>Formul\u00e1rio de rescis\u00e3o \u00a0 \u00a0 \u00a0 Local\u00a0 \u00a0 \u00a0 \u00a0 \u00a0 \u00a0 \u00a0 \u00a0 \u00a0 \u00a0 \u00a0 \u00a0 \u00a0 \u00a0Data\u00a0\u00a0\u00a0\u00a0\u00a0\u00a0\u00a0\u00a0\u00a0\u00a0\u00a0\u00a0\u00a0\u00a0\u00a0\u00a0\u00a0\u00a0\u00a0\u00a0\u00a0\u00a0\u00a0\u00a0\u00a0\u00a0\u00a0 Prezada Melius S.r.l. Via Beniamino Ubaldi snc 06024 \u2013 Gubbio (PG) &#8211; It\u00e1lia Enviado por e-mail para: meliussrl@pec.it Ou ent\u00e3o [&hellip;]<\/p>\n","protected":false},"author":145,"featured_media":0,"parent":0,"menu_order":0,"comment_status":"closed","ping_status":"closed","template":"","meta":{"footnotes":""},"class_list":["post-10267","page","type-page","status-publish","hentry"],"yoast_head":"<!-- This site is optimized with the Yoast SEO plugin v25.0 - https:\/\/yoast.com\/wordpress\/plugins\/seo\/ -->\n<title>FORMUL\u00c1RIO DE RESCIS\u00c3O | My Monacelli Italy<\/title>\n<meta name=\"robots\" content=\"index, follow, max-snippet:-1, max-image-preview:large, max-video-preview:-1\" \/>\n<link rel=\"canonical\" href=\"https:\/\/www.mymonacelliitaly.com\/pt-br\/formulario-de-rescisao\/\" \/>\n<meta property=\"og:locale\" content=\"en_US\" \/>\n<meta property=\"og:type\" content=\"article\" \/>\n<meta property=\"og:title\" content=\"FORMUL\u00c1RIO DE RESCIS\u00c3O | My Monacelli Italy\" \/>\n<meta property=\"og:description\" content=\"Formul\u00e1rio de rescis\u00e3o \u00a0 \u00a0 \u00a0 Local\u00a0 \u00a0 \u00a0 \u00a0 \u00a0 \u00a0 \u00a0 \u00a0 \u00a0 \u00a0 \u00a0 \u00a0 \u00a0 \u00a0Data\u00a0\u00a0\u00a0\u00a0\u00a0\u00a0\u00a0\u00a0\u00a0\u00a0\u00a0\u00a0\u00a0\u00a0\u00a0\u00a0\u00a0\u00a0\u00a0\u00a0\u00a0\u00a0\u00a0\u00a0\u00a0\u00a0\u00a0 Prezada Melius S.r.l. Via Beniamino Ubaldi snc 06024 \u2013 Gubbio (PG) &#8211; It\u00e1lia Enviado por e-mail para: meliussrl@pec.it Ou ent\u00e3o [&hellip;]\" \/>\n<meta property=\"og:url\" content=\"https:\/\/www.mymonacelliitaly.com\/pt-br\/formulario-de-rescisao\/\" \/>\n<meta property=\"og:site_name\" content=\"My Monacelli Italy\" \/>\n<meta property=\"article:publisher\" content=\"https:\/\/www.facebook.com\/monacelliitaly\" \/>\n<meta property=\"article:modified_time\" content=\"2021-05-13T12:52:03+00:00\" \/>\n<meta name=\"twitter:card\" content=\"summary_large_image\" \/>\n<meta name=\"twitter:label1\" content=\"Est. reading time\" \/>\n\t<meta name=\"twitter:data1\" content=\"1 minute\" \/>\n<script type=\"application\/ld+json\" class=\"yoast-schema-graph\">{\"@context\":\"https:\/\/schema.org\",\"@graph\":[{\"@type\":\"WebPage\",\"@id\":\"https:\/\/www.mymonacelliitaly.com\/pt-br\/formulario-de-rescisao\/\",\"url\":\"https:\/\/www.mymonacelliitaly.com\/pt-br\/formulario-de-rescisao\/\",\"name\":\"FORMUL\u00c1RIO DE RESCIS\u00c3O | My Monacelli Italy\",\"isPartOf\":{\"@id\":\"https:\/\/www.mymonacelliitaly.com\/pt-br\/#website\"},\"datePublished\":\"2021-05-13T12:51:57+00:00\",\"dateModified\":\"2021-05-13T12:52:03+00:00\",\"breadcrumb\":{\"@id\":\"https:\/\/www.mymonacelliitaly.com\/pt-br\/formulario-de-rescisao\/#breadcrumb\"},\"inLanguage\":\"BR\",\"potentialAction\":[{\"@type\":\"ReadAction\",\"target\":[\"https:\/\/www.mymonacelliitaly.com\/pt-br\/formulario-de-rescisao\/\"]}]},{\"@type\":\"BreadcrumbList\",\"@id\":\"https:\/\/www.mymonacelliitaly.com\/pt-br\/formulario-de-rescisao\/#breadcrumb\",\"itemListElement\":[{\"@type\":\"ListItem\",\"position\":1,\"name\":\"Home\",\"item\":\"https:\/\/www.mymonacelliitaly.com\/pt-br\/\"},{\"@type\":\"ListItem\",\"position\":2,\"name\":\"FORMUL\u00c1RIO DE RESCIS\u00c3O\"}]},{\"@type\":\"WebSite\",\"@id\":\"https:\/\/www.mymonacelliitaly.com\/pt-br\/#website\",\"url\":\"https:\/\/www.mymonacelliitaly.com\/pt-br\/\",\"name\":\"My Monacelli Italy\",\"description\":\"L\u2019unica azienda cosmetica certificata come \u201cazienda di sviluppo\u201d.\",\"publisher\":{\"@id\":\"https:\/\/www.mymonacelliitaly.com\/pt-br\/#organization\"},\"potentialAction\":[{\"@type\":\"SearchAction\",\"target\":{\"@type\":\"EntryPoint\",\"urlTemplate\":\"https:\/\/www.mymonacelliitaly.com\/pt-br\/?s={search_term_string}\"},\"query-input\":{\"@type\":\"PropertyValueSpecification\",\"valueRequired\":true,\"valueName\":\"search_term_string\"}}],\"inLanguage\":\"BR\"},{\"@type\":\"Organization\",\"@id\":\"https:\/\/www.mymonacelliitaly.com\/pt-br\/#organization\",\"name\":\"Monacelli Italy\",\"url\":\"https:\/\/www.mymonacelliitaly.com\/pt-br\/\",\"logo\":{\"@type\":\"ImageObject\",\"inLanguage\":\"BR\",\"@id\":\"https:\/\/www.mymonacelliitaly.com\/pt-br\/#\/schema\/logo\/image\/\",\"url\":\"https:\/\/www.mymonacelliitaly.com\/wp-content\/uploads\/2020\/10\/logo-bn_FONDO-BIANCO.jpg\",\"contentUrl\":\"https:\/\/www.mymonacelliitaly.com\/wp-content\/uploads\/2020\/10\/logo-bn_FONDO-BIANCO.jpg\",\"width\":1074,\"height\":401,\"caption\":\"Monacelli Italy\"},\"image\":{\"@id\":\"https:\/\/www.mymonacelliitaly.com\/pt-br\/#\/schema\/logo\/image\/\"},\"sameAs\":[\"https:\/\/www.facebook.com\/monacelliitaly\"]}]}<\/script>\n<!-- \/ Yoast SEO plugin. -->","yoast_head_json":{"title":"FORMUL\u00c1RIO DE RESCIS\u00c3O | My Monacelli Italy","robots":{"index":"index","follow":"follow","max-snippet":"max-snippet:-1","max-image-preview":"max-image-preview:large","max-video-preview":"max-video-preview:-1"},"canonical":"https:\/\/www.mymonacelliitaly.com\/pt-br\/formulario-de-rescisao\/","og_locale":"en_US","og_type":"article","og_title":"FORMUL\u00c1RIO DE RESCIS\u00c3O | My Monacelli Italy","og_description":"Formul\u00e1rio de rescis\u00e3o \u00a0 \u00a0 \u00a0 Local\u00a0 \u00a0 \u00a0 \u00a0 \u00a0 \u00a0 \u00a0 \u00a0 \u00a0 \u00a0 \u00a0 \u00a0 \u00a0 \u00a0Data\u00a0\u00a0\u00a0\u00a0\u00a0\u00a0\u00a0\u00a0\u00a0\u00a0\u00a0\u00a0\u00a0\u00a0\u00a0\u00a0\u00a0\u00a0\u00a0\u00a0\u00a0\u00a0\u00a0\u00a0\u00a0\u00a0\u00a0 Prezada Melius S.r.l. Via Beniamino Ubaldi snc 06024 \u2013 Gubbio (PG) &#8211; It\u00e1lia Enviado por e-mail para: meliussrl@pec.it Ou ent\u00e3o [&hellip;]","og_url":"https:\/\/www.mymonacelliitaly.com\/pt-br\/formulario-de-rescisao\/","og_site_name":"My Monacelli Italy","article_publisher":"https:\/\/www.facebook.com\/monacelliitaly","article_modified_time":"2021-05-13T12:52:03+00:00","twitter_card":"summary_large_image","twitter_misc":{"Est. reading time":"1 minute"},"schema":{"@context":"https:\/\/schema.org","@graph":[{"@type":"WebPage","@id":"https:\/\/www.mymonacelliitaly.com\/pt-br\/formulario-de-rescisao\/","url":"https:\/\/www.mymonacelliitaly.com\/pt-br\/formulario-de-rescisao\/","name":"FORMUL\u00c1RIO DE RESCIS\u00c3O | My Monacelli Italy","isPartOf":{"@id":"https:\/\/www.mymonacelliitaly.com\/pt-br\/#website"},"datePublished":"2021-05-13T12:51:57+00:00","dateModified":"2021-05-13T12:52:03+00:00","breadcrumb":{"@id":"https:\/\/www.mymonacelliitaly.com\/pt-br\/formulario-de-rescisao\/#breadcrumb"},"inLanguage":"BR","potentialAction":[{"@type":"ReadAction","target":["https:\/\/www.mymonacelliitaly.com\/pt-br\/formulario-de-rescisao\/"]}]},{"@type":"BreadcrumbList","@id":"https:\/\/www.mymonacelliitaly.com\/pt-br\/formulario-de-rescisao\/#breadcrumb","itemListElement":[{"@type":"ListItem","position":1,"name":"Home","item":"https:\/\/www.mymonacelliitaly.com\/pt-br\/"},{"@type":"ListItem","position":2,"name":"FORMUL\u00c1RIO DE RESCIS\u00c3O"}]},{"@type":"WebSite","@id":"https:\/\/www.mymonacelliitaly.com\/pt-br\/#website","url":"https:\/\/www.mymonacelliitaly.com\/pt-br\/","name":"My Monacelli Italy","description":"L\u2019unica azienda cosmetica certificata come \u201cazienda di sviluppo\u201d.","publisher":{"@id":"https:\/\/www.mymonacelliitaly.com\/pt-br\/#organization"},"potentialAction":[{"@type":"SearchAction","target":{"@type":"EntryPoint","urlTemplate":"https:\/\/www.mymonacelliitaly.com\/pt-br\/?s={search_term_string}"},"query-input":{"@type":"PropertyValueSpecification","valueRequired":true,"valueName":"search_term_string"}}],"inLanguage":"BR"},{"@type":"Organization","@id":"https:\/\/www.mymonacelliitaly.com\/pt-br\/#organization","name":"Monacelli Italy","url":"https:\/\/www.mymonacelliitaly.com\/pt-br\/","logo":{"@type":"ImageObject","inLanguage":"BR","@id":"https:\/\/www.mymonacelliitaly.com\/pt-br\/#\/schema\/logo\/image\/","url":"https:\/\/www.mymonacelliitaly.com\/wp-content\/uploads\/2020\/10\/logo-bn_FONDO-BIANCO.jpg","contentUrl":"https:\/\/www.mymonacelliitaly.com\/wp-content\/uploads\/2020\/10\/logo-bn_FONDO-BIANCO.jpg","width":1074,"height":401,"caption":"Monacelli Italy"},"image":{"@id":"https:\/\/www.mymonacelliitaly.com\/pt-br\/#\/schema\/logo\/image\/"},"sameAs":["https:\/\/www.facebook.com\/monacelliitaly"]}]}},"_links":{"self":[{"href":"https:\/\/www.mymonacelliitaly.com\/pt-br\/wp-json\/wp\/v2\/pages\/10267","targetHints":{"allow":["GET"]}}],"collection":[{"href":"https:\/\/www.mymonacelliitaly.com\/pt-br\/wp-json\/wp\/v2\/pages"}],"about":[{"href":"https:\/\/www.mymonacelliitaly.com\/pt-br\/wp-json\/wp\/v2\/types\/page"}],"author":[{"embeddable":true,"href":"https:\/\/www.mymonacelliitaly.com\/pt-br\/wp-json\/wp\/v2\/users\/145"}],"replies":[{"embeddable":true,"href":"https:\/\/www.mymonacelliitaly.com\/pt-br\/wp-json\/wp\/v2\/comments?post=10267"}],"version-history":[{"count":1,"href":"https:\/\/www.mymonacelliitaly.com\/pt-br\/wp-json\/wp\/v2\/pages\/10267\/revisions"}],"predecessor-version":[{"id":10268,"href":"https:\/\/www.mymonacelliitaly.com\/pt-br\/wp-json\/wp\/v2\/pages\/10267\/revisions\/10268"}],"wp:attachment":[{"href":"https:\/\/www.mymonacelliitaly.com\/pt-br\/wp-json\/wp\/v2\/media?parent=10267"}],"curies":[{"name":"wp","href":"https:\/\/api.w.org\/{rel}","templated":true}]}}