












{"id":10047,"date":"2021-05-12T13:56:51","date_gmt":"2021-05-12T12:56:51","guid":{"rendered":"https:\/\/www.mymonacelliitaly.com\/?page_id=10047"},"modified":"2021-05-12T14:39:30","modified_gmt":"2021-05-12T13:39:30","slug":"curso-metodo-de-coloracao-3-nivel","status":"publish","type":"page","link":"https:\/\/www.mymonacelliitaly.com\/pt-br\/curso-metodo-de-coloracao-3-nivel\/","title":{"rendered":"Curso M\u00c9TODO DE COLORA\u00c7\u00c3O 3\u00b0 N\u00cdVEL"},"content":{"rendered":"<section class=\"wpb-content-wrapper\"><p>[vc_row][vc_column width=&#8221;1\/4&#8243;][\/vc_column][vc_column width=&#8221;1\/2&#8243;][vc_empty_space][vc_column_text]<\/p>\n<p style=\"text-align: left;\"><div class=\"_3d-flip-book  fb3d-fullscreen-mode full-size\" data-id=\"7721\" data-mode=\"fullscreen\" data-title=\"false\" data-template=\"white-book-view\" data-lightbox=\"dark\" data-urlparam=\"fb3d-page\" data-page-n=\"0\" data-pdf=\"\" data-tax=\"null\" data-thumbnail=\"\" data-cols=\"3\"><\/div>\n<p>[\/vc_column_text][vc_column_text]<\/p>\n<p style=\"text-align: center;\"><a style=\"color: #fff;\" href=\"https:\/\/www.mymonacelliitaly.com\/wp-content\/uploads\/2020\/12\/MET.COLORE-3\u00b0LIV._COLORE-CREATIVO.pdf\">Download<\/a><\/p>\n<p>[\/vc_column_text][\/vc_column][vc_column width=&#8221;1\/4&#8243;][\/vc_column][\/vc_row]<\/p>\n<\/section>","protected":false},"excerpt":{"rendered":"<p>[vc_row][vc_column width=&#8221;1\/4&#8243;][\/vc_column][vc_column width=&#8221;1\/2&#8243;][vc_empty_space][vc_column_text] [\/vc_column_text][vc_column_text] Download [\/vc_column_text][\/vc_column][vc_column width=&#8221;1\/4&#8243;][\/vc_column][\/vc_row]<\/p>\n","protected":false},"author":145,"featured_media":0,"parent":0,"menu_order":0,"comment_status":"closed","ping_status":"closed","template":"pro-page.php","meta":{"footnotes":""},"class_list":["post-10047","page","type-page","status-publish","hentry"],"yoast_head":"<!-- This site is optimized with the Yoast SEO plugin v25.0 - https:\/\/yoast.com\/wordpress\/plugins\/seo\/ -->\n<title>Curso M\u00c9TODO DE COLORA\u00c7\u00c3O 3\u00b0 N\u00cdVEL | My Monacelli Italy<\/title>\n<meta name=\"robots\" content=\"index, follow, max-snippet:-1, max-image-preview:large, max-video-preview:-1\" \/>\n<link rel=\"canonical\" href=\"https:\/\/www.mymonacelliitaly.com\/pt-br\/curso-metodo-de-coloracao-3-nivel\/\" \/>\n<meta property=\"og:locale\" content=\"en_US\" \/>\n<meta property=\"og:type\" content=\"article\" \/>\n<meta property=\"og:title\" content=\"Curso M\u00c9TODO DE COLORA\u00c7\u00c3O 3\u00b0 N\u00cdVEL | My Monacelli Italy\" \/>\n<meta property=\"og:description\" content=\"[vc_row][vc_column width=&#8221;1\/4&#8243;][\/vc_column][vc_column width=&#8221;1\/2&#8243;][vc_empty_space][vc_column_text] [\/vc_column_text][vc_column_text] Download [\/vc_column_text][\/vc_column][vc_column width=&#8221;1\/4&#8243;][\/vc_column][\/vc_row]\" \/>\n<meta property=\"og:url\" content=\"https:\/\/www.mymonacelliitaly.com\/pt-br\/curso-metodo-de-coloracao-3-nivel\/\" \/>\n<meta property=\"og:site_name\" content=\"My Monacelli Italy\" \/>\n<meta property=\"article:publisher\" content=\"https:\/\/www.facebook.com\/monacelliitaly\" \/>\n<meta property=\"article:modified_time\" content=\"2021-05-12T13:39:30+00:00\" \/>\n<meta name=\"twitter:card\" content=\"summary_large_image\" \/>\n<script type=\"application\/ld+json\" class=\"yoast-schema-graph\">{\"@context\":\"https:\/\/schema.org\",\"@graph\":[{\"@type\":\"WebPage\",\"@id\":\"https:\/\/www.mymonacelliitaly.com\/pt-br\/curso-metodo-de-coloracao-3-nivel\/\",\"url\":\"https:\/\/www.mymonacelliitaly.com\/pt-br\/curso-metodo-de-coloracao-3-nivel\/\",\"name\":\"Curso M\u00c9TODO DE COLORA\u00c7\u00c3O 3\u00b0 N\u00cdVEL | My Monacelli Italy\",\"isPartOf\":{\"@id\":\"https:\/\/www.mymonacelliitaly.com\/pt-br\/#website\"},\"datePublished\":\"2021-05-12T12:56:51+00:00\",\"dateModified\":\"2021-05-12T13:39:30+00:00\",\"breadcrumb\":{\"@id\":\"https:\/\/www.mymonacelliitaly.com\/pt-br\/curso-metodo-de-coloracao-3-nivel\/#breadcrumb\"},\"inLanguage\":\"BR\",\"potentialAction\":[{\"@type\":\"ReadAction\",\"target\":[\"https:\/\/www.mymonacelliitaly.com\/pt-br\/curso-metodo-de-coloracao-3-nivel\/\"]}]},{\"@type\":\"BreadcrumbList\",\"@id\":\"https:\/\/www.mymonacelliitaly.com\/pt-br\/curso-metodo-de-coloracao-3-nivel\/#breadcrumb\",\"itemListElement\":[{\"@type\":\"ListItem\",\"position\":1,\"name\":\"Home\",\"item\":\"https:\/\/www.mymonacelliitaly.com\/pt-br\/\"},{\"@type\":\"ListItem\",\"position\":2,\"name\":\"Curso M\u00c9TODO DE COLORA\u00c7\u00c3O 3\u00b0 N\u00cdVEL\"}]},{\"@type\":\"WebSite\",\"@id\":\"https:\/\/www.mymonacelliitaly.com\/pt-br\/#website\",\"url\":\"https:\/\/www.mymonacelliitaly.com\/pt-br\/\",\"name\":\"My Monacelli Italy\",\"description\":\"L\u2019unica azienda cosmetica certificata come \u201cazienda di sviluppo\u201d.\",\"publisher\":{\"@id\":\"https:\/\/www.mymonacelliitaly.com\/pt-br\/#organization\"},\"potentialAction\":[{\"@type\":\"SearchAction\",\"target\":{\"@type\":\"EntryPoint\",\"urlTemplate\":\"https:\/\/www.mymonacelliitaly.com\/pt-br\/?s={search_term_string}\"},\"query-input\":{\"@type\":\"PropertyValueSpecification\",\"valueRequired\":true,\"valueName\":\"search_term_string\"}}],\"inLanguage\":\"BR\"},{\"@type\":\"Organization\",\"@id\":\"https:\/\/www.mymonacelliitaly.com\/pt-br\/#organization\",\"name\":\"Monacelli Italy\",\"url\":\"https:\/\/www.mymonacelliitaly.com\/pt-br\/\",\"logo\":{\"@type\":\"ImageObject\",\"inLanguage\":\"BR\",\"@id\":\"https:\/\/www.mymonacelliitaly.com\/pt-br\/#\/schema\/logo\/image\/\",\"url\":\"https:\/\/www.mymonacelliitaly.com\/wp-content\/uploads\/2020\/10\/logo-bn_FONDO-BIANCO.jpg\",\"contentUrl\":\"https:\/\/www.mymonacelliitaly.com\/wp-content\/uploads\/2020\/10\/logo-bn_FONDO-BIANCO.jpg\",\"width\":1074,\"height\":401,\"caption\":\"Monacelli Italy\"},\"image\":{\"@id\":\"https:\/\/www.mymonacelliitaly.com\/pt-br\/#\/schema\/logo\/image\/\"},\"sameAs\":[\"https:\/\/www.facebook.com\/monacelliitaly\"]}]}<\/script>\n<!-- \/ Yoast SEO plugin. -->","yoast_head_json":{"title":"Curso M\u00c9TODO DE COLORA\u00c7\u00c3O 3\u00b0 N\u00cdVEL | My Monacelli Italy","robots":{"index":"index","follow":"follow","max-snippet":"max-snippet:-1","max-image-preview":"max-image-preview:large","max-video-preview":"max-video-preview:-1"},"canonical":"https:\/\/www.mymonacelliitaly.com\/pt-br\/curso-metodo-de-coloracao-3-nivel\/","og_locale":"en_US","og_type":"article","og_title":"Curso M\u00c9TODO DE COLORA\u00c7\u00c3O 3\u00b0 N\u00cdVEL | My Monacelli Italy","og_description":"[vc_row][vc_column width=&#8221;1\/4&#8243;][\/vc_column][vc_column width=&#8221;1\/2&#8243;][vc_empty_space][vc_column_text] [\/vc_column_text][vc_column_text] Download [\/vc_column_text][\/vc_column][vc_column width=&#8221;1\/4&#8243;][\/vc_column][\/vc_row]","og_url":"https:\/\/www.mymonacelliitaly.com\/pt-br\/curso-metodo-de-coloracao-3-nivel\/","og_site_name":"My Monacelli Italy","article_publisher":"https:\/\/www.facebook.com\/monacelliitaly","article_modified_time":"2021-05-12T13:39:30+00:00","twitter_card":"summary_large_image","schema":{"@context":"https:\/\/schema.org","@graph":[{"@type":"WebPage","@id":"https:\/\/www.mymonacelliitaly.com\/pt-br\/curso-metodo-de-coloracao-3-nivel\/","url":"https:\/\/www.mymonacelliitaly.com\/pt-br\/curso-metodo-de-coloracao-3-nivel\/","name":"Curso M\u00c9TODO DE COLORA\u00c7\u00c3O 3\u00b0 N\u00cdVEL | My Monacelli Italy","isPartOf":{"@id":"https:\/\/www.mymonacelliitaly.com\/pt-br\/#website"},"datePublished":"2021-05-12T12:56:51+00:00","dateModified":"2021-05-12T13:39:30+00:00","breadcrumb":{"@id":"https:\/\/www.mymonacelliitaly.com\/pt-br\/curso-metodo-de-coloracao-3-nivel\/#breadcrumb"},"inLanguage":"BR","potentialAction":[{"@type":"ReadAction","target":["https:\/\/www.mymonacelliitaly.com\/pt-br\/curso-metodo-de-coloracao-3-nivel\/"]}]},{"@type":"BreadcrumbList","@id":"https:\/\/www.mymonacelliitaly.com\/pt-br\/curso-metodo-de-coloracao-3-nivel\/#breadcrumb","itemListElement":[{"@type":"ListItem","position":1,"name":"Home","item":"https:\/\/www.mymonacelliitaly.com\/pt-br\/"},{"@type":"ListItem","position":2,"name":"Curso M\u00c9TODO DE COLORA\u00c7\u00c3O 3\u00b0 N\u00cdVEL"}]},{"@type":"WebSite","@id":"https:\/\/www.mymonacelliitaly.com\/pt-br\/#website","url":"https:\/\/www.mymonacelliitaly.com\/pt-br\/","name":"My Monacelli Italy","description":"L\u2019unica azienda cosmetica certificata come \u201cazienda di sviluppo\u201d.","publisher":{"@id":"https:\/\/www.mymonacelliitaly.com\/pt-br\/#organization"},"potentialAction":[{"@type":"SearchAction","target":{"@type":"EntryPoint","urlTemplate":"https:\/\/www.mymonacelliitaly.com\/pt-br\/?s={search_term_string}"},"query-input":{"@type":"PropertyValueSpecification","valueRequired":true,"valueName":"search_term_string"}}],"inLanguage":"BR"},{"@type":"Organization","@id":"https:\/\/www.mymonacelliitaly.com\/pt-br\/#organization","name":"Monacelli Italy","url":"https:\/\/www.mymonacelliitaly.com\/pt-br\/","logo":{"@type":"ImageObject","inLanguage":"BR","@id":"https:\/\/www.mymonacelliitaly.com\/pt-br\/#\/schema\/logo\/image\/","url":"https:\/\/www.mymonacelliitaly.com\/wp-content\/uploads\/2020\/10\/logo-bn_FONDO-BIANCO.jpg","contentUrl":"https:\/\/www.mymonacelliitaly.com\/wp-content\/uploads\/2020\/10\/logo-bn_FONDO-BIANCO.jpg","width":1074,"height":401,"caption":"Monacelli Italy"},"image":{"@id":"https:\/\/www.mymonacelliitaly.com\/pt-br\/#\/schema\/logo\/image\/"},"sameAs":["https:\/\/www.facebook.com\/monacelliitaly"]}]}},"_links":{"self":[{"href":"https:\/\/www.mymonacelliitaly.com\/pt-br\/wp-json\/wp\/v2\/pages\/10047","targetHints":{"allow":["GET"]}}],"collection":[{"href":"https:\/\/www.mymonacelliitaly.com\/pt-br\/wp-json\/wp\/v2\/pages"}],"about":[{"href":"https:\/\/www.mymonacelliitaly.com\/pt-br\/wp-json\/wp\/v2\/types\/page"}],"author":[{"embeddable":true,"href":"https:\/\/www.mymonacelliitaly.com\/pt-br\/wp-json\/wp\/v2\/users\/145"}],"replies":[{"embeddable":true,"href":"https:\/\/www.mymonacelliitaly.com\/pt-br\/wp-json\/wp\/v2\/comments?post=10047"}],"version-history":[{"count":2,"href":"https:\/\/www.mymonacelliitaly.com\/pt-br\/wp-json\/wp\/v2\/pages\/10047\/revisions"}],"predecessor-version":[{"id":10094,"href":"https:\/\/www.mymonacelliitaly.com\/pt-br\/wp-json\/wp\/v2\/pages\/10047\/revisions\/10094"}],"wp:attachment":[{"href":"https:\/\/www.mymonacelliitaly.com\/pt-br\/wp-json\/wp\/v2\/media?parent=10047"}],"curies":[{"name":"wp","href":"https:\/\/api.w.org\/{rel}","templated":true}]}}