












{"id":11637,"date":"2021-10-18T15:53:50","date_gmt":"2021-10-18T14:53:50","guid":{"rendered":"https:\/\/www.mymonacelliitaly.com\/?post_type=product&#038;p=11637"},"modified":"2024-01-29T17:23:13","modified_gmt":"2024-01-29T16:23:13","slug":"dcolor","status":"publish","type":"product","link":"https:\/\/www.mymonacelliitaly.com\/en\/prodotto\/dcolor\/","title":{"rendered":"Dcolor"},"content":{"rendered":"<section class=\"wpb-content-wrapper\"><p>[vc_row][vc_column][vc_empty_space][vc_row_inner][vc_column_inner][vc_column_text]<\/p>\n<h2 style=\"text-align: center;\">LE NUANCE DCOLOR<\/h2>\n<h6 class=\"dark-product--slider__description\" style=\"text-align: center;\">Una linea versatile composta da 19 nuance perfettamente integrate nelle famiglie del sistema colore Monacelli Italy.<\/h6>\n<p>[\/vc_column_text][vc_empty_space][\/vc_column_inner][\/vc_row_inner][vc_images_carousel images=&#8221;12268,12265,12262&#8243; img_size=&#8221;full&#8221; onclick=&#8221;link_no&#8221; speed=&#8221;2500&#8243; autoplay=&#8221;yes&#8221; wrap=&#8221;yes&#8221;][\/vc_column][\/vc_row]<\/p>\n<h6 style=\"text-align: center;\">Non altera la melanina naturale del capello<\/h6>\n<h6 style=\"text-align: center;\">Svanisce naturalmente in 6-8 settimane<\/h6>\n<h6 style=\"text-align: center;\">Corregge i riflessi indesiderati<\/h6>\n<h6 style=\"text-align: center;\">Tonalizza i capelli precedentemente decolorati<\/h6>\n<h6 style=\"text-align: center;\">Applicare a capelli bagnati e lasciare in posa 2 minuti, risciacquare abbondantemente.<br \/>\nDermatologicamente testato.<br \/>\nAvvertenze:<br \/>\nEvitare il contatto con gli occhi, in caso di contatto con gli occhi, risciacquare accuratamente.<br \/>\nTenere lontano dalla portata dei bambini.<br \/>\nConservare in un luogo fresco e asciutto, lontano da fonti di calore.<\/h6>\n<p>&nbsp;<\/p>\n<p><img decoding=\"async\" class=\"size-full wp-image-11660 aligncenter\" src=\"https:\/\/www.mymonacelliitaly.com\/wp-content\/uploads\/2021\/10\/Dcolor_finale-2-e1634576715271.jpg\" alt=\"\" width=\"800\" height=\"600\" vspace=\"20\" \/><\/p>\n<p>&nbsp;<\/p>\n<p><center><img decoding=\"async\" class=\"alignnone size-full wp-image-11660\" src=\"https:\/\/www.mymonacelliitaly.com\/wp-content\/uploads\/2021\/11\/Dcolor_fila-e1636990800246.jpg\" alt=\"\" width=\"800\" height=\"600\" vspace=\"20\" \/><\/center>&nbsp;<\/p>\n<style type=\"text\/css\">\n     #pulsante {outline: none;cursor: pointer;text-align: center;text-decoration: none;font: bold 12px Arial, Helvetica, sans-serif;color: #F0F8FF;padding: 10px 20px;border: solid 1px #0076a3;background: #000000;border-radius: 10px 10px 10px 10px;}   <\/style>\n<p><center><br \/>\n<button id=\"pulsante\">GUARDA BROCHURE <\/button><\/center><br \/>\n[rev_slider alias=&#8221;slider-5&#8243; slidertitle=&#8221;Slider 5&#8243;][\/rev_slider]<\/p>\n<\/section>","protected":false},"excerpt":{"rendered":"<p>Non una nuova linea colore, ma un <strong>nuovo strumento<\/strong> che in sinergia con la decolorazione arricchisce e colpleta il Sistema Colore Monacelli Italy.<\/p>\n<p>La colorazione Demi-Permanente tono su tono a pH acido che dona una meravogliosa luminosit\u00e0 ed un colore omogeneo e profondo.<\/p>\n<p>Valorizza la brillentezza dei capelli recuperando e bilanciando la tonalit\u00e0.<\/p>\n<h6><strong>CAPACIT\u00c0<\/strong> 60 ml<\/h6>\n<h5><a href=\"https:\/\/www.mymonacelliitaly.com\/trova-salone\/\"><strong>Esclusivo da salone<\/strong><\/a><\/h5>\n","protected":false},"featured_media":12234,"comment_status":"open","ping_status":"closed","template":"","meta":[],"product_brand":[],"product_cat":[97],"product_tag":[],"class_list":{"0":"post-11637","1":"product","2":"type-product","3":"status-publish","4":"has-post-thumbnail","6":"product_cat-colore","8":"first","9":"instock","10":"shipping-taxable","11":"product-type-simple"},"yoast_head":"<!-- This site is optimized with the Yoast SEO plugin v25.0 - https:\/\/yoast.com\/wordpress\/plugins\/seo\/ -->\n<title>Dcolor | My Monacelli Italy<\/title>\n<meta name=\"description\" content=\"Non una nuova linea colore, ma un nuovo strumento che in sinergia con la decolorazione arricchisce e colpleta il Sistema Colore Monacelli Italy.  La colorazione Demi-Permanente tono su tono a pH acido che dona una meravogliosa luminosit\u00e0 ed un colore omogeneo e profondo.  Valorizza la brillentezza dei capelli recuperando e bilanciando la tonalit\u00e0. CAPACIT\u00c0 60 ml Esclusivo da salone\" \/>\n<meta name=\"robots\" content=\"index, follow, max-snippet:-1, max-image-preview:large, max-video-preview:-1\" \/>\n<link rel=\"canonical\" href=\"https:\/\/www.mymonacelliitaly.com\/en\/prodotto\/dcolor\/\" \/>\n<meta property=\"og:locale\" content=\"en_US\" \/>\n<meta property=\"og:type\" content=\"article\" \/>\n<meta property=\"og:title\" content=\"Dcolor | My Monacelli Italy\" \/>\n<meta property=\"og:description\" content=\"Non una nuova linea colore, ma un nuovo strumento che in sinergia con la decolorazione arricchisce e colpleta il Sistema Colore Monacelli Italy.  La colorazione Demi-Permanente tono su tono a pH acido che dona una meravogliosa luminosit\u00e0 ed un colore omogeneo e profondo.  Valorizza la brillentezza dei capelli recuperando e bilanciando la tonalit\u00e0. CAPACIT\u00c0 60 ml Esclusivo da salone\" \/>\n<meta property=\"og:url\" content=\"https:\/\/www.mymonacelliitaly.com\/en\/prodotto\/dcolor\/\" \/>\n<meta property=\"og:site_name\" content=\"My Monacelli Italy\" \/>\n<meta property=\"article:publisher\" content=\"https:\/\/www.facebook.com\/monacelliitaly\" \/>\n<meta property=\"article:modified_time\" content=\"2024-01-29T16:23:13+00:00\" \/>\n<meta property=\"og:image\" content=\"https:\/\/www.mymonacelliitaly.com\/wp-content\/uploads\/2021\/11\/impaginato-prodotti-monacelli-2-2.jpg\" \/>\n\t<meta property=\"og:image:width\" content=\"800\" \/>\n\t<meta property=\"og:image:height\" content=\"1071\" \/>\n\t<meta property=\"og:image:type\" content=\"image\/jpeg\" \/>\n<meta name=\"twitter:card\" content=\"summary_large_image\" \/>\n<meta name=\"twitter:label1\" content=\"Est. reading time\" \/>\n\t<meta name=\"twitter:data1\" content=\"1 minute\" \/>\n<script type=\"application\/ld+json\" class=\"yoast-schema-graph\">{\"@context\":\"https:\/\/schema.org\",\"@graph\":[{\"@type\":\"WebPage\",\"@id\":\"https:\/\/www.mymonacelliitaly.com\/en\/prodotto\/dcolor\/\",\"url\":\"https:\/\/www.mymonacelliitaly.com\/en\/prodotto\/dcolor\/\",\"name\":\"Dcolor | My Monacelli Italy\",\"isPartOf\":{\"@id\":\"https:\/\/www.mymonacelliitaly.com\/en\/#website\"},\"primaryImageOfPage\":{\"@id\":\"https:\/\/www.mymonacelliitaly.com\/en\/prodotto\/dcolor\/#primaryimage\"},\"image\":{\"@id\":\"https:\/\/www.mymonacelliitaly.com\/en\/prodotto\/dcolor\/#primaryimage\"},\"thumbnailUrl\":\"https:\/\/www.mymonacelliitaly.com\/wp-content\/uploads\/2021\/11\/impaginato-prodotti-monacelli-2-2.jpg\",\"datePublished\":\"2021-10-18T14:53:50+00:00\",\"dateModified\":\"2024-01-29T16:23:13+00:00\",\"description\":\"Non una nuova linea colore, ma un nuovo strumento che in sinergia con la decolorazione arricchisce e colpleta il Sistema Colore Monacelli Italy. La colorazione Demi-Permanente tono su tono a pH acido che dona una meravogliosa luminosit\u00e0 ed un colore omogeneo e profondo. Valorizza la brillentezza dei capelli recuperando e bilanciando la tonalit\u00e0. CAPACIT\u00c0 60 ml Esclusivo da salone\",\"breadcrumb\":{\"@id\":\"https:\/\/www.mymonacelliitaly.com\/en\/prodotto\/dcolor\/#breadcrumb\"},\"inLanguage\":\"en-US\",\"potentialAction\":[{\"@type\":\"ReadAction\",\"target\":[\"https:\/\/www.mymonacelliitaly.com\/en\/prodotto\/dcolor\/\"]}]},{\"@type\":\"ImageObject\",\"inLanguage\":\"en-US\",\"@id\":\"https:\/\/www.mymonacelliitaly.com\/en\/prodotto\/dcolor\/#primaryimage\",\"url\":\"https:\/\/www.mymonacelliitaly.com\/wp-content\/uploads\/2021\/11\/impaginato-prodotti-monacelli-2-2.jpg\",\"contentUrl\":\"https:\/\/www.mymonacelliitaly.com\/wp-content\/uploads\/2021\/11\/impaginato-prodotti-monacelli-2-2.jpg\",\"width\":800,\"height\":1071},{\"@type\":\"BreadcrumbList\",\"@id\":\"https:\/\/www.mymonacelliitaly.com\/en\/prodotto\/dcolor\/#breadcrumb\",\"itemListElement\":[{\"@type\":\"ListItem\",\"position\":1,\"name\":\"Home\",\"item\":\"https:\/\/www.mymonacelliitaly.com\/en\/\"},{\"@type\":\"ListItem\",\"position\":2,\"name\":\"Shop\",\"item\":\"https:\/\/www.mymonacelliitaly.com\/negozio\/\"},{\"@type\":\"ListItem\",\"position\":3,\"name\":\"Dcolor\"}]},{\"@type\":\"WebSite\",\"@id\":\"https:\/\/www.mymonacelliitaly.com\/en\/#website\",\"url\":\"https:\/\/www.mymonacelliitaly.com\/en\/\",\"name\":\"My Monacelli Italy\",\"description\":\"L\u2019unica azienda cosmetica certificata come \u201cazienda di sviluppo\u201d.\",\"publisher\":{\"@id\":\"https:\/\/www.mymonacelliitaly.com\/en\/#organization\"},\"potentialAction\":[{\"@type\":\"SearchAction\",\"target\":{\"@type\":\"EntryPoint\",\"urlTemplate\":\"https:\/\/www.mymonacelliitaly.com\/en\/?s={search_term_string}\"},\"query-input\":{\"@type\":\"PropertyValueSpecification\",\"valueRequired\":true,\"valueName\":\"search_term_string\"}}],\"inLanguage\":\"en-US\"},{\"@type\":\"Organization\",\"@id\":\"https:\/\/www.mymonacelliitaly.com\/en\/#organization\",\"name\":\"Monacelli Italy\",\"url\":\"https:\/\/www.mymonacelliitaly.com\/en\/\",\"logo\":{\"@type\":\"ImageObject\",\"inLanguage\":\"en-US\",\"@id\":\"https:\/\/www.mymonacelliitaly.com\/en\/#\/schema\/logo\/image\/\",\"url\":\"https:\/\/www.mymonacelliitaly.com\/wp-content\/uploads\/2020\/10\/logo-bn_FONDO-BIANCO.jpg\",\"contentUrl\":\"https:\/\/www.mymonacelliitaly.com\/wp-content\/uploads\/2020\/10\/logo-bn_FONDO-BIANCO.jpg\",\"width\":1074,\"height\":401,\"caption\":\"Monacelli Italy\"},\"image\":{\"@id\":\"https:\/\/www.mymonacelliitaly.com\/en\/#\/schema\/logo\/image\/\"},\"sameAs\":[\"https:\/\/www.facebook.com\/monacelliitaly\"]}]}<\/script>\n<!-- \/ Yoast SEO plugin. -->","yoast_head_json":{"title":"Dcolor | My Monacelli Italy","description":"Non una nuova linea colore, ma un nuovo strumento che in sinergia con la decolorazione arricchisce e colpleta il Sistema Colore Monacelli Italy.  La colorazione Demi-Permanente tono su tono a pH acido che dona una meravogliosa luminosit\u00e0 ed un colore omogeneo e profondo.  Valorizza la brillentezza dei capelli recuperando e bilanciando la tonalit\u00e0. CAPACIT\u00c0 60 ml Esclusivo da salone","robots":{"index":"index","follow":"follow","max-snippet":"max-snippet:-1","max-image-preview":"max-image-preview:large","max-video-preview":"max-video-preview:-1"},"canonical":"https:\/\/www.mymonacelliitaly.com\/en\/prodotto\/dcolor\/","og_locale":"en_US","og_type":"article","og_title":"Dcolor | My Monacelli Italy","og_description":"Non una nuova linea colore, ma un nuovo strumento che in sinergia con la decolorazione arricchisce e colpleta il Sistema Colore Monacelli Italy.  La colorazione Demi-Permanente tono su tono a pH acido che dona una meravogliosa luminosit\u00e0 ed un colore omogeneo e profondo.  Valorizza la brillentezza dei capelli recuperando e bilanciando la tonalit\u00e0. CAPACIT\u00c0 60 ml Esclusivo da salone","og_url":"https:\/\/www.mymonacelliitaly.com\/en\/prodotto\/dcolor\/","og_site_name":"My Monacelli Italy","article_publisher":"https:\/\/www.facebook.com\/monacelliitaly","article_modified_time":"2024-01-29T16:23:13+00:00","og_image":[{"width":800,"height":1071,"url":"https:\/\/www.mymonacelliitaly.com\/wp-content\/uploads\/2021\/11\/impaginato-prodotti-monacelli-2-2.jpg","type":"image\/jpeg"}],"twitter_card":"summary_large_image","twitter_misc":{"Est. reading time":"1 minute"},"schema":{"@context":"https:\/\/schema.org","@graph":[{"@type":"WebPage","@id":"https:\/\/www.mymonacelliitaly.com\/en\/prodotto\/dcolor\/","url":"https:\/\/www.mymonacelliitaly.com\/en\/prodotto\/dcolor\/","name":"Dcolor | My Monacelli Italy","isPartOf":{"@id":"https:\/\/www.mymonacelliitaly.com\/en\/#website"},"primaryImageOfPage":{"@id":"https:\/\/www.mymonacelliitaly.com\/en\/prodotto\/dcolor\/#primaryimage"},"image":{"@id":"https:\/\/www.mymonacelliitaly.com\/en\/prodotto\/dcolor\/#primaryimage"},"thumbnailUrl":"https:\/\/www.mymonacelliitaly.com\/wp-content\/uploads\/2021\/11\/impaginato-prodotti-monacelli-2-2.jpg","datePublished":"2021-10-18T14:53:50+00:00","dateModified":"2024-01-29T16:23:13+00:00","description":"Non una nuova linea colore, ma un nuovo strumento che in sinergia con la decolorazione arricchisce e colpleta il Sistema Colore Monacelli Italy. La colorazione Demi-Permanente tono su tono a pH acido che dona una meravogliosa luminosit\u00e0 ed un colore omogeneo e profondo. Valorizza la brillentezza dei capelli recuperando e bilanciando la tonalit\u00e0. CAPACIT\u00c0 60 ml Esclusivo da salone","breadcrumb":{"@id":"https:\/\/www.mymonacelliitaly.com\/en\/prodotto\/dcolor\/#breadcrumb"},"inLanguage":"en-US","potentialAction":[{"@type":"ReadAction","target":["https:\/\/www.mymonacelliitaly.com\/en\/prodotto\/dcolor\/"]}]},{"@type":"ImageObject","inLanguage":"en-US","@id":"https:\/\/www.mymonacelliitaly.com\/en\/prodotto\/dcolor\/#primaryimage","url":"https:\/\/www.mymonacelliitaly.com\/wp-content\/uploads\/2021\/11\/impaginato-prodotti-monacelli-2-2.jpg","contentUrl":"https:\/\/www.mymonacelliitaly.com\/wp-content\/uploads\/2021\/11\/impaginato-prodotti-monacelli-2-2.jpg","width":800,"height":1071},{"@type":"BreadcrumbList","@id":"https:\/\/www.mymonacelliitaly.com\/en\/prodotto\/dcolor\/#breadcrumb","itemListElement":[{"@type":"ListItem","position":1,"name":"Home","item":"https:\/\/www.mymonacelliitaly.com\/en\/"},{"@type":"ListItem","position":2,"name":"Shop","item":"https:\/\/www.mymonacelliitaly.com\/negozio\/"},{"@type":"ListItem","position":3,"name":"Dcolor"}]},{"@type":"WebSite","@id":"https:\/\/www.mymonacelliitaly.com\/en\/#website","url":"https:\/\/www.mymonacelliitaly.com\/en\/","name":"My Monacelli Italy","description":"L\u2019unica azienda cosmetica certificata come \u201cazienda di sviluppo\u201d.","publisher":{"@id":"https:\/\/www.mymonacelliitaly.com\/en\/#organization"},"potentialAction":[{"@type":"SearchAction","target":{"@type":"EntryPoint","urlTemplate":"https:\/\/www.mymonacelliitaly.com\/en\/?s={search_term_string}"},"query-input":{"@type":"PropertyValueSpecification","valueRequired":true,"valueName":"search_term_string"}}],"inLanguage":"en-US"},{"@type":"Organization","@id":"https:\/\/www.mymonacelliitaly.com\/en\/#organization","name":"Monacelli Italy","url":"https:\/\/www.mymonacelliitaly.com\/en\/","logo":{"@type":"ImageObject","inLanguage":"en-US","@id":"https:\/\/www.mymonacelliitaly.com\/en\/#\/schema\/logo\/image\/","url":"https:\/\/www.mymonacelliitaly.com\/wp-content\/uploads\/2020\/10\/logo-bn_FONDO-BIANCO.jpg","contentUrl":"https:\/\/www.mymonacelliitaly.com\/wp-content\/uploads\/2020\/10\/logo-bn_FONDO-BIANCO.jpg","width":1074,"height":401,"caption":"Monacelli Italy"},"image":{"@id":"https:\/\/www.mymonacelliitaly.com\/en\/#\/schema\/logo\/image\/"},"sameAs":["https:\/\/www.facebook.com\/monacelliitaly"]}]}},"_links":{"self":[{"href":"https:\/\/www.mymonacelliitaly.com\/en\/wp-json\/wp\/v2\/product\/11637","targetHints":{"allow":["GET"]}}],"collection":[{"href":"https:\/\/www.mymonacelliitaly.com\/en\/wp-json\/wp\/v2\/product"}],"about":[{"href":"https:\/\/www.mymonacelliitaly.com\/en\/wp-json\/wp\/v2\/types\/product"}],"replies":[{"embeddable":true,"href":"https:\/\/www.mymonacelliitaly.com\/en\/wp-json\/wp\/v2\/comments?post=11637"}],"wp:featuredmedia":[{"embeddable":true,"href":"https:\/\/www.mymonacelliitaly.com\/en\/wp-json\/wp\/v2\/media\/12234"}],"wp:attachment":[{"href":"https:\/\/www.mymonacelliitaly.com\/en\/wp-json\/wp\/v2\/media?parent=11637"}],"wp:term":[{"taxonomy":"product_brand","embeddable":true,"href":"https:\/\/www.mymonacelliitaly.com\/en\/wp-json\/wp\/v2\/product_brand?post=11637"},{"taxonomy":"product_cat","embeddable":true,"href":"https:\/\/www.mymonacelliitaly.com\/en\/wp-json\/wp\/v2\/product_cat?post=11637"},{"taxonomy":"product_tag","embeddable":true,"href":"https:\/\/www.mymonacelliitaly.com\/en\/wp-json\/wp\/v2\/product_tag?post=11637"}],"curies":[{"name":"wp","href":"https:\/\/api.w.org\/{rel}","templated":true}]}}