












{"id":11624,"date":"2021-10-18T15:55:15","date_gmt":"2021-10-18T14:55:15","guid":{"rendered":"https:\/\/www.mymonacelliitaly.com\/?post_type=product&#038;p=11624"},"modified":"2021-11-18T16:53:31","modified_gmt":"2021-11-18T15:53:31","slug":"sublime-oil","status":"publish","type":"product","link":"https:\/\/www.mymonacelliitaly.com\/en\/prodotto\/sublime-oil\/","title":{"rendered":"Sublime Oil"},"content":{"rendered":"<p>Aggiungere il 10% di SublimeOil alla miscela DColor e Gel Oxidant(Dcolor+Oxidant+SublimeOil).<br \/>\n<strong>Avvertenze<\/strong>:<br \/>\nIn caso di contatto con gli occhi, risciacquare accuratamente. Tenere lontano dalla portata dei bambini.<br \/>\nConservare in un luogo frescoe asciutto, lontano da fonti dicalore.<br \/>\nSOLO PER USO PROFESSIONALE.<\/p>\n<p><center><iframe title=\"YouTube video player\" src=\"https:\/\/www.youtube.com\/embed\/fxB5lSUPj4o\" width=\"560\" height=\"315\" frameborder=\"0\" allowfullscreen=\"allowfullscreen\"><\/iframe><\/center><\/p>\n","protected":false},"excerpt":{"rendered":"<p><strong>OLIO VEGETALE NUTRIENTE CHE FISSA E SUBLIMA LA BRILLANTEZZA DEL COLORE<\/strong>.<\/p>\n<p>&#8211; Aumenta la morbidezza e la corposit\u00e0 dei capelli.<\/p>\n<p>&#8211; Protegge il colore sulla fibra capillare rendendolo pi\u00f9 vibrante e luminoso.<\/p>\n<h6><strong>CAPACIT\u00c0 500 ml<\/strong><\/h6>\n<h5><a href=\"https:\/\/www.mymonacelliitaly.com\/trova-salone\/\"><strong>Esclusivo da salone<\/strong><\/a><\/h5>\n","protected":false},"featured_media":11503,"comment_status":"open","ping_status":"closed","template":"","meta":[],"product_brand":[],"product_cat":[97,96],"product_tag":[],"class_list":{"0":"post-11624","1":"product","2":"type-product","3":"status-publish","4":"has-post-thumbnail","6":"product_cat-colore","7":"product_cat-gold-per-la-ricostruzione-dei-capelli","9":"first","10":"instock","11":"shipping-taxable","12":"product-type-simple"},"yoast_head":"<!-- This site is optimized with the Yoast SEO plugin v25.0 - https:\/\/yoast.com\/wordpress\/plugins\/seo\/ -->\n<title>Sublime Oil | My Monacelli Italy<\/title>\n<meta name=\"description\" content=\"OLIO VEGETALE NUTRIENTE CHE FISSA E SUBLIMA LA BRILLANTEZZA DEL COLORE.  - Aumenta la morbidezza e la corposit\u00e0 dei capelli.  - Protegge il colore sulla fibra capillare rendendolo pi\u00f9 vibrante e luminoso. CAPACIT\u00c0 500 ml Esclusivo da salone\" \/>\n<meta name=\"robots\" content=\"index, follow, max-snippet:-1, max-image-preview:large, max-video-preview:-1\" \/>\n<link rel=\"canonical\" href=\"https:\/\/www.mymonacelliitaly.com\/en\/prodotto\/sublime-oil\/\" \/>\n<meta property=\"og:locale\" content=\"en_US\" \/>\n<meta property=\"og:type\" content=\"article\" \/>\n<meta property=\"og:title\" content=\"Sublime Oil | My Monacelli Italy\" \/>\n<meta property=\"og:description\" content=\"OLIO VEGETALE NUTRIENTE CHE FISSA E SUBLIMA LA BRILLANTEZZA DEL COLORE.  - Aumenta la morbidezza e la corposit\u00e0 dei capelli.  - Protegge il colore sulla fibra capillare rendendolo pi\u00f9 vibrante e luminoso. CAPACIT\u00c0 500 ml Esclusivo da salone\" \/>\n<meta property=\"og:url\" content=\"https:\/\/www.mymonacelliitaly.com\/en\/prodotto\/sublime-oil\/\" \/>\n<meta property=\"og:site_name\" content=\"My Monacelli Italy\" \/>\n<meta property=\"article:publisher\" content=\"https:\/\/www.facebook.com\/monacelliitaly\" \/>\n<meta property=\"article:modified_time\" content=\"2021-11-18T15:53:31+00:00\" \/>\n<meta property=\"og:image\" content=\"https:\/\/www.mymonacelliitaly.com\/wp-content\/uploads\/2021\/10\/impaginato-prodotti-monacelli-22.jpg\" \/>\n\t<meta property=\"og:image:width\" content=\"600\" \/>\n\t<meta property=\"og:image:height\" content=\"803\" \/>\n\t<meta property=\"og:image:type\" content=\"image\/jpeg\" \/>\n<meta name=\"twitter:card\" content=\"summary_large_image\" \/>\n<script type=\"application\/ld+json\" class=\"yoast-schema-graph\">{\"@context\":\"https:\/\/schema.org\",\"@graph\":[{\"@type\":\"WebPage\",\"@id\":\"https:\/\/www.mymonacelliitaly.com\/en\/prodotto\/sublime-oil\/\",\"url\":\"https:\/\/www.mymonacelliitaly.com\/en\/prodotto\/sublime-oil\/\",\"name\":\"Sublime Oil | My Monacelli Italy\",\"isPartOf\":{\"@id\":\"https:\/\/www.mymonacelliitaly.com\/en\/#website\"},\"primaryImageOfPage\":{\"@id\":\"https:\/\/www.mymonacelliitaly.com\/en\/prodotto\/sublime-oil\/#primaryimage\"},\"image\":{\"@id\":\"https:\/\/www.mymonacelliitaly.com\/en\/prodotto\/sublime-oil\/#primaryimage\"},\"thumbnailUrl\":\"https:\/\/www.mymonacelliitaly.com\/wp-content\/uploads\/2021\/10\/impaginato-prodotti-monacelli-22.jpg\",\"datePublished\":\"2021-10-18T14:55:15+00:00\",\"dateModified\":\"2021-11-18T15:53:31+00:00\",\"description\":\"OLIO VEGETALE NUTRIENTE CHE FISSA E SUBLIMA LA BRILLANTEZZA DEL COLORE. - Aumenta la morbidezza e la corposit\u00e0 dei capelli. - Protegge il colore sulla fibra capillare rendendolo pi\u00f9 vibrante e luminoso. CAPACIT\u00c0 500 ml Esclusivo da salone\",\"breadcrumb\":{\"@id\":\"https:\/\/www.mymonacelliitaly.com\/en\/prodotto\/sublime-oil\/#breadcrumb\"},\"inLanguage\":\"en-US\",\"potentialAction\":[{\"@type\":\"ReadAction\",\"target\":[\"https:\/\/www.mymonacelliitaly.com\/en\/prodotto\/sublime-oil\/\"]}]},{\"@type\":\"ImageObject\",\"inLanguage\":\"en-US\",\"@id\":\"https:\/\/www.mymonacelliitaly.com\/en\/prodotto\/sublime-oil\/#primaryimage\",\"url\":\"https:\/\/www.mymonacelliitaly.com\/wp-content\/uploads\/2021\/10\/impaginato-prodotti-monacelli-22.jpg\",\"contentUrl\":\"https:\/\/www.mymonacelliitaly.com\/wp-content\/uploads\/2021\/10\/impaginato-prodotti-monacelli-22.jpg\",\"width\":600,\"height\":803},{\"@type\":\"BreadcrumbList\",\"@id\":\"https:\/\/www.mymonacelliitaly.com\/en\/prodotto\/sublime-oil\/#breadcrumb\",\"itemListElement\":[{\"@type\":\"ListItem\",\"position\":1,\"name\":\"Home\",\"item\":\"https:\/\/www.mymonacelliitaly.com\/en\/\"},{\"@type\":\"ListItem\",\"position\":2,\"name\":\"Shop\",\"item\":\"https:\/\/www.mymonacelliitaly.com\/negozio\/\"},{\"@type\":\"ListItem\",\"position\":3,\"name\":\"Sublime Oil\"}]},{\"@type\":\"WebSite\",\"@id\":\"https:\/\/www.mymonacelliitaly.com\/en\/#website\",\"url\":\"https:\/\/www.mymonacelliitaly.com\/en\/\",\"name\":\"My Monacelli Italy\",\"description\":\"L\u2019unica azienda cosmetica certificata come \u201cazienda di sviluppo\u201d.\",\"publisher\":{\"@id\":\"https:\/\/www.mymonacelliitaly.com\/en\/#organization\"},\"potentialAction\":[{\"@type\":\"SearchAction\",\"target\":{\"@type\":\"EntryPoint\",\"urlTemplate\":\"https:\/\/www.mymonacelliitaly.com\/en\/?s={search_term_string}\"},\"query-input\":{\"@type\":\"PropertyValueSpecification\",\"valueRequired\":true,\"valueName\":\"search_term_string\"}}],\"inLanguage\":\"en-US\"},{\"@type\":\"Organization\",\"@id\":\"https:\/\/www.mymonacelliitaly.com\/en\/#organization\",\"name\":\"Monacelli Italy\",\"url\":\"https:\/\/www.mymonacelliitaly.com\/en\/\",\"logo\":{\"@type\":\"ImageObject\",\"inLanguage\":\"en-US\",\"@id\":\"https:\/\/www.mymonacelliitaly.com\/en\/#\/schema\/logo\/image\/\",\"url\":\"https:\/\/www.mymonacelliitaly.com\/wp-content\/uploads\/2020\/10\/logo-bn_FONDO-BIANCO.jpg\",\"contentUrl\":\"https:\/\/www.mymonacelliitaly.com\/wp-content\/uploads\/2020\/10\/logo-bn_FONDO-BIANCO.jpg\",\"width\":1074,\"height\":401,\"caption\":\"Monacelli Italy\"},\"image\":{\"@id\":\"https:\/\/www.mymonacelliitaly.com\/en\/#\/schema\/logo\/image\/\"},\"sameAs\":[\"https:\/\/www.facebook.com\/monacelliitaly\"]}]}<\/script>\n<!-- \/ Yoast SEO plugin. -->","yoast_head_json":{"title":"Sublime Oil | My Monacelli Italy","description":"OLIO VEGETALE NUTRIENTE CHE FISSA E SUBLIMA LA BRILLANTEZZA DEL COLORE.  - Aumenta la morbidezza e la corposit\u00e0 dei capelli.  - Protegge il colore sulla fibra capillare rendendolo pi\u00f9 vibrante e luminoso. CAPACIT\u00c0 500 ml Esclusivo da salone","robots":{"index":"index","follow":"follow","max-snippet":"max-snippet:-1","max-image-preview":"max-image-preview:large","max-video-preview":"max-video-preview:-1"},"canonical":"https:\/\/www.mymonacelliitaly.com\/en\/prodotto\/sublime-oil\/","og_locale":"en_US","og_type":"article","og_title":"Sublime Oil | My Monacelli Italy","og_description":"OLIO VEGETALE NUTRIENTE CHE FISSA E SUBLIMA LA BRILLANTEZZA DEL COLORE.  - Aumenta la morbidezza e la corposit\u00e0 dei capelli.  - Protegge il colore sulla fibra capillare rendendolo pi\u00f9 vibrante e luminoso. CAPACIT\u00c0 500 ml Esclusivo da salone","og_url":"https:\/\/www.mymonacelliitaly.com\/en\/prodotto\/sublime-oil\/","og_site_name":"My Monacelli Italy","article_publisher":"https:\/\/www.facebook.com\/monacelliitaly","article_modified_time":"2021-11-18T15:53:31+00:00","og_image":[{"width":600,"height":803,"url":"https:\/\/www.mymonacelliitaly.com\/wp-content\/uploads\/2021\/10\/impaginato-prodotti-monacelli-22.jpg","type":"image\/jpeg"}],"twitter_card":"summary_large_image","schema":{"@context":"https:\/\/schema.org","@graph":[{"@type":"WebPage","@id":"https:\/\/www.mymonacelliitaly.com\/en\/prodotto\/sublime-oil\/","url":"https:\/\/www.mymonacelliitaly.com\/en\/prodotto\/sublime-oil\/","name":"Sublime Oil | My Monacelli Italy","isPartOf":{"@id":"https:\/\/www.mymonacelliitaly.com\/en\/#website"},"primaryImageOfPage":{"@id":"https:\/\/www.mymonacelliitaly.com\/en\/prodotto\/sublime-oil\/#primaryimage"},"image":{"@id":"https:\/\/www.mymonacelliitaly.com\/en\/prodotto\/sublime-oil\/#primaryimage"},"thumbnailUrl":"https:\/\/www.mymonacelliitaly.com\/wp-content\/uploads\/2021\/10\/impaginato-prodotti-monacelli-22.jpg","datePublished":"2021-10-18T14:55:15+00:00","dateModified":"2021-11-18T15:53:31+00:00","description":"OLIO VEGETALE NUTRIENTE CHE FISSA E SUBLIMA LA BRILLANTEZZA DEL COLORE. - Aumenta la morbidezza e la corposit\u00e0 dei capelli. - Protegge il colore sulla fibra capillare rendendolo pi\u00f9 vibrante e luminoso. CAPACIT\u00c0 500 ml Esclusivo da salone","breadcrumb":{"@id":"https:\/\/www.mymonacelliitaly.com\/en\/prodotto\/sublime-oil\/#breadcrumb"},"inLanguage":"en-US","potentialAction":[{"@type":"ReadAction","target":["https:\/\/www.mymonacelliitaly.com\/en\/prodotto\/sublime-oil\/"]}]},{"@type":"ImageObject","inLanguage":"en-US","@id":"https:\/\/www.mymonacelliitaly.com\/en\/prodotto\/sublime-oil\/#primaryimage","url":"https:\/\/www.mymonacelliitaly.com\/wp-content\/uploads\/2021\/10\/impaginato-prodotti-monacelli-22.jpg","contentUrl":"https:\/\/www.mymonacelliitaly.com\/wp-content\/uploads\/2021\/10\/impaginato-prodotti-monacelli-22.jpg","width":600,"height":803},{"@type":"BreadcrumbList","@id":"https:\/\/www.mymonacelliitaly.com\/en\/prodotto\/sublime-oil\/#breadcrumb","itemListElement":[{"@type":"ListItem","position":1,"name":"Home","item":"https:\/\/www.mymonacelliitaly.com\/en\/"},{"@type":"ListItem","position":2,"name":"Shop","item":"https:\/\/www.mymonacelliitaly.com\/negozio\/"},{"@type":"ListItem","position":3,"name":"Sublime Oil"}]},{"@type":"WebSite","@id":"https:\/\/www.mymonacelliitaly.com\/en\/#website","url":"https:\/\/www.mymonacelliitaly.com\/en\/","name":"My Monacelli Italy","description":"L\u2019unica azienda cosmetica certificata come \u201cazienda di sviluppo\u201d.","publisher":{"@id":"https:\/\/www.mymonacelliitaly.com\/en\/#organization"},"potentialAction":[{"@type":"SearchAction","target":{"@type":"EntryPoint","urlTemplate":"https:\/\/www.mymonacelliitaly.com\/en\/?s={search_term_string}"},"query-input":{"@type":"PropertyValueSpecification","valueRequired":true,"valueName":"search_term_string"}}],"inLanguage":"en-US"},{"@type":"Organization","@id":"https:\/\/www.mymonacelliitaly.com\/en\/#organization","name":"Monacelli Italy","url":"https:\/\/www.mymonacelliitaly.com\/en\/","logo":{"@type":"ImageObject","inLanguage":"en-US","@id":"https:\/\/www.mymonacelliitaly.com\/en\/#\/schema\/logo\/image\/","url":"https:\/\/www.mymonacelliitaly.com\/wp-content\/uploads\/2020\/10\/logo-bn_FONDO-BIANCO.jpg","contentUrl":"https:\/\/www.mymonacelliitaly.com\/wp-content\/uploads\/2020\/10\/logo-bn_FONDO-BIANCO.jpg","width":1074,"height":401,"caption":"Monacelli Italy"},"image":{"@id":"https:\/\/www.mymonacelliitaly.com\/en\/#\/schema\/logo\/image\/"},"sameAs":["https:\/\/www.facebook.com\/monacelliitaly"]}]}},"_links":{"self":[{"href":"https:\/\/www.mymonacelliitaly.com\/en\/wp-json\/wp\/v2\/product\/11624","targetHints":{"allow":["GET"]}}],"collection":[{"href":"https:\/\/www.mymonacelliitaly.com\/en\/wp-json\/wp\/v2\/product"}],"about":[{"href":"https:\/\/www.mymonacelliitaly.com\/en\/wp-json\/wp\/v2\/types\/product"}],"replies":[{"embeddable":true,"href":"https:\/\/www.mymonacelliitaly.com\/en\/wp-json\/wp\/v2\/comments?post=11624"}],"wp:featuredmedia":[{"embeddable":true,"href":"https:\/\/www.mymonacelliitaly.com\/en\/wp-json\/wp\/v2\/media\/11503"}],"wp:attachment":[{"href":"https:\/\/www.mymonacelliitaly.com\/en\/wp-json\/wp\/v2\/media?parent=11624"}],"wp:term":[{"taxonomy":"product_brand","embeddable":true,"href":"https:\/\/www.mymonacelliitaly.com\/en\/wp-json\/wp\/v2\/product_brand?post=11624"},{"taxonomy":"product_cat","embeddable":true,"href":"https:\/\/www.mymonacelliitaly.com\/en\/wp-json\/wp\/v2\/product_cat?post=11624"},{"taxonomy":"product_tag","embeddable":true,"href":"https:\/\/www.mymonacelliitaly.com\/en\/wp-json\/wp\/v2\/product_tag?post=11624"}],"curies":[{"name":"wp","href":"https:\/\/api.w.org\/{rel}","templated":true}]}}